{"id":5485,"date":"2023-10-16T15:38:23","date_gmt":"2023-10-16T21:38:23","guid":{"rendered":"https:\/\/sorece.org\/maricela\/?post_type=product&#038;p=5485"},"modified":"2024-11-15T15:48:27","modified_gmt":"2024-11-15T21:48:27","slug":"introduccion-a-la-terapia-sistemica-y-posmoderna-desde-los-feminismos","status":"publish","type":"product","link":"https:\/\/sorece.org\/maricela\/producto\/introduccion-a-la-terapia-sistemica-y-posmoderna-desde-los-feminismos\/","title":{"rendered":"Introducci\u00f3n a la Terapia Sist\u00e9mica y Posmoderna Desde los Feminismos."},"content":{"rendered":"<p>Las Terapias sist\u00e9micas y posmodernas tienen sus or\u00edgenes en la d\u00e9cada de 1930, fueron una respuesta de apoyo a otras profesiones debido a las consecuencias psicosociales derivadas de la Primera Guerra Mundial, A partir de entonces, han seguido un camino de evoluci\u00f3n de ideas y pr\u00e1cticas que incluyen los feminismos como mirada cr\u00edtica a la atenci\u00f3n psicoterap\u00e9utica que busca ofrecerse desde estos enfoques, este curso representa un acercamiento hacia las bases te\u00f3ricas de las intervenciones terap\u00e9uticas que se implementan, as\u00ed como a sus aplicaciones dentro del \u00e1mbito de la atenci\u00f3n a consultantes.<\/p>\n<p><strong>Dirigido a<\/strong><\/p>\n<p>Trabajadores en el \u00e1rea de psicolog\u00eda o trabajo social (pasantes y titulados), interesadxs en ofrecer atenci\u00f3n<br \/>\npsicoterap\u00e9utica<\/p>\n<p><strong>Modalidad<\/strong><\/p>\n<p>Online, asincr\u00f3nico.<\/p>\n<p><strong>Coordina<\/strong><\/p>\n<p>Beatriz Valdivia Torres, Psicoterapeuta y tallerista feminista, Licenciada en Psicolog\u00eda y Maestra en Psicolog\u00eda con Residencia en Terapia Familiar por la Facultad de Psicolog\u00eda de la Universidad Nacional Aut\u00f3noma de M\u00e9xico. Desde 2012 a la fecha se ha dedicado a trabajar en temas relacionados a la atenci\u00f3n a la violencia desde la perspectiva feminista y los Derechos Humanos por medio de impartici\u00f3n de talleres y pl\u00e1ticas, adem\u00e1s de proporcionar psicoterapia individual y grupal.<\/p>\n<p>&nbsp;<\/p>\n<p><strong>EJES TEM\u00c1TICOS<\/strong><strong>\u00a0<\/strong><\/p>\n<p>Bases conceptuales:<\/p>\n<ul>\n<li>Surgimiento de la Terapia Sist\u00e9mica. Contexto hist\u00f3rico-social<\/li>\n<li>Teor\u00eda General de los Sistemas<\/li>\n<li>La Teor\u00eda de la comunicaci\u00f3n Humana<\/li>\n<li>Constructivismo y construccionismo social<\/li>\n<li>Las cr\u00edticas feministas<\/li>\n<\/ul>\n<p>Las Pr\u00e1cticas Terap\u00e9uticas<\/p>\n<ul>\n<li>La entrevista como una forma de intervenir<\/li>\n<li>\u00a0Las t\u00e9cnicas dentro de las terapias sist\u00e9mica y posmoderna<\/li>\n<li>\u00a0Posicionamiento y \u00bfneutralidad? en la relaci\u00f3n terap\u00e9utica<\/li>\n<li>\u00a0Integraci\u00f3n del uso de la postura pol\u00edtica en el acompa\u00f1amiento terap\u00e9utico<\/li>\n<li>\u00a0Emociones y corporalidad en terapia<\/li>\n<\/ul>\n<p>\u00a1Te esperamos!<\/p>\n","protected":false},"excerpt":{"rendered":"<p><span data-sheets-root=\"1\">Este curso representa un acercamiento hacia las bases te\u00f3ricas de las intervenciones terap\u00e9uticas que se implementan desde las terapias sist\u00e9micas y posmodernas con la mirada desde los feminismos, as\u00ed como a sus aplicaciones dentro del \u00e1mbito de la atenci\u00f3n a consultantes. El curso cuenta con ejercicios pr\u00e1cticos adem\u00e1s de la revisi\u00f3n te\u00f3rica de los fundamentos de las terapias sist\u00e9micas y posmodernas. <\/span><\/p>\n","protected":false},"featured_media":16740,"template":"","meta":{"give_campaign_id":0},"product_brand":[],"product_cat":[20],"product_tag":[],"class_list":{"0":"post-5485","1":"product","2":"type-product","3":"status-publish","4":"has-post-thumbnail","6":"product_cat-curso-online","8":"first","9":"instock","10":"sale","11":"virtual","12":"purchasable","13":"product-type-simple"},"yoast_head":"<!-- This site is optimized with the Yoast SEO Premium plugin v21.2 (Yoast SEO v27.1.1) - https:\/\/yoast.com\/product\/yoast-seo-premium-wordpress\/ -->\n<title>Introducci\u00f3n a la Terapia Sist\u00e9mica y Posmoderna Desde los Feminismos. - Sorece<\/title>\n<meta name=\"description\" content=\"Introducci\u00f3n a los principios te\u00f3ricos de las terapias sist\u00e9micas y posmodernas desde los feminismos para entender sus aplicaciones en la psicoterapia.\" \/>\n<meta name=\"robots\" content=\"index, follow, max-snippet:-1, max-image-preview:large, max-video-preview:-1\" \/>\n<link rel=\"canonical\" href=\"https:\/\/sorece.org\/maricela\/producto\/introduccion-a-la-terapia-sistemica-y-posmoderna-desde-los-feminismos\/\" \/>\n<meta property=\"og:locale\" content=\"es_ES\" \/>\n<meta property=\"og:type\" content=\"article\" \/>\n<meta property=\"og:title\" content=\"Introducci\u00f3n a la Terapia Sist\u00e9mica y Posmoderna Desde los Feminismos.\" \/>\n<meta property=\"og:description\" content=\"Introducci\u00f3n a los principios te\u00f3ricos de las terapias sist\u00e9micas y posmodernas desde los feminismos para entender sus aplicaciones en la psicoterapia.\" \/>\n<meta property=\"og:url\" content=\"https:\/\/sorece.org\/maricela\/producto\/introduccion-a-la-terapia-sistemica-y-posmoderna-desde-los-feminismos\/\" \/>\n<meta property=\"og:site_name\" content=\"Sorece\" \/>\n<meta property=\"article:modified_time\" content=\"2024-11-15T21:48:27+00:00\" \/>\n<meta property=\"og:image\" content=\"https:\/\/sorece.org\/maricela\/wp-content\/uploads\/2023\/10\/19facf43-e468-4cbf-9668-c3e220120bf0.jpg\" \/>\n\t<meta property=\"og:image:width\" content=\"800\" \/>\n\t<meta property=\"og:image:height\" content=\"800\" \/>\n\t<meta property=\"og:image:type\" content=\"image\/jpeg\" \/>\n<meta name=\"twitter:card\" content=\"summary_large_image\" \/>\n<meta name=\"twitter:label1\" content=\"Tiempo de lectura\" \/>\n\t<meta name=\"twitter:data1\" content=\"2 minutos\" \/>\n<script type=\"application\/ld+json\" class=\"yoast-schema-graph\">{\"@context\":\"https:\/\/schema.org\",\"@graph\":[{\"@type\":\"WebPage\",\"@id\":\"https:\/\/sorece.org\/maricela\/producto\/introduccion-a-la-terapia-sistemica-y-posmoderna-desde-los-feminismos\/\",\"url\":\"https:\/\/sorece.org\/maricela\/producto\/introduccion-a-la-terapia-sistemica-y-posmoderna-desde-los-feminismos\/\",\"name\":\"Introducci\u00f3n a la Terapia Sist\u00e9mica y Posmoderna Desde los Feminismos. - Sorece\",\"isPartOf\":{\"@id\":\"https:\/\/sorece.org\/maricela\/#website\"},\"primaryImageOfPage\":{\"@id\":\"https:\/\/sorece.org\/maricela\/producto\/introduccion-a-la-terapia-sistemica-y-posmoderna-desde-los-feminismos\/#primaryimage\"},\"image\":{\"@id\":\"https:\/\/sorece.org\/maricela\/producto\/introduccion-a-la-terapia-sistemica-y-posmoderna-desde-los-feminismos\/#primaryimage\"},\"thumbnailUrl\":\"https:\/\/sorece.org\/maricela\/wp-content\/uploads\/2023\/10\/19facf43-e468-4cbf-9668-c3e220120bf0.jpg\",\"datePublished\":\"2023-10-16T21:38:23+00:00\",\"dateModified\":\"2024-11-15T21:48:27+00:00\",\"description\":\"Introducci\u00f3n a los principios te\u00f3ricos de las terapias sist\u00e9micas y posmodernas desde los feminismos para entender sus aplicaciones en la psicoterapia.\",\"breadcrumb\":{\"@id\":\"https:\/\/sorece.org\/maricela\/producto\/introduccion-a-la-terapia-sistemica-y-posmoderna-desde-los-feminismos\/#breadcrumb\"},\"inLanguage\":\"es\",\"potentialAction\":[{\"@type\":\"ReadAction\",\"target\":[\"https:\/\/sorece.org\/maricela\/producto\/introduccion-a-la-terapia-sistemica-y-posmoderna-desde-los-feminismos\/\"]}]},{\"@type\":\"ImageObject\",\"inLanguage\":\"es\",\"@id\":\"https:\/\/sorece.org\/maricela\/producto\/introduccion-a-la-terapia-sistemica-y-posmoderna-desde-los-feminismos\/#primaryimage\",\"url\":\"https:\/\/sorece.org\/maricela\/wp-content\/uploads\/2023\/10\/19facf43-e468-4cbf-9668-c3e220120bf0.jpg\",\"contentUrl\":\"https:\/\/sorece.org\/maricela\/wp-content\/uploads\/2023\/10\/19facf43-e468-4cbf-9668-c3e220120bf0.jpg\",\"width\":800,\"height\":800},{\"@type\":\"BreadcrumbList\",\"@id\":\"https:\/\/sorece.org\/maricela\/producto\/introduccion-a-la-terapia-sistemica-y-posmoderna-desde-los-feminismos\/#breadcrumb\",\"itemListElement\":[{\"@type\":\"ListItem\",\"position\":1,\"name\":\"Home\",\"item\":\"https:\/\/sorece.org\/maricela\/\"},{\"@type\":\"ListItem\",\"position\":2,\"name\":\"Productos\",\"item\":\"https:\/\/sorece.org\/maricela\/shop\/\"},{\"@type\":\"ListItem\",\"position\":3,\"name\":\"Introducci\u00f3n a la Terapia Sist\u00e9mica y Posmoderna Desde los Feminismos.\"}]},{\"@type\":\"WebSite\",\"@id\":\"https:\/\/sorece.org\/maricela\/#website\",\"url\":\"https:\/\/sorece.org\/maricela\/\",\"name\":\"Sorece\",\"description\":\"Asociaci\u00f3n de Psic\u00f3logas Feminista\",\"publisher\":{\"@id\":\"https:\/\/sorece.org\/maricela\/#organization\"},\"potentialAction\":[{\"@type\":\"SearchAction\",\"target\":{\"@type\":\"EntryPoint\",\"urlTemplate\":\"https:\/\/sorece.org\/maricela\/?s={search_term_string}\"},\"query-input\":{\"@type\":\"PropertyValueSpecification\",\"valueRequired\":true,\"valueName\":\"search_term_string\"}}],\"inLanguage\":\"es\"},{\"@type\":\"Organization\",\"@id\":\"https:\/\/sorece.org\/maricela\/#organization\",\"name\":\"Sorece\",\"url\":\"https:\/\/sorece.org\/maricela\/\",\"logo\":{\"@type\":\"ImageObject\",\"inLanguage\":\"es\",\"@id\":\"https:\/\/sorece.org\/maricela\/#\/schema\/logo\/image\/\",\"url\":\"https:\/\/sorece.org\/maricela\/wp-content\/uploads\/2023\/02\/Sorece-logo-Registrada-1-e1737698924626.png\",\"contentUrl\":\"https:\/\/sorece.org\/maricela\/wp-content\/uploads\/2023\/02\/Sorece-logo-Registrada-1-e1737698924626.png\",\"width\":628,\"height\":730,\"caption\":\"Sorece\"},\"image\":{\"@id\":\"https:\/\/sorece.org\/maricela\/#\/schema\/logo\/image\/\"}}]}<\/script>\n<!-- \/ Yoast SEO Premium plugin. -->","yoast_head_json":{"title":"Introducci\u00f3n a la Terapia Sist\u00e9mica y Posmoderna Desde los Feminismos. - Sorece","description":"Introducci\u00f3n a los principios te\u00f3ricos de las terapias sist\u00e9micas y posmodernas desde los feminismos para entender sus aplicaciones en la psicoterapia.","robots":{"index":"index","follow":"follow","max-snippet":"max-snippet:-1","max-image-preview":"max-image-preview:large","max-video-preview":"max-video-preview:-1"},"canonical":"https:\/\/sorece.org\/maricela\/producto\/introduccion-a-la-terapia-sistemica-y-posmoderna-desde-los-feminismos\/","og_locale":"es_ES","og_type":"article","og_title":"Introducci\u00f3n a la Terapia Sist\u00e9mica y Posmoderna Desde los Feminismos.","og_description":"Introducci\u00f3n a los principios te\u00f3ricos de las terapias sist\u00e9micas y posmodernas desde los feminismos para entender sus aplicaciones en la psicoterapia.","og_url":"https:\/\/sorece.org\/maricela\/producto\/introduccion-a-la-terapia-sistemica-y-posmoderna-desde-los-feminismos\/","og_site_name":"Sorece","article_modified_time":"2024-11-15T21:48:27+00:00","og_image":[{"width":800,"height":800,"url":"https:\/\/sorece.org\/maricela\/wp-content\/uploads\/2023\/10\/19facf43-e468-4cbf-9668-c3e220120bf0.jpg","type":"image\/jpeg"}],"twitter_card":"summary_large_image","twitter_misc":{"Tiempo de lectura":"2 minutos"},"schema":{"@context":"https:\/\/schema.org","@graph":[{"@type":"WebPage","@id":"https:\/\/sorece.org\/maricela\/producto\/introduccion-a-la-terapia-sistemica-y-posmoderna-desde-los-feminismos\/","url":"https:\/\/sorece.org\/maricela\/producto\/introduccion-a-la-terapia-sistemica-y-posmoderna-desde-los-feminismos\/","name":"Introducci\u00f3n a la Terapia Sist\u00e9mica y Posmoderna Desde los Feminismos. - Sorece","isPartOf":{"@id":"https:\/\/sorece.org\/maricela\/#website"},"primaryImageOfPage":{"@id":"https:\/\/sorece.org\/maricela\/producto\/introduccion-a-la-terapia-sistemica-y-posmoderna-desde-los-feminismos\/#primaryimage"},"image":{"@id":"https:\/\/sorece.org\/maricela\/producto\/introduccion-a-la-terapia-sistemica-y-posmoderna-desde-los-feminismos\/#primaryimage"},"thumbnailUrl":"https:\/\/sorece.org\/maricela\/wp-content\/uploads\/2023\/10\/19facf43-e468-4cbf-9668-c3e220120bf0.jpg","datePublished":"2023-10-16T21:38:23+00:00","dateModified":"2024-11-15T21:48:27+00:00","description":"Introducci\u00f3n a los principios te\u00f3ricos de las terapias sist\u00e9micas y posmodernas desde los feminismos para entender sus aplicaciones en la psicoterapia.","breadcrumb":{"@id":"https:\/\/sorece.org\/maricela\/producto\/introduccion-a-la-terapia-sistemica-y-posmoderna-desde-los-feminismos\/#breadcrumb"},"inLanguage":"es","potentialAction":[{"@type":"ReadAction","target":["https:\/\/sorece.org\/maricela\/producto\/introduccion-a-la-terapia-sistemica-y-posmoderna-desde-los-feminismos\/"]}]},{"@type":"ImageObject","inLanguage":"es","@id":"https:\/\/sorece.org\/maricela\/producto\/introduccion-a-la-terapia-sistemica-y-posmoderna-desde-los-feminismos\/#primaryimage","url":"https:\/\/sorece.org\/maricela\/wp-content\/uploads\/2023\/10\/19facf43-e468-4cbf-9668-c3e220120bf0.jpg","contentUrl":"https:\/\/sorece.org\/maricela\/wp-content\/uploads\/2023\/10\/19facf43-e468-4cbf-9668-c3e220120bf0.jpg","width":800,"height":800},{"@type":"BreadcrumbList","@id":"https:\/\/sorece.org\/maricela\/producto\/introduccion-a-la-terapia-sistemica-y-posmoderna-desde-los-feminismos\/#breadcrumb","itemListElement":[{"@type":"ListItem","position":1,"name":"Home","item":"https:\/\/sorece.org\/maricela\/"},{"@type":"ListItem","position":2,"name":"Productos","item":"https:\/\/sorece.org\/maricela\/shop\/"},{"@type":"ListItem","position":3,"name":"Introducci\u00f3n a la Terapia Sist\u00e9mica y Posmoderna Desde los Feminismos."}]},{"@type":"WebSite","@id":"https:\/\/sorece.org\/maricela\/#website","url":"https:\/\/sorece.org\/maricela\/","name":"Sorece","description":"Asociaci\u00f3n de Psic\u00f3logas Feminista","publisher":{"@id":"https:\/\/sorece.org\/maricela\/#organization"},"potentialAction":[{"@type":"SearchAction","target":{"@type":"EntryPoint","urlTemplate":"https:\/\/sorece.org\/maricela\/?s={search_term_string}"},"query-input":{"@type":"PropertyValueSpecification","valueRequired":true,"valueName":"search_term_string"}}],"inLanguage":"es"},{"@type":"Organization","@id":"https:\/\/sorece.org\/maricela\/#organization","name":"Sorece","url":"https:\/\/sorece.org\/maricela\/","logo":{"@type":"ImageObject","inLanguage":"es","@id":"https:\/\/sorece.org\/maricela\/#\/schema\/logo\/image\/","url":"https:\/\/sorece.org\/maricela\/wp-content\/uploads\/2023\/02\/Sorece-logo-Registrada-1-e1737698924626.png","contentUrl":"https:\/\/sorece.org\/maricela\/wp-content\/uploads\/2023\/02\/Sorece-logo-Registrada-1-e1737698924626.png","width":628,"height":730,"caption":"Sorece"},"image":{"@id":"https:\/\/sorece.org\/maricela\/#\/schema\/logo\/image\/"}}]}},"_links":{"self":[{"href":"https:\/\/sorece.org\/maricela\/wp-json\/wp\/v2\/product\/5485","targetHints":{"allow":["GET"]}}],"collection":[{"href":"https:\/\/sorece.org\/maricela\/wp-json\/wp\/v2\/product"}],"about":[{"href":"https:\/\/sorece.org\/maricela\/wp-json\/wp\/v2\/types\/product"}],"wp:featuredmedia":[{"embeddable":true,"href":"https:\/\/sorece.org\/maricela\/wp-json\/wp\/v2\/media\/16740"}],"wp:attachment":[{"href":"https:\/\/sorece.org\/maricela\/wp-json\/wp\/v2\/media?parent=5485"}],"wp:term":[{"taxonomy":"product_brand","embeddable":true,"href":"https:\/\/sorece.org\/maricela\/wp-json\/wp\/v2\/product_brand?post=5485"},{"taxonomy":"product_cat","embeddable":true,"href":"https:\/\/sorece.org\/maricela\/wp-json\/wp\/v2\/product_cat?post=5485"},{"taxonomy":"product_tag","embeddable":true,"href":"https:\/\/sorece.org\/maricela\/wp-json\/wp\/v2\/product_tag?post=5485"}],"curies":[{"name":"wp","href":"https:\/\/api.w.org\/{rel}","templated":true}]}}