{"id":16769,"date":"2024-11-15T17:18:47","date_gmt":"2024-11-15T23:18:47","guid":{"rendered":"https:\/\/sorece.org\/maricela\/?post_type=product&#038;p=16769"},"modified":"2024-11-15T17:18:48","modified_gmt":"2024-11-15T23:18:48","slug":"prevencion-del-suicidio-intervencion-desde-la-terapia-humanista","status":"publish","type":"product","link":"https:\/\/sorece.org\/maricela\/producto\/prevencion-del-suicidio-intervencion-desde-la-terapia-humanista\/","title":{"rendered":"Prevenci\u00f3n del suicidio: intervenci\u00f3n desde la terapia humanista."},"content":{"rendered":"<p><span data-sheets-root=\"1\">La realizaci\u00f3n de este curso es importante debido al incremento en los casos de ideaci\u00f3n y conducta suicida despu\u00e9s de los a\u00f1os de pandemia, que requieren una intervenci\u00f3n psicol\u00f3gica especializada y efectiva. Los psic\u00f3logos y psic\u00f3logas, como profesionales de la salud mental, necesitan herramientas actualizadas para identificar se\u00f1ales de alerta y factores de riesgo, as\u00ed como t\u00e9cnicas de intervenci\u00f3n que promuevan un enfoque emp\u00e1tico y centrado en el individuo. Adem\u00e1s, dado el alto impacto emocional que conlleva trabajar con personas en crisis suicida, es esencial que los terapeutas tambi\u00e9n adquieran estrategias de autocuidado para prevenir el desgaste emocional y garantizar una pr\u00e1ctica cl\u00ednica sostenible y \u00e9tica. Este curso ofrece una formaci\u00f3n integral que aborda tanto la prevenci\u00f3n del suicidio como el bienestar del terapeuta.<\/span><\/p>\n<p><span data-sheets-root=\"1\">El objetivo del curso es capacitar a las personas participantes en el manejo integral del suicidio desde un enfoque humanista, proporcionando herramientas te\u00f3ricas y pr\u00e1cticas para la identificaci\u00f3n, intervenci\u00f3n y prevenci\u00f3n del comportamiento suicida, as\u00ed como para el autocuidado del terapeuta, con el fin de promover el bienestar emocional tanto de la persona consultante como del\/la profesional.<\/span><\/p>\n<p class=\"p1\"><b>Temario:<\/b><\/p>\n<p class=\"p1\"><span data-sheets-root=\"1\">1. \u201cPrincipios de la terapia humanista\u201d<br \/>\n\u2022 Fundamentos de la terapia humanista<br \/>\n\u2022 Creaci\u00f3n de un ambiente seguro y de confianza<br \/>\n\u2022 Importancia de la autocomprensi\u00f3n y el cuidado<br \/>\n2. \u201cComprendiendo el suicidio\u201d<br \/>\n\u2022 Datos y estad\u00edsticas sobre e suicidio<br \/>\n\u2022 Factores de riesgo y se\u00f1ales de alerta desde una perspectiva humanista<br \/>\n\u2022 Mitos y realidades sobre el suicidio<br \/>\n3. \u201cExploraci\u00f3n de las emociones\u201d<br \/>\n\u2022 Identificaci\u00f3n y comprensi\u00f3n de las emociones.<br \/>\n\u2022 T\u00e9cnicas de autoexploraci\u00f3n emocional.<br \/>\n4. \u201cEstrategias de regulaci\u00f3n emocional\u201d<br \/>\n\u2022 Pr\u00e1cticas de mindfulness y meditaci\u00f3n.<br \/>\n\u2022 Ejercicios de respiraci\u00f3n y relajaci\u00f3n.<br \/>\n\u2022 Ejercicios pr\u00e1cticos de expresi\u00f3n emocional<br \/>\n5. \u201cDesarrollo de la autoestima y la autoimagen\u201d<br \/>\n\u2022 Importancia de la autoimagen positiva<br \/>\n\u2022 Ejercicios para mejorar la autoestima<br \/>\n\u2022 Reflexiones sobre la autocompasi\u00f3n y la aceptaci\u00f3n.<br \/>\n6. \u201cRelaci\u00f3n y conexi\u00f3n con los dem\u00e1s\u201d<br \/>\n\u2022 Importancia de las relaciones interpersonales.<br \/>\n\u2022 Estrategias para mejorar la comunicaci\u00f3n y la empat\u00eda.<br \/>\n\u2022 \u00bfC\u00f3mo construir y mantener una red de apoyo?<br \/>\n\u2022 Recursos comunitarios y de apoyo.<br \/>\n7. \u201cManejo de crisis y primeros auxilios emocionales\u201d.<br \/>\n\u2022 Estrategias para manejar crisis emocionales.<br \/>\n\u2022 T\u00e9cnicas de primeros auxilios emocionales.<br \/>\n\u2022 Recursos de apoyo en momentos de crisis.<br \/>\n8. \u201cDesarrollo de la resiliencia\u201d<br \/>\n\u2022 Importancia de la resiliencia en la prevenci\u00f3n del suicidio.<br \/>\n\u2022 T\u00e9cnicas para fortalecer la resiliencia personal.<br \/>\n\u2022 T\u00e9cnicas para la resoluci\u00f3n de problemas.<br \/>\n\u2022 Estrategias de afrontamiento adaptativo.<br \/>\n9. \u201cExploraci\u00f3n de valores y sentido de vida.<br \/>\n\u2022 Reflexi\u00f3n sobre valores y prop\u00f3sito de vida.<br \/>\n\u2022 Importancia del sentido de vida en la terapia humanista.<br \/>\n\u2022 Importancia de la creatividad en la terapia humanista.<br \/>\n\u2022 T\u00e9cnicas de expresi\u00f3n art\u00edstica y creativa.<br \/>\n10. \u201cPlanificaci\u00f3n para el bienestar personal\u201d<br \/>\n\u2022 Creaci\u00f3n de un plan de bienestar personalizado.<br \/>\n\u2022 T\u00e9cnicas de establecimiento de metas y objetivos personales.<br \/>\n\u2022 Estrategias para mantener el bienestar a largo plazo.<br \/>\n11. \u201cReflexi\u00f3n final\u201d<br \/>\n\u2022 Evaluaci\u00f3n de los aprendizajes del curso.<br \/>\n\u2022 Reflexi\u00f3n final y planificaci\u00f3n de pr\u00f3ximos pasos en las intervenciones.<br \/>\n<\/span><\/p>\n<p class=\"p1\"><b>Dirigido a:<\/b><\/p>\n<p class=\"p1\">El curso est\u00e1 dirigido a psic\u00f3logos cl\u00ednicos y educativos, as\u00ed como a profesionales de la salud mental (psicoterapeutas, psiquiatras, trabajadores sociales).<\/p>\n<p class=\"p1\"><b>Modalidad:<\/b><\/p>\n<p class=\"p1\">Online, asincr\u00f3nico.<\/p>\n<p class=\"p1\"><b>Imparte:<\/b><\/p>\n<p><span data-sheets-root=\"1\">Zuara Cristina Ruiz Nava<\/span><\/p>\n","protected":false},"excerpt":{"rendered":"<p><span data-sheets-root=\"1\">Este curso est\u00e1 dise\u00f1ado para capacitar a psic\u00f3logos en el manejo integral del suicidio desde un enfoque humanista. A lo largo de diez sesiones, los profesionales aprender\u00e1n a identificar factores de riesgo y se\u00f1ales de alerta del comportamiento suicida, as\u00ed como a intervenir de manera efectiva a trav\u00e9s de t\u00e9cnicas de primeros auxilios emocionales y regulaci\u00f3n emocional. Adem\u00e1s, el curso profundizar\u00e1 en estrategias para ayudar a los pacientes a reconectar con sus valores y sentido de vida, fomentando su resiliencia. Se abordar\u00e1 tambi\u00e9n el autocuidado del terapeuta, proporcionando herramientas para gestionar el estr\u00e9s y prevenir el desgaste emocional en la pr\u00e1ctica cl\u00ednica.<\/span><\/p>\n","protected":false},"featured_media":16770,"template":"","meta":{"give_campaign_id":0},"product_brand":[],"product_cat":[20],"product_tag":[],"class_list":{"0":"post-16769","1":"product","2":"type-product","3":"status-publish","4":"has-post-thumbnail","6":"product_cat-curso-online","8":"first","9":"instock","10":"sale","11":"virtual","12":"purchasable","13":"product-type-simple"},"yoast_head":"<!-- This site is optimized with the Yoast SEO Premium plugin v21.2 (Yoast SEO v27.1.1) - https:\/\/yoast.com\/product\/yoast-seo-premium-wordpress\/ -->\n<title>Prevenci\u00f3n del suicidio: intervenci\u00f3n desde la terapia humanista. - Sorece<\/title>\n<meta name=\"description\" content=\"Este curso est\u00e1 dise\u00f1ado para capacitar a psic\u00f3logos en el manejo integral del suicidio desde un enfoque humanista.\" \/>\n<meta name=\"robots\" content=\"index, follow, max-snippet:-1, max-image-preview:large, max-video-preview:-1\" \/>\n<link rel=\"canonical\" href=\"https:\/\/sorece.org\/maricela\/producto\/prevencion-del-suicidio-intervencion-desde-la-terapia-humanista\/\" \/>\n<meta property=\"og:locale\" content=\"es_ES\" \/>\n<meta property=\"og:type\" content=\"article\" \/>\n<meta property=\"og:title\" content=\"Prevenci\u00f3n del suicidio: intervenci\u00f3n desde la terapia humanista.\" \/>\n<meta property=\"og:description\" content=\"Este curso est\u00e1 dise\u00f1ado para capacitar a psic\u00f3logos en el manejo integral del suicidio desde un enfoque humanista.\" \/>\n<meta property=\"og:url\" content=\"https:\/\/sorece.org\/maricela\/producto\/prevencion-del-suicidio-intervencion-desde-la-terapia-humanista\/\" \/>\n<meta property=\"og:site_name\" content=\"Sorece\" \/>\n<meta property=\"article:modified_time\" content=\"2024-11-15T23:18:48+00:00\" \/>\n<meta property=\"og:image\" content=\"https:\/\/sorece.org\/maricela\/wp-content\/uploads\/2024\/11\/c1cc7f57-b81a-4114-8e95-942e0006e2ae.jpg\" \/>\n\t<meta property=\"og:image:width\" content=\"850\" \/>\n\t<meta property=\"og:image:height\" content=\"850\" \/>\n\t<meta property=\"og:image:type\" content=\"image\/jpeg\" \/>\n<meta name=\"twitter:card\" content=\"summary_large_image\" \/>\n<meta name=\"twitter:label1\" content=\"Tiempo de lectura\" \/>\n\t<meta name=\"twitter:data1\" content=\"3 minutos\" \/>\n<script type=\"application\/ld+json\" class=\"yoast-schema-graph\">{\"@context\":\"https:\/\/schema.org\",\"@graph\":[{\"@type\":\"WebPage\",\"@id\":\"https:\/\/sorece.org\/maricela\/producto\/prevencion-del-suicidio-intervencion-desde-la-terapia-humanista\/\",\"url\":\"https:\/\/sorece.org\/maricela\/producto\/prevencion-del-suicidio-intervencion-desde-la-terapia-humanista\/\",\"name\":\"Prevenci\u00f3n del suicidio: intervenci\u00f3n desde la terapia humanista. - Sorece\",\"isPartOf\":{\"@id\":\"https:\/\/sorece.org\/maricela\/#website\"},\"primaryImageOfPage\":{\"@id\":\"https:\/\/sorece.org\/maricela\/producto\/prevencion-del-suicidio-intervencion-desde-la-terapia-humanista\/#primaryimage\"},\"image\":{\"@id\":\"https:\/\/sorece.org\/maricela\/producto\/prevencion-del-suicidio-intervencion-desde-la-terapia-humanista\/#primaryimage\"},\"thumbnailUrl\":\"https:\/\/sorece.org\/maricela\/wp-content\/uploads\/2024\/11\/c1cc7f57-b81a-4114-8e95-942e0006e2ae.jpg\",\"datePublished\":\"2024-11-15T23:18:47+00:00\",\"dateModified\":\"2024-11-15T23:18:48+00:00\",\"description\":\"Este curso est\u00e1 dise\u00f1ado para capacitar a psic\u00f3logos en el manejo integral del suicidio desde un enfoque humanista.\",\"breadcrumb\":{\"@id\":\"https:\/\/sorece.org\/maricela\/producto\/prevencion-del-suicidio-intervencion-desde-la-terapia-humanista\/#breadcrumb\"},\"inLanguage\":\"es\",\"potentialAction\":[{\"@type\":\"ReadAction\",\"target\":[\"https:\/\/sorece.org\/maricela\/producto\/prevencion-del-suicidio-intervencion-desde-la-terapia-humanista\/\"]}]},{\"@type\":\"ImageObject\",\"inLanguage\":\"es\",\"@id\":\"https:\/\/sorece.org\/maricela\/producto\/prevencion-del-suicidio-intervencion-desde-la-terapia-humanista\/#primaryimage\",\"url\":\"https:\/\/sorece.org\/maricela\/wp-content\/uploads\/2024\/11\/c1cc7f57-b81a-4114-8e95-942e0006e2ae.jpg\",\"contentUrl\":\"https:\/\/sorece.org\/maricela\/wp-content\/uploads\/2024\/11\/c1cc7f57-b81a-4114-8e95-942e0006e2ae.jpg\",\"width\":850,\"height\":850},{\"@type\":\"BreadcrumbList\",\"@id\":\"https:\/\/sorece.org\/maricela\/producto\/prevencion-del-suicidio-intervencion-desde-la-terapia-humanista\/#breadcrumb\",\"itemListElement\":[{\"@type\":\"ListItem\",\"position\":1,\"name\":\"Home\",\"item\":\"https:\/\/sorece.org\/maricela\/\"},{\"@type\":\"ListItem\",\"position\":2,\"name\":\"Productos\",\"item\":\"https:\/\/sorece.org\/maricela\/shop\/\"},{\"@type\":\"ListItem\",\"position\":3,\"name\":\"Prevenci\u00f3n del suicidio: intervenci\u00f3n desde la terapia humanista.\"}]},{\"@type\":\"WebSite\",\"@id\":\"https:\/\/sorece.org\/maricela\/#website\",\"url\":\"https:\/\/sorece.org\/maricela\/\",\"name\":\"Sorece\",\"description\":\"Asociaci\u00f3n de Psic\u00f3logas Feminista\",\"publisher\":{\"@id\":\"https:\/\/sorece.org\/maricela\/#organization\"},\"potentialAction\":[{\"@type\":\"SearchAction\",\"target\":{\"@type\":\"EntryPoint\",\"urlTemplate\":\"https:\/\/sorece.org\/maricela\/?s={search_term_string}\"},\"query-input\":{\"@type\":\"PropertyValueSpecification\",\"valueRequired\":true,\"valueName\":\"search_term_string\"}}],\"inLanguage\":\"es\"},{\"@type\":\"Organization\",\"@id\":\"https:\/\/sorece.org\/maricela\/#organization\",\"name\":\"Sorece\",\"url\":\"https:\/\/sorece.org\/maricela\/\",\"logo\":{\"@type\":\"ImageObject\",\"inLanguage\":\"es\",\"@id\":\"https:\/\/sorece.org\/maricela\/#\/schema\/logo\/image\/\",\"url\":\"https:\/\/sorece.org\/maricela\/wp-content\/uploads\/2023\/02\/Sorece-logo-Registrada-1-e1737698924626.png\",\"contentUrl\":\"https:\/\/sorece.org\/maricela\/wp-content\/uploads\/2023\/02\/Sorece-logo-Registrada-1-e1737698924626.png\",\"width\":628,\"height\":730,\"caption\":\"Sorece\"},\"image\":{\"@id\":\"https:\/\/sorece.org\/maricela\/#\/schema\/logo\/image\/\"}}]}<\/script>\n<!-- \/ Yoast SEO Premium plugin. -->","yoast_head_json":{"title":"Prevenci\u00f3n del suicidio: intervenci\u00f3n desde la terapia humanista. - Sorece","description":"Este curso est\u00e1 dise\u00f1ado para capacitar a psic\u00f3logos en el manejo integral del suicidio desde un enfoque humanista.","robots":{"index":"index","follow":"follow","max-snippet":"max-snippet:-1","max-image-preview":"max-image-preview:large","max-video-preview":"max-video-preview:-1"},"canonical":"https:\/\/sorece.org\/maricela\/producto\/prevencion-del-suicidio-intervencion-desde-la-terapia-humanista\/","og_locale":"es_ES","og_type":"article","og_title":"Prevenci\u00f3n del suicidio: intervenci\u00f3n desde la terapia humanista.","og_description":"Este curso est\u00e1 dise\u00f1ado para capacitar a psic\u00f3logos en el manejo integral del suicidio desde un enfoque humanista.","og_url":"https:\/\/sorece.org\/maricela\/producto\/prevencion-del-suicidio-intervencion-desde-la-terapia-humanista\/","og_site_name":"Sorece","article_modified_time":"2024-11-15T23:18:48+00:00","og_image":[{"width":850,"height":850,"url":"https:\/\/sorece.org\/maricela\/wp-content\/uploads\/2024\/11\/c1cc7f57-b81a-4114-8e95-942e0006e2ae.jpg","type":"image\/jpeg"}],"twitter_card":"summary_large_image","twitter_misc":{"Tiempo de lectura":"3 minutos"},"schema":{"@context":"https:\/\/schema.org","@graph":[{"@type":"WebPage","@id":"https:\/\/sorece.org\/maricela\/producto\/prevencion-del-suicidio-intervencion-desde-la-terapia-humanista\/","url":"https:\/\/sorece.org\/maricela\/producto\/prevencion-del-suicidio-intervencion-desde-la-terapia-humanista\/","name":"Prevenci\u00f3n del suicidio: intervenci\u00f3n desde la terapia humanista. - Sorece","isPartOf":{"@id":"https:\/\/sorece.org\/maricela\/#website"},"primaryImageOfPage":{"@id":"https:\/\/sorece.org\/maricela\/producto\/prevencion-del-suicidio-intervencion-desde-la-terapia-humanista\/#primaryimage"},"image":{"@id":"https:\/\/sorece.org\/maricela\/producto\/prevencion-del-suicidio-intervencion-desde-la-terapia-humanista\/#primaryimage"},"thumbnailUrl":"https:\/\/sorece.org\/maricela\/wp-content\/uploads\/2024\/11\/c1cc7f57-b81a-4114-8e95-942e0006e2ae.jpg","datePublished":"2024-11-15T23:18:47+00:00","dateModified":"2024-11-15T23:18:48+00:00","description":"Este curso est\u00e1 dise\u00f1ado para capacitar a psic\u00f3logos en el manejo integral del suicidio desde un enfoque humanista.","breadcrumb":{"@id":"https:\/\/sorece.org\/maricela\/producto\/prevencion-del-suicidio-intervencion-desde-la-terapia-humanista\/#breadcrumb"},"inLanguage":"es","potentialAction":[{"@type":"ReadAction","target":["https:\/\/sorece.org\/maricela\/producto\/prevencion-del-suicidio-intervencion-desde-la-terapia-humanista\/"]}]},{"@type":"ImageObject","inLanguage":"es","@id":"https:\/\/sorece.org\/maricela\/producto\/prevencion-del-suicidio-intervencion-desde-la-terapia-humanista\/#primaryimage","url":"https:\/\/sorece.org\/maricela\/wp-content\/uploads\/2024\/11\/c1cc7f57-b81a-4114-8e95-942e0006e2ae.jpg","contentUrl":"https:\/\/sorece.org\/maricela\/wp-content\/uploads\/2024\/11\/c1cc7f57-b81a-4114-8e95-942e0006e2ae.jpg","width":850,"height":850},{"@type":"BreadcrumbList","@id":"https:\/\/sorece.org\/maricela\/producto\/prevencion-del-suicidio-intervencion-desde-la-terapia-humanista\/#breadcrumb","itemListElement":[{"@type":"ListItem","position":1,"name":"Home","item":"https:\/\/sorece.org\/maricela\/"},{"@type":"ListItem","position":2,"name":"Productos","item":"https:\/\/sorece.org\/maricela\/shop\/"},{"@type":"ListItem","position":3,"name":"Prevenci\u00f3n del suicidio: intervenci\u00f3n desde la terapia humanista."}]},{"@type":"WebSite","@id":"https:\/\/sorece.org\/maricela\/#website","url":"https:\/\/sorece.org\/maricela\/","name":"Sorece","description":"Asociaci\u00f3n de Psic\u00f3logas Feminista","publisher":{"@id":"https:\/\/sorece.org\/maricela\/#organization"},"potentialAction":[{"@type":"SearchAction","target":{"@type":"EntryPoint","urlTemplate":"https:\/\/sorece.org\/maricela\/?s={search_term_string}"},"query-input":{"@type":"PropertyValueSpecification","valueRequired":true,"valueName":"search_term_string"}}],"inLanguage":"es"},{"@type":"Organization","@id":"https:\/\/sorece.org\/maricela\/#organization","name":"Sorece","url":"https:\/\/sorece.org\/maricela\/","logo":{"@type":"ImageObject","inLanguage":"es","@id":"https:\/\/sorece.org\/maricela\/#\/schema\/logo\/image\/","url":"https:\/\/sorece.org\/maricela\/wp-content\/uploads\/2023\/02\/Sorece-logo-Registrada-1-e1737698924626.png","contentUrl":"https:\/\/sorece.org\/maricela\/wp-content\/uploads\/2023\/02\/Sorece-logo-Registrada-1-e1737698924626.png","width":628,"height":730,"caption":"Sorece"},"image":{"@id":"https:\/\/sorece.org\/maricela\/#\/schema\/logo\/image\/"}}]}},"_links":{"self":[{"href":"https:\/\/sorece.org\/maricela\/wp-json\/wp\/v2\/product\/16769","targetHints":{"allow":["GET"]}}],"collection":[{"href":"https:\/\/sorece.org\/maricela\/wp-json\/wp\/v2\/product"}],"about":[{"href":"https:\/\/sorece.org\/maricela\/wp-json\/wp\/v2\/types\/product"}],"wp:featuredmedia":[{"embeddable":true,"href":"https:\/\/sorece.org\/maricela\/wp-json\/wp\/v2\/media\/16770"}],"wp:attachment":[{"href":"https:\/\/sorece.org\/maricela\/wp-json\/wp\/v2\/media?parent=16769"}],"wp:term":[{"taxonomy":"product_brand","embeddable":true,"href":"https:\/\/sorece.org\/maricela\/wp-json\/wp\/v2\/product_brand?post=16769"},{"taxonomy":"product_cat","embeddable":true,"href":"https:\/\/sorece.org\/maricela\/wp-json\/wp\/v2\/product_cat?post=16769"},{"taxonomy":"product_tag","embeddable":true,"href":"https:\/\/sorece.org\/maricela\/wp-json\/wp\/v2\/product_tag?post=16769"}],"curies":[{"name":"wp","href":"https:\/\/api.w.org\/{rel}","templated":true}]}}