{"id":16767,"date":"2024-11-15T17:13:36","date_gmt":"2024-11-15T23:13:36","guid":{"rendered":"https:\/\/sorece.org\/maricela\/?post_type=product&#038;p=16767"},"modified":"2024-11-15T17:13:36","modified_gmt":"2024-11-15T23:13:36","slug":"aqui-todas-y-todos-nos-cuidamos-autocuidado-para-profesionistas","status":"publish","type":"product","link":"https:\/\/sorece.org\/maricela\/producto\/aqui-todas-y-todos-nos-cuidamos-autocuidado-para-profesionistas\/","title":{"rendered":"&#8220;Aqu\u00ed todas y todos nos cuidamos&#8221;. Autocuidado para profesionistas"},"content":{"rendered":"<p><span data-sheets-root=\"1\">Las y los profesionales que acompa\u00f1an y atienden a poblaci\u00f3n en condiciones de vulnerabilidad y v\u00edctimas de violencias de g\u00e9nero y estructurales, requieren de atenci\u00f3n oportuna para el cuidado de su salud mental y emocional, ya que el desgaste f\u00edsico, mental y emocional es una constante por el tipo de tem\u00e1ticas en las que la (el) profesional realiza su intervenci\u00f3n, as\u00ed como las din\u00e1micas laborales que exigen su mayor desempe\u00f1o.<\/span><\/p>\n<p>Las emociones ser\u00e1n abordadas en un universo m\u00e1s amplio, que s\u00f3lo comprenderlas como agradables o desagradables, las abordaremos identificando su funci\u00f3n, pertinencia y el potencial de cambio que tiene cada una, especialmente el enojo y el miedo, reflexionando en todo momento el contexto donde estas surgen.<\/p>\n<p>&nbsp;<\/p>\n<p class=\"p1\"><b>Temario:<\/b><\/p>\n<p class=\"p1\"><span data-sheets-root=\"1\">1. \u00bfQu\u00e9 es el autocuidado? Beneficios de esta practica desde la mirada feminista.<\/p>\n<p>2. Afectaciones: Desgaste por empat\u00eda y s\u00edndrome de burnout,<br \/>\nfactores de riesgo principales.<\/p>\n<p>3. La importancia de la comunicaci\u00f3n asertiva en la din\u00e1mica laboral.<br \/>\n-Identificaci\u00f3n de los tipos de comunicaci\u00f3n.<br \/>\n&#8211; Practicando una comunicaci\u00f3n asertiva (Resoluci\u00f3n no violenta de conflictos).<br \/>\n-Promoci\u00f3n de un ambiente y relaciones laborales saludables.<\/p>\n<p>4. Herramientas de autocuidado<br \/>\n&#8211; Identificaci\u00f3n y atenci\u00f3n a mis necesidades;<br \/>\nsalud f\u00edsica: alimentaci\u00f3n, ejercicio y descanso.<br \/>\n-Mental y emocional: estado emocional y pensamiento propositivo.<br \/>\n&#8211; Conociendo los beneficios de la escritura.<br \/>\n-Aprender a decir que no.<br \/>\n&#8211; Aprender a priorizar.<br \/>\n-\u00bfCu\u00e1ndo y c\u00f3mo pedir ayuda?<\/p>\n<p>5. Identificaci\u00f3n de nuevos aprendizajes del profesional que realiz\u00f3 el curso.<\/p>\n<p><\/span><\/p>\n<p class=\"p1\"><b>Dirigido a:<\/b><\/p>\n<p class=\"p1\"><span data-sheets-root=\"1\"><br \/>\nEste curso est\u00e1 dirigido a profesionistas de las \u00e1reas: psicolog\u00eda, medicina, trabajo social, derecho etc., que realicen acompa\u00f1amientos \u00f3 atiendan directa o indirectamente a poblaci\u00f3n en condiciones de vulnerabilidad. <\/span><\/p>\n<p class=\"p1\"><b>Modalidad:<\/b><\/p>\n<p class=\"p1\">Online, asincr\u00f3nico.<\/p>\n<p class=\"p1\"><b>Imparte:<\/b><\/p>\n<p><span data-sheets-root=\"1\">Irma Ariana Molina R\u00edos<\/span><\/p>\n","protected":false},"excerpt":{"rendered":"<p>Este curso tiene el objetivo de acompa\u00f1ar positivamente al personal de todas las \u00e1reas a conocer qu\u00e9 es el autocuidado y sus beneficios, identificar y atender sus necesidades individuales y grupales y contar con herramientas pr\u00e1cticas para el cuidado de su salud mental y emocional, buscando en todo momento que la (el) profesional, sea consciente de su compromiso y participaci\u00f3n en las esferas individual y colectiva para construir relaciones de bienestar dentro y fuera del espacio laboral.<\/p>\n","protected":false},"featured_media":16768,"template":"","meta":{"give_campaign_id":0},"product_brand":[],"product_cat":[20],"product_tag":[],"class_list":{"0":"post-16767","1":"product","2":"type-product","3":"status-publish","4":"has-post-thumbnail","6":"product_cat-curso-online","8":"first","9":"instock","10":"sale","11":"virtual","12":"purchasable","13":"product-type-simple"},"yoast_head":"<!-- This site is optimized with the Yoast SEO Premium plugin v21.2 (Yoast SEO v27.1.1) - https:\/\/yoast.com\/product\/yoast-seo-premium-wordpress\/ -->\n<title>&quot;Aqu\u00ed todas y todos nos cuidamos&quot;. Autocuidado para profesionistas - Sorece<\/title>\n<meta name=\"description\" content=\"Este curso tiene el objetivo de acompa\u00f1ar positivamente al personal de todas las \u00e1reas a conocer qu\u00e9 es el autocuidado y sus beneficios, identificar y atender sus necesidades individuales y grupales y contar con herramientas pr\u00e1cticas para el cuidado de su salud mental y emocional, buscando en todo momento que la (el) profesional, sea consciente de su compromiso y participaci\u00f3n en las esferas individual y colectiva para construir relaciones de bienestar dentro y fuera del espacio laboral.\" \/>\n<meta name=\"robots\" content=\"index, follow, max-snippet:-1, max-image-preview:large, max-video-preview:-1\" \/>\n<link rel=\"canonical\" href=\"https:\/\/sorece.org\/maricela\/producto\/aqui-todas-y-todos-nos-cuidamos-autocuidado-para-profesionistas\/\" \/>\n<meta property=\"og:locale\" content=\"es_ES\" \/>\n<meta property=\"og:type\" content=\"article\" \/>\n<meta property=\"og:title\" content=\"&quot;Aqu\u00ed todas y todos nos cuidamos&quot;. Autocuidado para profesionistas\" \/>\n<meta property=\"og:description\" content=\"Este curso tiene el objetivo de acompa\u00f1ar positivamente al personal de todas las \u00e1reas a conocer qu\u00e9 es el autocuidado y sus beneficios, identificar y atender sus necesidades individuales y grupales y contar con herramientas pr\u00e1cticas para el cuidado de su salud mental y emocional, buscando en todo momento que la (el) profesional, sea consciente de su compromiso y participaci\u00f3n en las esferas individual y colectiva para construir relaciones de bienestar dentro y fuera del espacio laboral.\" \/>\n<meta property=\"og:url\" content=\"https:\/\/sorece.org\/maricela\/producto\/aqui-todas-y-todos-nos-cuidamos-autocuidado-para-profesionistas\/\" \/>\n<meta property=\"og:site_name\" content=\"Sorece\" \/>\n<meta property=\"og:image\" content=\"https:\/\/sorece.org\/maricela\/wp-content\/uploads\/2024\/11\/61063057-1ad7-4c2f-8dbb-3df5ed21b1e4.jpg\" \/>\n\t<meta property=\"og:image:width\" content=\"850\" \/>\n\t<meta property=\"og:image:height\" content=\"850\" \/>\n\t<meta property=\"og:image:type\" content=\"image\/jpeg\" \/>\n<meta name=\"twitter:card\" content=\"summary_large_image\" \/>\n<meta name=\"twitter:label1\" content=\"Tiempo de lectura\" \/>\n\t<meta name=\"twitter:data1\" content=\"2 minutos\" \/>\n<script type=\"application\/ld+json\" class=\"yoast-schema-graph\">{\"@context\":\"https:\/\/schema.org\",\"@graph\":[{\"@type\":\"WebPage\",\"@id\":\"https:\/\/sorece.org\/maricela\/producto\/aqui-todas-y-todos-nos-cuidamos-autocuidado-para-profesionistas\/\",\"url\":\"https:\/\/sorece.org\/maricela\/producto\/aqui-todas-y-todos-nos-cuidamos-autocuidado-para-profesionistas\/\",\"name\":\"\\\"Aqu\u00ed todas y todos nos cuidamos\\\". Autocuidado para profesionistas - Sorece\",\"isPartOf\":{\"@id\":\"https:\/\/sorece.org\/maricela\/#website\"},\"primaryImageOfPage\":{\"@id\":\"https:\/\/sorece.org\/maricela\/producto\/aqui-todas-y-todos-nos-cuidamos-autocuidado-para-profesionistas\/#primaryimage\"},\"image\":{\"@id\":\"https:\/\/sorece.org\/maricela\/producto\/aqui-todas-y-todos-nos-cuidamos-autocuidado-para-profesionistas\/#primaryimage\"},\"thumbnailUrl\":\"https:\/\/sorece.org\/maricela\/wp-content\/uploads\/2024\/11\/61063057-1ad7-4c2f-8dbb-3df5ed21b1e4.jpg\",\"datePublished\":\"2024-11-15T23:13:36+00:00\",\"description\":\"Este curso tiene el objetivo de acompa\u00f1ar positivamente al personal de todas las \u00e1reas a conocer qu\u00e9 es el autocuidado y sus beneficios, identificar y atender sus necesidades individuales y grupales y contar con herramientas pr\u00e1cticas para el cuidado de su salud mental y emocional, buscando en todo momento que la (el) profesional, sea consciente de su compromiso y participaci\u00f3n en las esferas individual y colectiva para construir relaciones de bienestar dentro y fuera del espacio laboral.\",\"breadcrumb\":{\"@id\":\"https:\/\/sorece.org\/maricela\/producto\/aqui-todas-y-todos-nos-cuidamos-autocuidado-para-profesionistas\/#breadcrumb\"},\"inLanguage\":\"es\",\"potentialAction\":[{\"@type\":\"ReadAction\",\"target\":[\"https:\/\/sorece.org\/maricela\/producto\/aqui-todas-y-todos-nos-cuidamos-autocuidado-para-profesionistas\/\"]}]},{\"@type\":\"ImageObject\",\"inLanguage\":\"es\",\"@id\":\"https:\/\/sorece.org\/maricela\/producto\/aqui-todas-y-todos-nos-cuidamos-autocuidado-para-profesionistas\/#primaryimage\",\"url\":\"https:\/\/sorece.org\/maricela\/wp-content\/uploads\/2024\/11\/61063057-1ad7-4c2f-8dbb-3df5ed21b1e4.jpg\",\"contentUrl\":\"https:\/\/sorece.org\/maricela\/wp-content\/uploads\/2024\/11\/61063057-1ad7-4c2f-8dbb-3df5ed21b1e4.jpg\",\"width\":850,\"height\":850},{\"@type\":\"BreadcrumbList\",\"@id\":\"https:\/\/sorece.org\/maricela\/producto\/aqui-todas-y-todos-nos-cuidamos-autocuidado-para-profesionistas\/#breadcrumb\",\"itemListElement\":[{\"@type\":\"ListItem\",\"position\":1,\"name\":\"Home\",\"item\":\"https:\/\/sorece.org\/maricela\/\"},{\"@type\":\"ListItem\",\"position\":2,\"name\":\"Productos\",\"item\":\"https:\/\/sorece.org\/maricela\/shop\/\"},{\"@type\":\"ListItem\",\"position\":3,\"name\":\"&#8220;Aqu\u00ed todas y todos nos cuidamos&#8221;. Autocuidado para profesionistas\"}]},{\"@type\":\"WebSite\",\"@id\":\"https:\/\/sorece.org\/maricela\/#website\",\"url\":\"https:\/\/sorece.org\/maricela\/\",\"name\":\"Sorece\",\"description\":\"Asociaci\u00f3n de Psic\u00f3logas Feminista\",\"publisher\":{\"@id\":\"https:\/\/sorece.org\/maricela\/#organization\"},\"potentialAction\":[{\"@type\":\"SearchAction\",\"target\":{\"@type\":\"EntryPoint\",\"urlTemplate\":\"https:\/\/sorece.org\/maricela\/?s={search_term_string}\"},\"query-input\":{\"@type\":\"PropertyValueSpecification\",\"valueRequired\":true,\"valueName\":\"search_term_string\"}}],\"inLanguage\":\"es\"},{\"@type\":\"Organization\",\"@id\":\"https:\/\/sorece.org\/maricela\/#organization\",\"name\":\"Sorece\",\"url\":\"https:\/\/sorece.org\/maricela\/\",\"logo\":{\"@type\":\"ImageObject\",\"inLanguage\":\"es\",\"@id\":\"https:\/\/sorece.org\/maricela\/#\/schema\/logo\/image\/\",\"url\":\"https:\/\/sorece.org\/maricela\/wp-content\/uploads\/2023\/02\/Sorece-logo-Registrada-1-e1737698924626.png\",\"contentUrl\":\"https:\/\/sorece.org\/maricela\/wp-content\/uploads\/2023\/02\/Sorece-logo-Registrada-1-e1737698924626.png\",\"width\":628,\"height\":730,\"caption\":\"Sorece\"},\"image\":{\"@id\":\"https:\/\/sorece.org\/maricela\/#\/schema\/logo\/image\/\"}}]}<\/script>\n<!-- \/ Yoast SEO Premium plugin. -->","yoast_head_json":{"title":"\"Aqu\u00ed todas y todos nos cuidamos\". Autocuidado para profesionistas - Sorece","description":"Este curso tiene el objetivo de acompa\u00f1ar positivamente al personal de todas las \u00e1reas a conocer qu\u00e9 es el autocuidado y sus beneficios, identificar y atender sus necesidades individuales y grupales y contar con herramientas pr\u00e1cticas para el cuidado de su salud mental y emocional, buscando en todo momento que la (el) profesional, sea consciente de su compromiso y participaci\u00f3n en las esferas individual y colectiva para construir relaciones de bienestar dentro y fuera del espacio laboral.","robots":{"index":"index","follow":"follow","max-snippet":"max-snippet:-1","max-image-preview":"max-image-preview:large","max-video-preview":"max-video-preview:-1"},"canonical":"https:\/\/sorece.org\/maricela\/producto\/aqui-todas-y-todos-nos-cuidamos-autocuidado-para-profesionistas\/","og_locale":"es_ES","og_type":"article","og_title":"\"Aqu\u00ed todas y todos nos cuidamos\". Autocuidado para profesionistas","og_description":"Este curso tiene el objetivo de acompa\u00f1ar positivamente al personal de todas las \u00e1reas a conocer qu\u00e9 es el autocuidado y sus beneficios, identificar y atender sus necesidades individuales y grupales y contar con herramientas pr\u00e1cticas para el cuidado de su salud mental y emocional, buscando en todo momento que la (el) profesional, sea consciente de su compromiso y participaci\u00f3n en las esferas individual y colectiva para construir relaciones de bienestar dentro y fuera del espacio laboral.","og_url":"https:\/\/sorece.org\/maricela\/producto\/aqui-todas-y-todos-nos-cuidamos-autocuidado-para-profesionistas\/","og_site_name":"Sorece","og_image":[{"width":850,"height":850,"url":"https:\/\/sorece.org\/maricela\/wp-content\/uploads\/2024\/11\/61063057-1ad7-4c2f-8dbb-3df5ed21b1e4.jpg","type":"image\/jpeg"}],"twitter_card":"summary_large_image","twitter_misc":{"Tiempo de lectura":"2 minutos"},"schema":{"@context":"https:\/\/schema.org","@graph":[{"@type":"WebPage","@id":"https:\/\/sorece.org\/maricela\/producto\/aqui-todas-y-todos-nos-cuidamos-autocuidado-para-profesionistas\/","url":"https:\/\/sorece.org\/maricela\/producto\/aqui-todas-y-todos-nos-cuidamos-autocuidado-para-profesionistas\/","name":"\"Aqu\u00ed todas y todos nos cuidamos\". Autocuidado para profesionistas - Sorece","isPartOf":{"@id":"https:\/\/sorece.org\/maricela\/#website"},"primaryImageOfPage":{"@id":"https:\/\/sorece.org\/maricela\/producto\/aqui-todas-y-todos-nos-cuidamos-autocuidado-para-profesionistas\/#primaryimage"},"image":{"@id":"https:\/\/sorece.org\/maricela\/producto\/aqui-todas-y-todos-nos-cuidamos-autocuidado-para-profesionistas\/#primaryimage"},"thumbnailUrl":"https:\/\/sorece.org\/maricela\/wp-content\/uploads\/2024\/11\/61063057-1ad7-4c2f-8dbb-3df5ed21b1e4.jpg","datePublished":"2024-11-15T23:13:36+00:00","description":"Este curso tiene el objetivo de acompa\u00f1ar positivamente al personal de todas las \u00e1reas a conocer qu\u00e9 es el autocuidado y sus beneficios, identificar y atender sus necesidades individuales y grupales y contar con herramientas pr\u00e1cticas para el cuidado de su salud mental y emocional, buscando en todo momento que la (el) profesional, sea consciente de su compromiso y participaci\u00f3n en las esferas individual y colectiva para construir relaciones de bienestar dentro y fuera del espacio laboral.","breadcrumb":{"@id":"https:\/\/sorece.org\/maricela\/producto\/aqui-todas-y-todos-nos-cuidamos-autocuidado-para-profesionistas\/#breadcrumb"},"inLanguage":"es","potentialAction":[{"@type":"ReadAction","target":["https:\/\/sorece.org\/maricela\/producto\/aqui-todas-y-todos-nos-cuidamos-autocuidado-para-profesionistas\/"]}]},{"@type":"ImageObject","inLanguage":"es","@id":"https:\/\/sorece.org\/maricela\/producto\/aqui-todas-y-todos-nos-cuidamos-autocuidado-para-profesionistas\/#primaryimage","url":"https:\/\/sorece.org\/maricela\/wp-content\/uploads\/2024\/11\/61063057-1ad7-4c2f-8dbb-3df5ed21b1e4.jpg","contentUrl":"https:\/\/sorece.org\/maricela\/wp-content\/uploads\/2024\/11\/61063057-1ad7-4c2f-8dbb-3df5ed21b1e4.jpg","width":850,"height":850},{"@type":"BreadcrumbList","@id":"https:\/\/sorece.org\/maricela\/producto\/aqui-todas-y-todos-nos-cuidamos-autocuidado-para-profesionistas\/#breadcrumb","itemListElement":[{"@type":"ListItem","position":1,"name":"Home","item":"https:\/\/sorece.org\/maricela\/"},{"@type":"ListItem","position":2,"name":"Productos","item":"https:\/\/sorece.org\/maricela\/shop\/"},{"@type":"ListItem","position":3,"name":"&#8220;Aqu\u00ed todas y todos nos cuidamos&#8221;. Autocuidado para profesionistas"}]},{"@type":"WebSite","@id":"https:\/\/sorece.org\/maricela\/#website","url":"https:\/\/sorece.org\/maricela\/","name":"Sorece","description":"Asociaci\u00f3n de Psic\u00f3logas Feminista","publisher":{"@id":"https:\/\/sorece.org\/maricela\/#organization"},"potentialAction":[{"@type":"SearchAction","target":{"@type":"EntryPoint","urlTemplate":"https:\/\/sorece.org\/maricela\/?s={search_term_string}"},"query-input":{"@type":"PropertyValueSpecification","valueRequired":true,"valueName":"search_term_string"}}],"inLanguage":"es"},{"@type":"Organization","@id":"https:\/\/sorece.org\/maricela\/#organization","name":"Sorece","url":"https:\/\/sorece.org\/maricela\/","logo":{"@type":"ImageObject","inLanguage":"es","@id":"https:\/\/sorece.org\/maricela\/#\/schema\/logo\/image\/","url":"https:\/\/sorece.org\/maricela\/wp-content\/uploads\/2023\/02\/Sorece-logo-Registrada-1-e1737698924626.png","contentUrl":"https:\/\/sorece.org\/maricela\/wp-content\/uploads\/2023\/02\/Sorece-logo-Registrada-1-e1737698924626.png","width":628,"height":730,"caption":"Sorece"},"image":{"@id":"https:\/\/sorece.org\/maricela\/#\/schema\/logo\/image\/"}}]}},"_links":{"self":[{"href":"https:\/\/sorece.org\/maricela\/wp-json\/wp\/v2\/product\/16767","targetHints":{"allow":["GET"]}}],"collection":[{"href":"https:\/\/sorece.org\/maricela\/wp-json\/wp\/v2\/product"}],"about":[{"href":"https:\/\/sorece.org\/maricela\/wp-json\/wp\/v2\/types\/product"}],"wp:featuredmedia":[{"embeddable":true,"href":"https:\/\/sorece.org\/maricela\/wp-json\/wp\/v2\/media\/16768"}],"wp:attachment":[{"href":"https:\/\/sorece.org\/maricela\/wp-json\/wp\/v2\/media?parent=16767"}],"wp:term":[{"taxonomy":"product_brand","embeddable":true,"href":"https:\/\/sorece.org\/maricela\/wp-json\/wp\/v2\/product_brand?post=16767"},{"taxonomy":"product_cat","embeddable":true,"href":"https:\/\/sorece.org\/maricela\/wp-json\/wp\/v2\/product_cat?post=16767"},{"taxonomy":"product_tag","embeddable":true,"href":"https:\/\/sorece.org\/maricela\/wp-json\/wp\/v2\/product_tag?post=16767"}],"curies":[{"name":"wp","href":"https:\/\/api.w.org\/{rel}","templated":true}]}}