{"id":16765,"date":"2024-11-15T17:07:43","date_gmt":"2024-11-15T23:07:43","guid":{"rendered":"https:\/\/sorece.org\/maricela\/?post_type=product&#038;p=16765"},"modified":"2024-11-15T17:07:43","modified_gmt":"2024-11-15T23:07:43","slug":"curso-derechos-sexuales-y-reproductivos","status":"publish","type":"product","link":"https:\/\/sorece.org\/maricela\/producto\/curso-derechos-sexuales-y-reproductivos\/","title":{"rendered":"Derechos sexuales y reproductivos. Una aproximaci\u00f3n desde los derechos humanos y el g\u00e9nero."},"content":{"rendered":"<p><span data-sheets-root=\"1\">Los derechos sexuales y reproductivos son parte de los derechos humanos. La sexualidad, como parte de estos derechos, debe ejercerse con libertad y sin violencia para tener una vida plena.<\/span><\/p>\n<p>El enfoque del curso busca garantizar que se consideren las particularidades de cada persona, seg\u00fan su deseo y necesidad, sea de anticoncepci\u00f3n o aborto voluntario, o bien de reproducci\u00f3n natural o asistida, o de otros tratamientos complementarios que pudieran incluir, por ejemplo, modificaci\u00f3n corporal o reemplazo hormonal en el caso de las personas trans.<\/p>\n<p><span data-sheets-root=\"1\">El objetivo de este curso es contribuir a la construcci\u00f3n de una cultura de derechos humanos, igualdad y no discriminaci\u00f3n para prevenir y eliminar pr\u00e1cticas discriminatorias en el \u00e1mbito de la salud sexual y reproductiva como parte fundamental del desarrollo y bienestar de las personas.<\/span><\/p>\n<p class=\"p1\"><b>Temario:<\/b><\/p>\n<p class=\"p1\"><span data-sheets-root=\"1\">M\u00f3dulo 1. G\u00e9nero y salud sexual y reproductiva<br \/>\n\u2022 G\u00e9nero, orientaci\u00f3n sexual\/heterosexualidad obligatoria, identidad y expresi\u00f3n de g\u00e9nero.<br \/>\n\u2022 Derechos humanos, derechos sexuales, reproductivos y no-reproductivos.<br \/>\n\u2022 Discriminaci\u00f3n por identidad de g\u00e9nero\/orientaci\u00f3n sexual.<\/p>\n<p>M\u00f3dulo 2. Derechos sexuales<br \/>\n\u2022 Sexualidad y placer<br \/>\n\u2022 Autonom\u00eda sobre el propio cuerpo<br \/>\n\u2022 Reemplazo hormonal<\/p>\n<p>M\u00f3dulo 3. Derechos reproductivos<br \/>\n\u2022 \u00bfQu\u00e9 son los derechos reproductivos?<br \/>\n\u2022 Parto Humanizado.<br \/>\n\u2022 Reproducci\u00f3n asistida.<br \/>\n\u2022 Salud reproductiva de personas trans.<\/p>\n<p>M\u00f3dulo 4. Derechos no-reproductivos<br \/>\n\u2022 Acceso a m\u00e9todos anticonceptivos<br \/>\n\u2022 Interrupci\u00f3n legal del embarazo (ILE)<br \/>\n\u2022 Embarazo en la adolescencia<\/p>\n<p>M\u00f3dulo 5. Tipos de Violencias de G\u00e9nero<br \/>\n\u2022 Violencia sexual.<br \/>\n\u2022 Violencia obst\u00e9trica.<br \/>\n\u2022 Violencia contra la libertad reproductiva.<br \/>\n\u2022 Marco Normativo Nacional.<br \/>\n<\/span><\/p>\n<p class=\"p1\"><b>Dirigido a:<\/b><\/p>\n<p class=\"p1\"><span data-sheets-root=\"1\">Dirigido a psic\u00f3logxs, trabajadores sociales, personal de salud y personas que tengas inter\u00e9s en adquirir conocimientos sobre la salud sexual y reproductiva.<\/span><\/p>\n<p class=\"p1\"><b>Modalidad:<\/b><\/p>\n<p class=\"p1\">Online, asincr\u00f3nico.<\/p>\n<p class=\"p1\"><b>Imparte:<\/b><\/p>\n<p><span data-sheets-root=\"1\">Brenda Daniela Quiroz Salda\u00f1a<\/span><\/p>\n","protected":false},"excerpt":{"rendered":"<p><span data-sheets-root=\"1\">El curso est\u00e1 dirigido a todas las personas que deseen acceder a informaci\u00f3n actualizada, recursos y herramientas adecuadas para el ejercicio libre y saludable de sus derechos sexuales, reproductivos y no-reproductivos. Dicha informaci\u00f3n incluye necesariamente la legislaci\u00f3n vigente, desde un enfoque de derechos humanos, y teniendo en cuenta la perspectiva de g\u00e9nero, diversidad y accesibilidad. Lo que implica la capacidad de: elegir libremente con qui\u00e9n, cu\u00e1ndo y c\u00f3mo desarrollar una sexualidad placentera, prevenir enfermedades de transmisi\u00f3n sexual, evitar relaciones no consentidas o abusivas y embarazos no deseados.<\/span><\/p>\n<p>&nbsp;<\/p>\n","protected":false},"featured_media":16766,"template":"","meta":{"give_campaign_id":0},"product_brand":[],"product_cat":[20],"product_tag":[],"class_list":{"0":"post-16765","1":"product","2":"type-product","3":"status-publish","4":"has-post-thumbnail","6":"product_cat-curso-online","8":"first","9":"instock","10":"sale","11":"virtual","12":"purchasable","13":"product-type-simple"},"yoast_head":"<!-- This site is optimized with the Yoast SEO Premium plugin v21.2 (Yoast SEO v27.1.1) - https:\/\/yoast.com\/product\/yoast-seo-premium-wordpress\/ -->\n<title>Derechos sexuales y reproductivos. Una aproximaci\u00f3n desde los derechos humanos y el g\u00e9nero. - Sorece<\/title>\n<meta name=\"description\" content=\"El objetivo de este curso es contribuir a la construcci\u00f3n de una cultura de derechos humanos, igualdad y no discriminaci\u00f3n para prevenir y eliminar pr\u00e1cticas discriminatorias en el \u00e1mbito de la salud sexual y reproductiva como parte fundamental del desarrollo y bienestar de las personas.\" \/>\n<meta name=\"robots\" content=\"index, follow, max-snippet:-1, max-image-preview:large, max-video-preview:-1\" \/>\n<link rel=\"canonical\" href=\"https:\/\/sorece.org\/maricela\/producto\/curso-derechos-sexuales-y-reproductivos\/\" \/>\n<meta property=\"og:locale\" content=\"es_ES\" \/>\n<meta property=\"og:type\" content=\"article\" \/>\n<meta property=\"og:title\" content=\"Derechos sexuales y reproductivos. Una aproximaci\u00f3n desde los derechos humanos y el g\u00e9nero.\" \/>\n<meta property=\"og:description\" content=\"El objetivo de este curso es contribuir a la construcci\u00f3n de una cultura de derechos humanos, igualdad y no discriminaci\u00f3n para prevenir y eliminar pr\u00e1cticas discriminatorias en el \u00e1mbito de la salud sexual y reproductiva como parte fundamental del desarrollo y bienestar de las personas.\" \/>\n<meta property=\"og:url\" content=\"https:\/\/sorece.org\/maricela\/producto\/curso-derechos-sexuales-y-reproductivos\/\" \/>\n<meta property=\"og:site_name\" content=\"Sorece\" \/>\n<meta property=\"og:image\" content=\"https:\/\/sorece.org\/maricela\/wp-content\/uploads\/2024\/11\/e0e4d451-cc68-4bcc-9e1e-7c966743b193.jpg\" \/>\n\t<meta property=\"og:image:width\" content=\"850\" \/>\n\t<meta property=\"og:image:height\" content=\"850\" \/>\n\t<meta property=\"og:image:type\" content=\"image\/jpeg\" \/>\n<meta name=\"twitter:card\" content=\"summary_large_image\" \/>\n<meta name=\"twitter:label1\" content=\"Tiempo de lectura\" \/>\n\t<meta name=\"twitter:data1\" content=\"2 minutos\" \/>\n<script type=\"application\/ld+json\" class=\"yoast-schema-graph\">{\"@context\":\"https:\/\/schema.org\",\"@graph\":[{\"@type\":\"WebPage\",\"@id\":\"https:\/\/sorece.org\/maricela\/producto\/curso-derechos-sexuales-y-reproductivos\/\",\"url\":\"https:\/\/sorece.org\/maricela\/producto\/curso-derechos-sexuales-y-reproductivos\/\",\"name\":\"Derechos sexuales y reproductivos. Una aproximaci\u00f3n desde los derechos humanos y el g\u00e9nero. - Sorece\",\"isPartOf\":{\"@id\":\"https:\/\/sorece.org\/maricela\/#website\"},\"primaryImageOfPage\":{\"@id\":\"https:\/\/sorece.org\/maricela\/producto\/curso-derechos-sexuales-y-reproductivos\/#primaryimage\"},\"image\":{\"@id\":\"https:\/\/sorece.org\/maricela\/producto\/curso-derechos-sexuales-y-reproductivos\/#primaryimage\"},\"thumbnailUrl\":\"https:\/\/sorece.org\/maricela\/wp-content\/uploads\/2024\/11\/e0e4d451-cc68-4bcc-9e1e-7c966743b193.jpg\",\"datePublished\":\"2024-11-15T23:07:43+00:00\",\"description\":\"El objetivo de este curso es contribuir a la construcci\u00f3n de una cultura de derechos humanos, igualdad y no discriminaci\u00f3n para prevenir y eliminar pr\u00e1cticas discriminatorias en el \u00e1mbito de la salud sexual y reproductiva como parte fundamental del desarrollo y bienestar de las personas.\",\"breadcrumb\":{\"@id\":\"https:\/\/sorece.org\/maricela\/producto\/curso-derechos-sexuales-y-reproductivos\/#breadcrumb\"},\"inLanguage\":\"es\",\"potentialAction\":[{\"@type\":\"ReadAction\",\"target\":[\"https:\/\/sorece.org\/maricela\/producto\/curso-derechos-sexuales-y-reproductivos\/\"]}]},{\"@type\":\"ImageObject\",\"inLanguage\":\"es\",\"@id\":\"https:\/\/sorece.org\/maricela\/producto\/curso-derechos-sexuales-y-reproductivos\/#primaryimage\",\"url\":\"https:\/\/sorece.org\/maricela\/wp-content\/uploads\/2024\/11\/e0e4d451-cc68-4bcc-9e1e-7c966743b193.jpg\",\"contentUrl\":\"https:\/\/sorece.org\/maricela\/wp-content\/uploads\/2024\/11\/e0e4d451-cc68-4bcc-9e1e-7c966743b193.jpg\",\"width\":850,\"height\":850},{\"@type\":\"BreadcrumbList\",\"@id\":\"https:\/\/sorece.org\/maricela\/producto\/curso-derechos-sexuales-y-reproductivos\/#breadcrumb\",\"itemListElement\":[{\"@type\":\"ListItem\",\"position\":1,\"name\":\"Home\",\"item\":\"https:\/\/sorece.org\/maricela\/\"},{\"@type\":\"ListItem\",\"position\":2,\"name\":\"Productos\",\"item\":\"https:\/\/sorece.org\/maricela\/shop\/\"},{\"@type\":\"ListItem\",\"position\":3,\"name\":\"Derechos sexuales y reproductivos. Una aproximaci\u00f3n desde los derechos humanos y el g\u00e9nero.\"}]},{\"@type\":\"WebSite\",\"@id\":\"https:\/\/sorece.org\/maricela\/#website\",\"url\":\"https:\/\/sorece.org\/maricela\/\",\"name\":\"Sorece\",\"description\":\"Asociaci\u00f3n de Psic\u00f3logas Feminista\",\"publisher\":{\"@id\":\"https:\/\/sorece.org\/maricela\/#organization\"},\"potentialAction\":[{\"@type\":\"SearchAction\",\"target\":{\"@type\":\"EntryPoint\",\"urlTemplate\":\"https:\/\/sorece.org\/maricela\/?s={search_term_string}\"},\"query-input\":{\"@type\":\"PropertyValueSpecification\",\"valueRequired\":true,\"valueName\":\"search_term_string\"}}],\"inLanguage\":\"es\"},{\"@type\":\"Organization\",\"@id\":\"https:\/\/sorece.org\/maricela\/#organization\",\"name\":\"Sorece\",\"url\":\"https:\/\/sorece.org\/maricela\/\",\"logo\":{\"@type\":\"ImageObject\",\"inLanguage\":\"es\",\"@id\":\"https:\/\/sorece.org\/maricela\/#\/schema\/logo\/image\/\",\"url\":\"https:\/\/sorece.org\/maricela\/wp-content\/uploads\/2023\/02\/Sorece-logo-Registrada-1-e1737698924626.png\",\"contentUrl\":\"https:\/\/sorece.org\/maricela\/wp-content\/uploads\/2023\/02\/Sorece-logo-Registrada-1-e1737698924626.png\",\"width\":628,\"height\":730,\"caption\":\"Sorece\"},\"image\":{\"@id\":\"https:\/\/sorece.org\/maricela\/#\/schema\/logo\/image\/\"}}]}<\/script>\n<!-- \/ Yoast SEO Premium plugin. -->","yoast_head_json":{"title":"Derechos sexuales y reproductivos. Una aproximaci\u00f3n desde los derechos humanos y el g\u00e9nero. - Sorece","description":"El objetivo de este curso es contribuir a la construcci\u00f3n de una cultura de derechos humanos, igualdad y no discriminaci\u00f3n para prevenir y eliminar pr\u00e1cticas discriminatorias en el \u00e1mbito de la salud sexual y reproductiva como parte fundamental del desarrollo y bienestar de las personas.","robots":{"index":"index","follow":"follow","max-snippet":"max-snippet:-1","max-image-preview":"max-image-preview:large","max-video-preview":"max-video-preview:-1"},"canonical":"https:\/\/sorece.org\/maricela\/producto\/curso-derechos-sexuales-y-reproductivos\/","og_locale":"es_ES","og_type":"article","og_title":"Derechos sexuales y reproductivos. Una aproximaci\u00f3n desde los derechos humanos y el g\u00e9nero.","og_description":"El objetivo de este curso es contribuir a la construcci\u00f3n de una cultura de derechos humanos, igualdad y no discriminaci\u00f3n para prevenir y eliminar pr\u00e1cticas discriminatorias en el \u00e1mbito de la salud sexual y reproductiva como parte fundamental del desarrollo y bienestar de las personas.","og_url":"https:\/\/sorece.org\/maricela\/producto\/curso-derechos-sexuales-y-reproductivos\/","og_site_name":"Sorece","og_image":[{"width":850,"height":850,"url":"https:\/\/sorece.org\/maricela\/wp-content\/uploads\/2024\/11\/e0e4d451-cc68-4bcc-9e1e-7c966743b193.jpg","type":"image\/jpeg"}],"twitter_card":"summary_large_image","twitter_misc":{"Tiempo de lectura":"2 minutos"},"schema":{"@context":"https:\/\/schema.org","@graph":[{"@type":"WebPage","@id":"https:\/\/sorece.org\/maricela\/producto\/curso-derechos-sexuales-y-reproductivos\/","url":"https:\/\/sorece.org\/maricela\/producto\/curso-derechos-sexuales-y-reproductivos\/","name":"Derechos sexuales y reproductivos. Una aproximaci\u00f3n desde los derechos humanos y el g\u00e9nero. - Sorece","isPartOf":{"@id":"https:\/\/sorece.org\/maricela\/#website"},"primaryImageOfPage":{"@id":"https:\/\/sorece.org\/maricela\/producto\/curso-derechos-sexuales-y-reproductivos\/#primaryimage"},"image":{"@id":"https:\/\/sorece.org\/maricela\/producto\/curso-derechos-sexuales-y-reproductivos\/#primaryimage"},"thumbnailUrl":"https:\/\/sorece.org\/maricela\/wp-content\/uploads\/2024\/11\/e0e4d451-cc68-4bcc-9e1e-7c966743b193.jpg","datePublished":"2024-11-15T23:07:43+00:00","description":"El objetivo de este curso es contribuir a la construcci\u00f3n de una cultura de derechos humanos, igualdad y no discriminaci\u00f3n para prevenir y eliminar pr\u00e1cticas discriminatorias en el \u00e1mbito de la salud sexual y reproductiva como parte fundamental del desarrollo y bienestar de las personas.","breadcrumb":{"@id":"https:\/\/sorece.org\/maricela\/producto\/curso-derechos-sexuales-y-reproductivos\/#breadcrumb"},"inLanguage":"es","potentialAction":[{"@type":"ReadAction","target":["https:\/\/sorece.org\/maricela\/producto\/curso-derechos-sexuales-y-reproductivos\/"]}]},{"@type":"ImageObject","inLanguage":"es","@id":"https:\/\/sorece.org\/maricela\/producto\/curso-derechos-sexuales-y-reproductivos\/#primaryimage","url":"https:\/\/sorece.org\/maricela\/wp-content\/uploads\/2024\/11\/e0e4d451-cc68-4bcc-9e1e-7c966743b193.jpg","contentUrl":"https:\/\/sorece.org\/maricela\/wp-content\/uploads\/2024\/11\/e0e4d451-cc68-4bcc-9e1e-7c966743b193.jpg","width":850,"height":850},{"@type":"BreadcrumbList","@id":"https:\/\/sorece.org\/maricela\/producto\/curso-derechos-sexuales-y-reproductivos\/#breadcrumb","itemListElement":[{"@type":"ListItem","position":1,"name":"Home","item":"https:\/\/sorece.org\/maricela\/"},{"@type":"ListItem","position":2,"name":"Productos","item":"https:\/\/sorece.org\/maricela\/shop\/"},{"@type":"ListItem","position":3,"name":"Derechos sexuales y reproductivos. Una aproximaci\u00f3n desde los derechos humanos y el g\u00e9nero."}]},{"@type":"WebSite","@id":"https:\/\/sorece.org\/maricela\/#website","url":"https:\/\/sorece.org\/maricela\/","name":"Sorece","description":"Asociaci\u00f3n de Psic\u00f3logas Feminista","publisher":{"@id":"https:\/\/sorece.org\/maricela\/#organization"},"potentialAction":[{"@type":"SearchAction","target":{"@type":"EntryPoint","urlTemplate":"https:\/\/sorece.org\/maricela\/?s={search_term_string}"},"query-input":{"@type":"PropertyValueSpecification","valueRequired":true,"valueName":"search_term_string"}}],"inLanguage":"es"},{"@type":"Organization","@id":"https:\/\/sorece.org\/maricela\/#organization","name":"Sorece","url":"https:\/\/sorece.org\/maricela\/","logo":{"@type":"ImageObject","inLanguage":"es","@id":"https:\/\/sorece.org\/maricela\/#\/schema\/logo\/image\/","url":"https:\/\/sorece.org\/maricela\/wp-content\/uploads\/2023\/02\/Sorece-logo-Registrada-1-e1737698924626.png","contentUrl":"https:\/\/sorece.org\/maricela\/wp-content\/uploads\/2023\/02\/Sorece-logo-Registrada-1-e1737698924626.png","width":628,"height":730,"caption":"Sorece"},"image":{"@id":"https:\/\/sorece.org\/maricela\/#\/schema\/logo\/image\/"}}]}},"_links":{"self":[{"href":"https:\/\/sorece.org\/maricela\/wp-json\/wp\/v2\/product\/16765","targetHints":{"allow":["GET"]}}],"collection":[{"href":"https:\/\/sorece.org\/maricela\/wp-json\/wp\/v2\/product"}],"about":[{"href":"https:\/\/sorece.org\/maricela\/wp-json\/wp\/v2\/types\/product"}],"wp:featuredmedia":[{"embeddable":true,"href":"https:\/\/sorece.org\/maricela\/wp-json\/wp\/v2\/media\/16766"}],"wp:attachment":[{"href":"https:\/\/sorece.org\/maricela\/wp-json\/wp\/v2\/media?parent=16765"}],"wp:term":[{"taxonomy":"product_brand","embeddable":true,"href":"https:\/\/sorece.org\/maricela\/wp-json\/wp\/v2\/product_brand?post=16765"},{"taxonomy":"product_cat","embeddable":true,"href":"https:\/\/sorece.org\/maricela\/wp-json\/wp\/v2\/product_cat?post=16765"},{"taxonomy":"product_tag","embeddable":true,"href":"https:\/\/sorece.org\/maricela\/wp-json\/wp\/v2\/product_tag?post=16765"}],"curies":[{"name":"wp","href":"https:\/\/api.w.org\/{rel}","templated":true}]}}