{"id":16763,"date":"2024-11-15T17:01:09","date_gmt":"2024-11-15T23:01:09","guid":{"rendered":"https:\/\/sorece.org\/maricela\/?post_type=product&#038;p=16763"},"modified":"2024-11-15T17:01:50","modified_gmt":"2024-11-15T23:01:50","slug":"manifestaciones-de-violencia-sexual-en-nins-y-adolescentes","status":"publish","type":"product","link":"https:\/\/sorece.org\/maricela\/producto\/manifestaciones-de-violencia-sexual-en-nins-y-adolescentes\/","title":{"rendered":"Manifestaciones de violencia sexual en ni\u00f1@s y adolescentes"},"content":{"rendered":"<p><span data-sheets-root=\"1\">La violencia sexual en la infancia y adolescencia sigue siendo percibido para muchas personas como experiencias inveros\u00edmiles o que ocurren en &#8220;ciertos&#8221; ambientes o familias. La revelaci\u00f3n de un evento de violencia sexual muchas veces es cuestionado por las personas adultas, dejando a ni\u00f1as y adolescentes en situaciones de vulnerabilidad y limitando acciones para su protecci\u00f3n. Como profesionistas de salud mental, tenemos un compromiso \u00e9tico en brindar espacios de acompa\u00f1amiento psicoterap\u00e9utico libre de mitos. La violencia sexual en la infancia y adolescencia es una realidad en la vida de muchas personas, conocer los aspectos m\u00e1s elementales para su comprensi\u00f3n y brindar un acompa\u00f1amiento o derivaci\u00f3n sensibilizado es sumamente necesario para toda psicoterapeuta (profesional o en formaci\u00f3n).<\/span><\/p>\n<p>El objetivo del curso es g<span data-sheets-root=\"1\">enerar herramientas que permitan comprender las manifestaciones de violencia sexual en ni\u00f1@s y adolescentes; los efectos psicosociales que genera la violencia sexual y un acercamiento al acompa\u00f1amiento psicoterap\u00e9utico.<\/span><\/p>\n<p>&nbsp;<\/p>\n<p class=\"p1\"><b>Temario:<\/b><\/p>\n<p class=\"p1\"><span data-sheets-root=\"1\">M\u00f3dulo 1. Infancia y Adolescencia <\/span><\/p>\n<p class=\"p1\"><span data-sheets-root=\"1\">-Sexualidad humana <\/span><\/p>\n<p class=\"p1\"><span data-sheets-root=\"1\">-Sexualidad integral <\/span><\/p>\n<p class=\"p1\"><span data-sheets-root=\"1\">-Desarrollo sexual en la infancia y adolescencia <\/span><\/p>\n<p class=\"p1\"><span data-sheets-root=\"1\">-Derechos humanos de ni\u00f1as, ni\u00f1os y adolescentes <\/span><\/p>\n<p>&nbsp;<\/p>\n<p class=\"p1\"><span data-sheets-root=\"1\">M\u00f3dulo 2. Violencia Sexual <\/span><\/p>\n<p class=\"p1\"><span data-sheets-root=\"1\">-Uso y abuso de poder <\/span><\/p>\n<p class=\"p1\"><span data-sheets-root=\"1\">-Violencia sexual contra ni\u00f1@s y adolescentes <\/span><\/p>\n<p class=\"p1\"><span data-sheets-root=\"1\">-Tipos de violencia sexual <\/span><\/p>\n<p class=\"p1\"><span data-sheets-root=\"1\">-Manifestaciones de la violencia sexual <\/span><\/p>\n<p class=\"p1\"><span data-sheets-root=\"1\">-Actores en la violencia sexual en la infancia y adolescencia <\/span><\/p>\n<p class=\"p1\"><span data-sheets-root=\"1\">-Indicadores de violencia sexual en ni\u00f1@s y adolescentes <\/span><\/p>\n<p>&nbsp;<\/p>\n<p class=\"p1\"><span data-sheets-root=\"1\">M\u00f3dulo 3. Acercamiento al acompa\u00f1amiento y a la atenci\u00f3n psicoterapeutica en casos de violencia sexual en la infancia y adolescencia <\/span><\/p>\n<p class=\"p1\"><span data-sheets-root=\"1\">-El primer acercamiento a psicoterapia <\/span><\/p>\n<p class=\"p1\"><span data-sheets-root=\"1\">-Recursos para el abordaje psicoterap\u00e9utico <\/span><\/p>\n<p class=\"p1\"><span data-sheets-root=\"1\">-Instancias de apoyo<\/span><\/p>\n<p>&nbsp;<\/p>\n<p class=\"p1\"><b>Dirigido a:<\/b><\/p>\n<p class=\"p1\"><span data-sheets-root=\"1\">El curso esta dise\u00f1ado para psicol\u00f3gxs, psicoterapeutas y estudiantes de psicolog\u00eda (de cualquier nivel de estudios). <\/span><\/p>\n<p class=\"p1\"><span data-sheets-root=\"1\">No apto para poblaci\u00f3n en general (familias o sobrevivientes de violencia sexual).<\/span><\/p>\n<p class=\"p1\"><b>Modalidad:<\/b><\/p>\n<p class=\"p1\">Online, asincr\u00f3nico.<\/p>\n<p class=\"p1\"><b>Imparte:<\/b><\/p>\n<p><span data-sheets-root=\"1\">Ivette Santiago S\u00e1nchez<\/span><\/p>\n","protected":false},"excerpt":{"rendered":"<p><span data-sheets-root=\"1\">El curso busca contribuir a que las participantes conozcan el marco de referencia y entendimiento de lo que representa la violencia sexual en la infancia y adolescencia. Logrando identificar los mitos que obstaculizan el acompa\u00f1amiento y\/o la atenci\u00f3n psicoterap\u00e9utica en sobrevivientes de violencia sexual en la infancia y adolescencia. Durante el curso se busca reflexionar la manera en que se generan los constructos acerca de la infancia, adolescencia, sexualidad, familias y los efectos de la violencia sexual. <\/span><\/p>\n","protected":false},"featured_media":16764,"template":"","meta":{"give_campaign_id":0},"product_brand":[],"product_cat":[20],"product_tag":[],"class_list":{"0":"post-16763","1":"product","2":"type-product","3":"status-publish","4":"has-post-thumbnail","6":"product_cat-curso-online","8":"first","9":"instock","10":"sale","11":"virtual","12":"purchasable","13":"product-type-simple"},"yoast_head":"<!-- This site is optimized with the Yoast SEO Premium plugin v21.2 (Yoast SEO v27.1.1) - https:\/\/yoast.com\/product\/yoast-seo-premium-wordpress\/ -->\n<title>Manifestaciones de violencia sexual en ni\u00f1@s y adolescentes - Sorece<\/title>\n<meta name=\"description\" content=\"El curso busca contribuir a que las participantes conozcan el marco de referencia y entendimiento de lo que representa la violencia sexual en la infancia y adolescencia.\" \/>\n<meta name=\"robots\" content=\"index, follow, max-snippet:-1, max-image-preview:large, max-video-preview:-1\" \/>\n<link rel=\"canonical\" href=\"https:\/\/sorece.org\/maricela\/producto\/manifestaciones-de-violencia-sexual-en-nins-y-adolescentes\/\" \/>\n<meta property=\"og:locale\" content=\"es_ES\" \/>\n<meta property=\"og:type\" content=\"article\" \/>\n<meta property=\"og:title\" content=\"Manifestaciones de violencia sexual en ni\u00f1@s y adolescentes\" \/>\n<meta property=\"og:description\" content=\"El curso busca contribuir a que las participantes conozcan el marco de referencia y entendimiento de lo que representa la violencia sexual en la infancia y adolescencia.\" \/>\n<meta property=\"og:url\" content=\"https:\/\/sorece.org\/maricela\/producto\/manifestaciones-de-violencia-sexual-en-nins-y-adolescentes\/\" \/>\n<meta property=\"og:site_name\" content=\"Sorece\" \/>\n<meta property=\"article:modified_time\" content=\"2024-11-15T23:01:50+00:00\" \/>\n<meta property=\"og:image\" content=\"https:\/\/sorece.org\/maricela\/wp-content\/uploads\/2024\/11\/0a926356-8ad3-4bdb-89fb-eb4fe408caa9.jpg\" \/>\n\t<meta property=\"og:image:width\" content=\"850\" \/>\n\t<meta property=\"og:image:height\" content=\"850\" \/>\n\t<meta property=\"og:image:type\" content=\"image\/jpeg\" \/>\n<meta name=\"twitter:card\" content=\"summary_large_image\" \/>\n<meta name=\"twitter:label1\" content=\"Tiempo de lectura\" \/>\n\t<meta name=\"twitter:data1\" content=\"2 minutos\" \/>\n<script type=\"application\/ld+json\" class=\"yoast-schema-graph\">{\"@context\":\"https:\/\/schema.org\",\"@graph\":[{\"@type\":\"WebPage\",\"@id\":\"https:\/\/sorece.org\/maricela\/producto\/manifestaciones-de-violencia-sexual-en-nins-y-adolescentes\/\",\"url\":\"https:\/\/sorece.org\/maricela\/producto\/manifestaciones-de-violencia-sexual-en-nins-y-adolescentes\/\",\"name\":\"Manifestaciones de violencia sexual en ni\u00f1@s y adolescentes - Sorece\",\"isPartOf\":{\"@id\":\"https:\/\/sorece.org\/maricela\/#website\"},\"primaryImageOfPage\":{\"@id\":\"https:\/\/sorece.org\/maricela\/producto\/manifestaciones-de-violencia-sexual-en-nins-y-adolescentes\/#primaryimage\"},\"image\":{\"@id\":\"https:\/\/sorece.org\/maricela\/producto\/manifestaciones-de-violencia-sexual-en-nins-y-adolescentes\/#primaryimage\"},\"thumbnailUrl\":\"https:\/\/sorece.org\/maricela\/wp-content\/uploads\/2024\/11\/0a926356-8ad3-4bdb-89fb-eb4fe408caa9.jpg\",\"datePublished\":\"2024-11-15T23:01:09+00:00\",\"dateModified\":\"2024-11-15T23:01:50+00:00\",\"description\":\"El curso busca contribuir a que las participantes conozcan el marco de referencia y entendimiento de lo que representa la violencia sexual en la infancia y adolescencia.\",\"breadcrumb\":{\"@id\":\"https:\/\/sorece.org\/maricela\/producto\/manifestaciones-de-violencia-sexual-en-nins-y-adolescentes\/#breadcrumb\"},\"inLanguage\":\"es\",\"potentialAction\":[{\"@type\":\"ReadAction\",\"target\":[\"https:\/\/sorece.org\/maricela\/producto\/manifestaciones-de-violencia-sexual-en-nins-y-adolescentes\/\"]}]},{\"@type\":\"ImageObject\",\"inLanguage\":\"es\",\"@id\":\"https:\/\/sorece.org\/maricela\/producto\/manifestaciones-de-violencia-sexual-en-nins-y-adolescentes\/#primaryimage\",\"url\":\"https:\/\/sorece.org\/maricela\/wp-content\/uploads\/2024\/11\/0a926356-8ad3-4bdb-89fb-eb4fe408caa9.jpg\",\"contentUrl\":\"https:\/\/sorece.org\/maricela\/wp-content\/uploads\/2024\/11\/0a926356-8ad3-4bdb-89fb-eb4fe408caa9.jpg\",\"width\":850,\"height\":850},{\"@type\":\"BreadcrumbList\",\"@id\":\"https:\/\/sorece.org\/maricela\/producto\/manifestaciones-de-violencia-sexual-en-nins-y-adolescentes\/#breadcrumb\",\"itemListElement\":[{\"@type\":\"ListItem\",\"position\":1,\"name\":\"Home\",\"item\":\"https:\/\/sorece.org\/maricela\/\"},{\"@type\":\"ListItem\",\"position\":2,\"name\":\"Productos\",\"item\":\"https:\/\/sorece.org\/maricela\/shop\/\"},{\"@type\":\"ListItem\",\"position\":3,\"name\":\"Manifestaciones de violencia sexual en ni\u00f1@s y adolescentes\"}]},{\"@type\":\"WebSite\",\"@id\":\"https:\/\/sorece.org\/maricela\/#website\",\"url\":\"https:\/\/sorece.org\/maricela\/\",\"name\":\"Sorece\",\"description\":\"Asociaci\u00f3n de Psic\u00f3logas Feminista\",\"publisher\":{\"@id\":\"https:\/\/sorece.org\/maricela\/#organization\"},\"potentialAction\":[{\"@type\":\"SearchAction\",\"target\":{\"@type\":\"EntryPoint\",\"urlTemplate\":\"https:\/\/sorece.org\/maricela\/?s={search_term_string}\"},\"query-input\":{\"@type\":\"PropertyValueSpecification\",\"valueRequired\":true,\"valueName\":\"search_term_string\"}}],\"inLanguage\":\"es\"},{\"@type\":\"Organization\",\"@id\":\"https:\/\/sorece.org\/maricela\/#organization\",\"name\":\"Sorece\",\"url\":\"https:\/\/sorece.org\/maricela\/\",\"logo\":{\"@type\":\"ImageObject\",\"inLanguage\":\"es\",\"@id\":\"https:\/\/sorece.org\/maricela\/#\/schema\/logo\/image\/\",\"url\":\"https:\/\/sorece.org\/maricela\/wp-content\/uploads\/2023\/02\/Sorece-logo-Registrada-1-e1737698924626.png\",\"contentUrl\":\"https:\/\/sorece.org\/maricela\/wp-content\/uploads\/2023\/02\/Sorece-logo-Registrada-1-e1737698924626.png\",\"width\":628,\"height\":730,\"caption\":\"Sorece\"},\"image\":{\"@id\":\"https:\/\/sorece.org\/maricela\/#\/schema\/logo\/image\/\"}}]}<\/script>\n<!-- \/ Yoast SEO Premium plugin. -->","yoast_head_json":{"title":"Manifestaciones de violencia sexual en ni\u00f1@s y adolescentes - Sorece","description":"El curso busca contribuir a que las participantes conozcan el marco de referencia y entendimiento de lo que representa la violencia sexual en la infancia y adolescencia.","robots":{"index":"index","follow":"follow","max-snippet":"max-snippet:-1","max-image-preview":"max-image-preview:large","max-video-preview":"max-video-preview:-1"},"canonical":"https:\/\/sorece.org\/maricela\/producto\/manifestaciones-de-violencia-sexual-en-nins-y-adolescentes\/","og_locale":"es_ES","og_type":"article","og_title":"Manifestaciones de violencia sexual en ni\u00f1@s y adolescentes","og_description":"El curso busca contribuir a que las participantes conozcan el marco de referencia y entendimiento de lo que representa la violencia sexual en la infancia y adolescencia.","og_url":"https:\/\/sorece.org\/maricela\/producto\/manifestaciones-de-violencia-sexual-en-nins-y-adolescentes\/","og_site_name":"Sorece","article_modified_time":"2024-11-15T23:01:50+00:00","og_image":[{"width":850,"height":850,"url":"https:\/\/sorece.org\/maricela\/wp-content\/uploads\/2024\/11\/0a926356-8ad3-4bdb-89fb-eb4fe408caa9.jpg","type":"image\/jpeg"}],"twitter_card":"summary_large_image","twitter_misc":{"Tiempo de lectura":"2 minutos"},"schema":{"@context":"https:\/\/schema.org","@graph":[{"@type":"WebPage","@id":"https:\/\/sorece.org\/maricela\/producto\/manifestaciones-de-violencia-sexual-en-nins-y-adolescentes\/","url":"https:\/\/sorece.org\/maricela\/producto\/manifestaciones-de-violencia-sexual-en-nins-y-adolescentes\/","name":"Manifestaciones de violencia sexual en ni\u00f1@s y adolescentes - Sorece","isPartOf":{"@id":"https:\/\/sorece.org\/maricela\/#website"},"primaryImageOfPage":{"@id":"https:\/\/sorece.org\/maricela\/producto\/manifestaciones-de-violencia-sexual-en-nins-y-adolescentes\/#primaryimage"},"image":{"@id":"https:\/\/sorece.org\/maricela\/producto\/manifestaciones-de-violencia-sexual-en-nins-y-adolescentes\/#primaryimage"},"thumbnailUrl":"https:\/\/sorece.org\/maricela\/wp-content\/uploads\/2024\/11\/0a926356-8ad3-4bdb-89fb-eb4fe408caa9.jpg","datePublished":"2024-11-15T23:01:09+00:00","dateModified":"2024-11-15T23:01:50+00:00","description":"El curso busca contribuir a que las participantes conozcan el marco de referencia y entendimiento de lo que representa la violencia sexual en la infancia y adolescencia.","breadcrumb":{"@id":"https:\/\/sorece.org\/maricela\/producto\/manifestaciones-de-violencia-sexual-en-nins-y-adolescentes\/#breadcrumb"},"inLanguage":"es","potentialAction":[{"@type":"ReadAction","target":["https:\/\/sorece.org\/maricela\/producto\/manifestaciones-de-violencia-sexual-en-nins-y-adolescentes\/"]}]},{"@type":"ImageObject","inLanguage":"es","@id":"https:\/\/sorece.org\/maricela\/producto\/manifestaciones-de-violencia-sexual-en-nins-y-adolescentes\/#primaryimage","url":"https:\/\/sorece.org\/maricela\/wp-content\/uploads\/2024\/11\/0a926356-8ad3-4bdb-89fb-eb4fe408caa9.jpg","contentUrl":"https:\/\/sorece.org\/maricela\/wp-content\/uploads\/2024\/11\/0a926356-8ad3-4bdb-89fb-eb4fe408caa9.jpg","width":850,"height":850},{"@type":"BreadcrumbList","@id":"https:\/\/sorece.org\/maricela\/producto\/manifestaciones-de-violencia-sexual-en-nins-y-adolescentes\/#breadcrumb","itemListElement":[{"@type":"ListItem","position":1,"name":"Home","item":"https:\/\/sorece.org\/maricela\/"},{"@type":"ListItem","position":2,"name":"Productos","item":"https:\/\/sorece.org\/maricela\/shop\/"},{"@type":"ListItem","position":3,"name":"Manifestaciones de violencia sexual en ni\u00f1@s y adolescentes"}]},{"@type":"WebSite","@id":"https:\/\/sorece.org\/maricela\/#website","url":"https:\/\/sorece.org\/maricela\/","name":"Sorece","description":"Asociaci\u00f3n de Psic\u00f3logas Feminista","publisher":{"@id":"https:\/\/sorece.org\/maricela\/#organization"},"potentialAction":[{"@type":"SearchAction","target":{"@type":"EntryPoint","urlTemplate":"https:\/\/sorece.org\/maricela\/?s={search_term_string}"},"query-input":{"@type":"PropertyValueSpecification","valueRequired":true,"valueName":"search_term_string"}}],"inLanguage":"es"},{"@type":"Organization","@id":"https:\/\/sorece.org\/maricela\/#organization","name":"Sorece","url":"https:\/\/sorece.org\/maricela\/","logo":{"@type":"ImageObject","inLanguage":"es","@id":"https:\/\/sorece.org\/maricela\/#\/schema\/logo\/image\/","url":"https:\/\/sorece.org\/maricela\/wp-content\/uploads\/2023\/02\/Sorece-logo-Registrada-1-e1737698924626.png","contentUrl":"https:\/\/sorece.org\/maricela\/wp-content\/uploads\/2023\/02\/Sorece-logo-Registrada-1-e1737698924626.png","width":628,"height":730,"caption":"Sorece"},"image":{"@id":"https:\/\/sorece.org\/maricela\/#\/schema\/logo\/image\/"}}]}},"_links":{"self":[{"href":"https:\/\/sorece.org\/maricela\/wp-json\/wp\/v2\/product\/16763","targetHints":{"allow":["GET"]}}],"collection":[{"href":"https:\/\/sorece.org\/maricela\/wp-json\/wp\/v2\/product"}],"about":[{"href":"https:\/\/sorece.org\/maricela\/wp-json\/wp\/v2\/types\/product"}],"wp:featuredmedia":[{"embeddable":true,"href":"https:\/\/sorece.org\/maricela\/wp-json\/wp\/v2\/media\/16764"}],"wp:attachment":[{"href":"https:\/\/sorece.org\/maricela\/wp-json\/wp\/v2\/media?parent=16763"}],"wp:term":[{"taxonomy":"product_brand","embeddable":true,"href":"https:\/\/sorece.org\/maricela\/wp-json\/wp\/v2\/product_brand?post=16763"},{"taxonomy":"product_cat","embeddable":true,"href":"https:\/\/sorece.org\/maricela\/wp-json\/wp\/v2\/product_cat?post=16763"},{"taxonomy":"product_tag","embeddable":true,"href":"https:\/\/sorece.org\/maricela\/wp-json\/wp\/v2\/product_tag?post=16763"}],"curies":[{"name":"wp","href":"https:\/\/api.w.org\/{rel}","templated":true}]}}