{"id":16760,"date":"2024-11-15T16:50:49","date_gmt":"2024-11-15T22:50:49","guid":{"rendered":"https:\/\/sorece.org\/maricela\/?post_type=product&#038;p=16760"},"modified":"2024-11-15T16:50:50","modified_gmt":"2024-11-15T22:50:50","slug":"maternidar-claves-para-una-crianza-feminista","status":"publish","type":"product","link":"https:\/\/sorece.org\/maricela\/producto\/maternidar-claves-para-una-crianza-feminista\/","title":{"rendered":"Maternidar: claves para una crianza feminista."},"content":{"rendered":"<p><span data-sheets-root=\"1\">Las mujeres trabajan icesantemente, remuneradas o no; trabajan con opresiones ideol\u00f3gicas, de desempelo, por la precariedad salarial, la presi\u00f3n por las multitareas de cuidado, alimentaci\u00f3n, crianza y educaci\u00f3n y, la siempre menor participaci\u00f3n del hombre en la crianza de los hijos (Giampino, 2002). Lo cual gesta en el proceso un sinf\u00edn de violencias que pasan desapercibidas por ellas y por las personas a su alrrededor.<\/p>\n<p>Por ello tener un espacio d\u00f3nde pueda compartir sus experiencias y tomar nuevas herramientas para una crianza desde una mirada feminista, es un aliciente para liberarse de la sobrecarga de la crianza y la maternidad que aisla a las mujeres y asfixia su existencia. <\/span><\/p>\n<p><span data-sheets-root=\"1\">Este curso ofrece un espacio de reflexi\u00f3n, an\u00e1lisis y aprendizaje para revisar nuestros estilos de crianza, los cuales generalmente inconscientemente se gesta desde modelos de imposici\u00f3n que no permite a las mujeres tener vida propia m\u00e1s all\u00e1 de la maternidad. Por tanto, mirar la crianza desde una perspectiva feminista busca ofrecer herramientas para que las mujeres nos reconciliemos con la \u201cmala madre\u201d, para tomar de ella la fuerza para ejercer una crianza humanista y amorosa con nuestros hijos e hijas, y tambi\u00e9n con una misma.<br \/>\nSe trata de mirar a la crianza desde una perspectiva feminista para que las mujeres podamos tener una maternidad libre, gozosa y con derechos.<\/p>\n<p>En una sociedad patriarcal existen estructuras y pr\u00e1cticas que empujan a las mujeres que eligen ser madres a ejercer el papel de madre las 24 horas del d\u00eda, sin que haya espacios para gestar una crianza que d\u00e9 paso a una vida profesional y de esparcimiento donde las mujeres puedan desconectar de ser mam\u00e1 24\/7. En la imposici\u00f3n cultural de ser la mujer-madre todo el tiempo, se gestan violencias invisibles que desdibujan el placer, el disfrute y el esparcimiento como una forma de autocuidado a una misma y a nuestros hijos e hijas.<\/span><\/p>\n<p class=\"p1\"><b>Temario:<\/b><\/p>\n<p class=\"p1\"><span data-sheets-root=\"1\">M\u00f3dulo 1. Maternidad y feminismo<br \/>\n\u2022 La maternidad por elecci\u00f3n<br \/>\n\u2022 La maternidad por elecci\u00f3n vs maternidad por imposici\u00f3n (La maternidad ser\u00e1 elegida, si no, no ser\u00e1).<br \/>\n\u2022 Madres desobedientes<\/span><\/p>\n<p class=\"p1\"><span data-sheets-root=\"1\"><br \/>\nM\u00f3dulo 2. Crianza libre de culpa<br \/>\n\u2022 Arquetipos sobre la maternidad: La madre abnegada y la madre libre<br \/>\n\u2022 Redes de apoyo \u00bfD\u00f3nde est\u00e1 mi tribu?<br \/>\n\u2022 Madreas agotadas<\/span><\/p>\n<p class=\"p1\"><span data-sheets-root=\"1\"><br \/>\nM\u00f3dulo 3 Estilos de crianza<br \/>\n\u2022 Mis estilos de crianza<br \/>\no Mi mam\u00e1 mi espejo<br \/>\no Mi derecho a desobedecer<\/span><\/p>\n<p class=\"p1\"><span data-sheets-root=\"1\"><br \/>\nModulo 4. De autocuidados y otros demonios<br \/>\n\u2022 Autocuidado<br \/>\n\u2022 La vida propia m\u00e1s all\u00e1 de la crianza <\/span><\/p>\n<p class=\"p1\"><b>Dirigido a:<\/b><\/p>\n<p class=\"p1\">Dirigido a mujeres que ejercen el rol de madre.<\/p>\n<p class=\"p1\">Dirigido a psicologas, trabajadoras sociales que acompa\u00f1an a mujeres que ejercen el rol de madre y\/o que tambi\u00e9n son madres.<\/p>\n<p class=\"p1\"><b>Modalidad:<\/b><\/p>\n<p class=\"p1\">Online, asincr\u00f3nico.<\/p>\n<p class=\"p1\"><b>Imparte:<\/b><\/p>\n<p><span data-sheets-root=\"1\">Ariana Toriz Mart\u00ednez<\/span><\/p>\n","protected":false},"excerpt":{"rendered":"<p><span data-sheets-root=\"1\">Este curso tiene como objetivo ofrecer un espacio de reflexi\u00f3n, escucha y aprendizaje para que juntas reivindiquemos nuestros estilos de la crianza desde el feminismo, para dar paso a una crianza humanista.<\/p>\n<p>Se trata de mirar a la crianza desde una perspectiva feminista y reconciliar ambas experiencias, lo cual es imprescindible para que las mujeres podamos tener una maternidad libre, gozosa y con derechos. <\/span><\/p>\n","protected":false},"featured_media":16762,"template":"","meta":{"give_campaign_id":0},"product_brand":[],"product_cat":[20],"product_tag":[],"class_list":{"0":"post-16760","1":"product","2":"type-product","3":"status-publish","4":"has-post-thumbnail","6":"product_cat-curso-online","8":"first","9":"instock","10":"sale","11":"virtual","12":"purchasable","13":"product-type-simple"},"yoast_head":"<!-- This site is optimized with the Yoast SEO Premium plugin v21.2 (Yoast SEO v27.1.1) - https:\/\/yoast.com\/product\/yoast-seo-premium-wordpress\/ -->\n<title>Maternidar: claves para una crianza feminista. - Sorece<\/title>\n<meta name=\"description\" content=\"Este curso tiene como objetivo ofrecer un espacio de reflexi\u00f3n, escucha y aprendizaje para que juntas reivindiquemos nuestros estilos de la crianza desde el feminismo, para dar paso a una maternidad humanista.\" \/>\n<meta name=\"robots\" content=\"index, follow, max-snippet:-1, max-image-preview:large, max-video-preview:-1\" \/>\n<link rel=\"canonical\" href=\"https:\/\/sorece.org\/maricela\/producto\/maternidar-claves-para-una-crianza-feminista\/\" \/>\n<meta property=\"og:locale\" content=\"es_ES\" \/>\n<meta property=\"og:type\" content=\"article\" \/>\n<meta property=\"og:title\" content=\"Maternidar: claves para una crianza feminista.\" \/>\n<meta property=\"og:description\" content=\"Este curso tiene como objetivo ofrecer un espacio de reflexi\u00f3n, escucha y aprendizaje para que juntas reivindiquemos nuestros estilos de la crianza desde el feminismo, para dar paso a una maternidad humanista.\" \/>\n<meta property=\"og:url\" content=\"https:\/\/sorece.org\/maricela\/producto\/maternidar-claves-para-una-crianza-feminista\/\" \/>\n<meta property=\"og:site_name\" content=\"Sorece\" \/>\n<meta property=\"article:modified_time\" content=\"2024-11-15T22:50:50+00:00\" \/>\n<meta property=\"og:image\" content=\"https:\/\/sorece.org\/maricela\/wp-content\/uploads\/2024\/11\/0e58dce1-a07e-4afe-a200-db4713a86640.jpg\" \/>\n\t<meta property=\"og:image:width\" content=\"850\" \/>\n\t<meta property=\"og:image:height\" content=\"850\" \/>\n\t<meta property=\"og:image:type\" content=\"image\/jpeg\" \/>\n<meta name=\"twitter:card\" content=\"summary_large_image\" \/>\n<meta name=\"twitter:label1\" content=\"Tiempo de lectura\" \/>\n\t<meta name=\"twitter:data1\" content=\"3 minutos\" \/>\n<script type=\"application\/ld+json\" class=\"yoast-schema-graph\">{\"@context\":\"https:\/\/schema.org\",\"@graph\":[{\"@type\":\"WebPage\",\"@id\":\"https:\/\/sorece.org\/maricela\/producto\/maternidar-claves-para-una-crianza-feminista\/\",\"url\":\"https:\/\/sorece.org\/maricela\/producto\/maternidar-claves-para-una-crianza-feminista\/\",\"name\":\"Maternidar: claves para una crianza feminista. - Sorece\",\"isPartOf\":{\"@id\":\"https:\/\/sorece.org\/maricela\/#website\"},\"primaryImageOfPage\":{\"@id\":\"https:\/\/sorece.org\/maricela\/producto\/maternidar-claves-para-una-crianza-feminista\/#primaryimage\"},\"image\":{\"@id\":\"https:\/\/sorece.org\/maricela\/producto\/maternidar-claves-para-una-crianza-feminista\/#primaryimage\"},\"thumbnailUrl\":\"https:\/\/sorece.org\/maricela\/wp-content\/uploads\/2024\/11\/0e58dce1-a07e-4afe-a200-db4713a86640.jpg\",\"datePublished\":\"2024-11-15T22:50:49+00:00\",\"dateModified\":\"2024-11-15T22:50:50+00:00\",\"description\":\"Este curso tiene como objetivo ofrecer un espacio de reflexi\u00f3n, escucha y aprendizaje para que juntas reivindiquemos nuestros estilos de la crianza desde el feminismo, para dar paso a una maternidad humanista.\",\"breadcrumb\":{\"@id\":\"https:\/\/sorece.org\/maricela\/producto\/maternidar-claves-para-una-crianza-feminista\/#breadcrumb\"},\"inLanguage\":\"es\",\"potentialAction\":[{\"@type\":\"ReadAction\",\"target\":[\"https:\/\/sorece.org\/maricela\/producto\/maternidar-claves-para-una-crianza-feminista\/\"]}]},{\"@type\":\"ImageObject\",\"inLanguage\":\"es\",\"@id\":\"https:\/\/sorece.org\/maricela\/producto\/maternidar-claves-para-una-crianza-feminista\/#primaryimage\",\"url\":\"https:\/\/sorece.org\/maricela\/wp-content\/uploads\/2024\/11\/0e58dce1-a07e-4afe-a200-db4713a86640.jpg\",\"contentUrl\":\"https:\/\/sorece.org\/maricela\/wp-content\/uploads\/2024\/11\/0e58dce1-a07e-4afe-a200-db4713a86640.jpg\",\"width\":850,\"height\":850},{\"@type\":\"BreadcrumbList\",\"@id\":\"https:\/\/sorece.org\/maricela\/producto\/maternidar-claves-para-una-crianza-feminista\/#breadcrumb\",\"itemListElement\":[{\"@type\":\"ListItem\",\"position\":1,\"name\":\"Home\",\"item\":\"https:\/\/sorece.org\/maricela\/\"},{\"@type\":\"ListItem\",\"position\":2,\"name\":\"Productos\",\"item\":\"https:\/\/sorece.org\/maricela\/shop\/\"},{\"@type\":\"ListItem\",\"position\":3,\"name\":\"Maternidar: claves para una crianza feminista.\"}]},{\"@type\":\"WebSite\",\"@id\":\"https:\/\/sorece.org\/maricela\/#website\",\"url\":\"https:\/\/sorece.org\/maricela\/\",\"name\":\"Sorece\",\"description\":\"Asociaci\u00f3n de Psic\u00f3logas Feminista\",\"publisher\":{\"@id\":\"https:\/\/sorece.org\/maricela\/#organization\"},\"potentialAction\":[{\"@type\":\"SearchAction\",\"target\":{\"@type\":\"EntryPoint\",\"urlTemplate\":\"https:\/\/sorece.org\/maricela\/?s={search_term_string}\"},\"query-input\":{\"@type\":\"PropertyValueSpecification\",\"valueRequired\":true,\"valueName\":\"search_term_string\"}}],\"inLanguage\":\"es\"},{\"@type\":\"Organization\",\"@id\":\"https:\/\/sorece.org\/maricela\/#organization\",\"name\":\"Sorece\",\"url\":\"https:\/\/sorece.org\/maricela\/\",\"logo\":{\"@type\":\"ImageObject\",\"inLanguage\":\"es\",\"@id\":\"https:\/\/sorece.org\/maricela\/#\/schema\/logo\/image\/\",\"url\":\"https:\/\/sorece.org\/maricela\/wp-content\/uploads\/2023\/02\/Sorece-logo-Registrada-1-e1737698924626.png\",\"contentUrl\":\"https:\/\/sorece.org\/maricela\/wp-content\/uploads\/2023\/02\/Sorece-logo-Registrada-1-e1737698924626.png\",\"width\":628,\"height\":730,\"caption\":\"Sorece\"},\"image\":{\"@id\":\"https:\/\/sorece.org\/maricela\/#\/schema\/logo\/image\/\"}}]}<\/script>\n<!-- \/ Yoast SEO Premium plugin. -->","yoast_head_json":{"title":"Maternidar: claves para una crianza feminista. - Sorece","description":"Este curso tiene como objetivo ofrecer un espacio de reflexi\u00f3n, escucha y aprendizaje para que juntas reivindiquemos nuestros estilos de la crianza desde el feminismo, para dar paso a una maternidad humanista.","robots":{"index":"index","follow":"follow","max-snippet":"max-snippet:-1","max-image-preview":"max-image-preview:large","max-video-preview":"max-video-preview:-1"},"canonical":"https:\/\/sorece.org\/maricela\/producto\/maternidar-claves-para-una-crianza-feminista\/","og_locale":"es_ES","og_type":"article","og_title":"Maternidar: claves para una crianza feminista.","og_description":"Este curso tiene como objetivo ofrecer un espacio de reflexi\u00f3n, escucha y aprendizaje para que juntas reivindiquemos nuestros estilos de la crianza desde el feminismo, para dar paso a una maternidad humanista.","og_url":"https:\/\/sorece.org\/maricela\/producto\/maternidar-claves-para-una-crianza-feminista\/","og_site_name":"Sorece","article_modified_time":"2024-11-15T22:50:50+00:00","og_image":[{"width":850,"height":850,"url":"https:\/\/sorece.org\/maricela\/wp-content\/uploads\/2024\/11\/0e58dce1-a07e-4afe-a200-db4713a86640.jpg","type":"image\/jpeg"}],"twitter_card":"summary_large_image","twitter_misc":{"Tiempo de lectura":"3 minutos"},"schema":{"@context":"https:\/\/schema.org","@graph":[{"@type":"WebPage","@id":"https:\/\/sorece.org\/maricela\/producto\/maternidar-claves-para-una-crianza-feminista\/","url":"https:\/\/sorece.org\/maricela\/producto\/maternidar-claves-para-una-crianza-feminista\/","name":"Maternidar: claves para una crianza feminista. - Sorece","isPartOf":{"@id":"https:\/\/sorece.org\/maricela\/#website"},"primaryImageOfPage":{"@id":"https:\/\/sorece.org\/maricela\/producto\/maternidar-claves-para-una-crianza-feminista\/#primaryimage"},"image":{"@id":"https:\/\/sorece.org\/maricela\/producto\/maternidar-claves-para-una-crianza-feminista\/#primaryimage"},"thumbnailUrl":"https:\/\/sorece.org\/maricela\/wp-content\/uploads\/2024\/11\/0e58dce1-a07e-4afe-a200-db4713a86640.jpg","datePublished":"2024-11-15T22:50:49+00:00","dateModified":"2024-11-15T22:50:50+00:00","description":"Este curso tiene como objetivo ofrecer un espacio de reflexi\u00f3n, escucha y aprendizaje para que juntas reivindiquemos nuestros estilos de la crianza desde el feminismo, para dar paso a una maternidad humanista.","breadcrumb":{"@id":"https:\/\/sorece.org\/maricela\/producto\/maternidar-claves-para-una-crianza-feminista\/#breadcrumb"},"inLanguage":"es","potentialAction":[{"@type":"ReadAction","target":["https:\/\/sorece.org\/maricela\/producto\/maternidar-claves-para-una-crianza-feminista\/"]}]},{"@type":"ImageObject","inLanguage":"es","@id":"https:\/\/sorece.org\/maricela\/producto\/maternidar-claves-para-una-crianza-feminista\/#primaryimage","url":"https:\/\/sorece.org\/maricela\/wp-content\/uploads\/2024\/11\/0e58dce1-a07e-4afe-a200-db4713a86640.jpg","contentUrl":"https:\/\/sorece.org\/maricela\/wp-content\/uploads\/2024\/11\/0e58dce1-a07e-4afe-a200-db4713a86640.jpg","width":850,"height":850},{"@type":"BreadcrumbList","@id":"https:\/\/sorece.org\/maricela\/producto\/maternidar-claves-para-una-crianza-feminista\/#breadcrumb","itemListElement":[{"@type":"ListItem","position":1,"name":"Home","item":"https:\/\/sorece.org\/maricela\/"},{"@type":"ListItem","position":2,"name":"Productos","item":"https:\/\/sorece.org\/maricela\/shop\/"},{"@type":"ListItem","position":3,"name":"Maternidar: claves para una crianza feminista."}]},{"@type":"WebSite","@id":"https:\/\/sorece.org\/maricela\/#website","url":"https:\/\/sorece.org\/maricela\/","name":"Sorece","description":"Asociaci\u00f3n de Psic\u00f3logas Feminista","publisher":{"@id":"https:\/\/sorece.org\/maricela\/#organization"},"potentialAction":[{"@type":"SearchAction","target":{"@type":"EntryPoint","urlTemplate":"https:\/\/sorece.org\/maricela\/?s={search_term_string}"},"query-input":{"@type":"PropertyValueSpecification","valueRequired":true,"valueName":"search_term_string"}}],"inLanguage":"es"},{"@type":"Organization","@id":"https:\/\/sorece.org\/maricela\/#organization","name":"Sorece","url":"https:\/\/sorece.org\/maricela\/","logo":{"@type":"ImageObject","inLanguage":"es","@id":"https:\/\/sorece.org\/maricela\/#\/schema\/logo\/image\/","url":"https:\/\/sorece.org\/maricela\/wp-content\/uploads\/2023\/02\/Sorece-logo-Registrada-1-e1737698924626.png","contentUrl":"https:\/\/sorece.org\/maricela\/wp-content\/uploads\/2023\/02\/Sorece-logo-Registrada-1-e1737698924626.png","width":628,"height":730,"caption":"Sorece"},"image":{"@id":"https:\/\/sorece.org\/maricela\/#\/schema\/logo\/image\/"}}]}},"_links":{"self":[{"href":"https:\/\/sorece.org\/maricela\/wp-json\/wp\/v2\/product\/16760","targetHints":{"allow":["GET"]}}],"collection":[{"href":"https:\/\/sorece.org\/maricela\/wp-json\/wp\/v2\/product"}],"about":[{"href":"https:\/\/sorece.org\/maricela\/wp-json\/wp\/v2\/types\/product"}],"wp:featuredmedia":[{"embeddable":true,"href":"https:\/\/sorece.org\/maricela\/wp-json\/wp\/v2\/media\/16762"}],"wp:attachment":[{"href":"https:\/\/sorece.org\/maricela\/wp-json\/wp\/v2\/media?parent=16760"}],"wp:term":[{"taxonomy":"product_brand","embeddable":true,"href":"https:\/\/sorece.org\/maricela\/wp-json\/wp\/v2\/product_brand?post=16760"},{"taxonomy":"product_cat","embeddable":true,"href":"https:\/\/sorece.org\/maricela\/wp-json\/wp\/v2\/product_cat?post=16760"},{"taxonomy":"product_tag","embeddable":true,"href":"https:\/\/sorece.org\/maricela\/wp-json\/wp\/v2\/product_tag?post=16760"}],"curies":[{"name":"wp","href":"https:\/\/api.w.org\/{rel}","templated":true}]}}