{"id":16593,"date":"2024-11-08T19:33:34","date_gmt":"2024-11-09T01:33:34","guid":{"rendered":"https:\/\/sorece.org\/maricela\/?post_type=product&#038;p=16593"},"modified":"2024-11-15T17:46:05","modified_gmt":"2024-11-15T23:46:05","slug":"perspectiva-feminista-para-terapeutas","status":"publish","type":"product","link":"https:\/\/sorece.org\/maricela\/producto\/perspectiva-feminista-para-terapeutas\/","title":{"rendered":"Curso Perspectiva Feminista para Terapeutas"},"content":{"rendered":"<div class=\"page\" title=\"Page 11\">\n<div class=\"section\">\n<div class=\"layoutArea\">\n<div class=\"column\">\n<p>La terapia feminista cuestiona la violencia episte\u0301mica de la psicologi\u0301a cienti\u0301fica que estudiaba a las mujeres como seres inferiores, trastornadas, locas o hist\u00e9ricas; las psico\u0301logas feministas se dieron a la tarea de aportar nuevas miradas y teori\u0301as para evidenciar los sesgos de ge\u0301nero en esas investigaciones. (Guevara, 2015).<\/p>\n<p>Para poder ejercer la terapia feminista es importante conocer las diversas perspectivas, teor\u00edas, epistemolog\u00edas y metodolog\u00edas para obtener herramientas te\u00f3ricas que nos permitan establecer un posicionamiento \u00e9tico-pol\u00edtico feminista en los acompa\u00f1amientos que realizamos.<\/p>\n<p>&nbsp;<\/p>\n<h3><strong>Temario:<\/strong><\/h3>\n<h4><span data-sheets-root=\"1\"><br \/>\n1. Introducci\u00f3n a los feminismos. Historia de las luchas feministas: de las ilustradas a las radicales.<\/span><\/h4>\n<h4>2. Pensamiento feminista contempor\u00e1neo: feminismos negros, posmodernos y la mirada interseccional.<\/h4>\n<h4>3. Epistemolog\u00edas y metodolog\u00edas feministas: de la teor\u00eda a la pr\u00e1ctica.<\/h4>\n<h4>4. La participaci\u00f3n de las mujeres en la historia y construcci\u00f3n del conocimiento en la psicolog\u00eda.<\/h4>\n<h4>5. Perspectivas feministas en la terapia. \u201cNo somos hist\u00e9ricas, somos hist\u00f3ricas\u201d: mujeres e historia de la locura, las principales cr\u00edticas de las terapeutas feministas al modelo de atenci\u00f3n biom\u00e9dico: la patologizaci\u00f3n y disciplinamiento.<\/h4>\n<\/div>\n<\/div>\n<\/div>\n<\/div>\n<h4><span data-sheets-root=\"1\"><strong>Dirigido a:<\/strong><\/span><\/h4>\n<p><span data-sheets-root=\"1\">Psic\u00f3logxs, terapeutas y acompa\u00f1antes psicosociales.<\/span><\/p>\n<h4><strong>Modalidad:<\/strong><\/h4>\n<p>Online, asincr\u00f3nico.<\/p>\n<h4><strong>Imparte:<\/strong><\/h4>\n<p class=\"p1\">Bianca P\u00e9rez Reyes<\/p>\n<p class=\"p1\">Es psic\u00f3loga feminista, especialista en atenci\u00f3n a v\u00edctimas de violencia sexual y de g\u00e9nero y en Teor\u00eda e Investigaci\u00f3n feminista por el Centro de Investigaciones Interdisciplinarias en Ciencias y Humanidades de la UNAM. Es especialista en Psicodrama y coordinaci\u00f3n de grupos, es acompa\u00f1ante psicosocial egresada de la Escuela Nacional de Acompa\u00f1amiento Psicosocial para la defensa de los derechos humanos de Aluna y especialista en peritajes psicosociales por la Universidad Aut\u00f3noma de Quer\u00e9taro.<\/p>\n<p class=\"p1\">En 2018 fund\u00f3 Sorece. Asociaci\u00f3n de psic\u00f3logas feministas, A.C. Una red de terapeutas con alcance en varios estados de la rep\u00fablica que atiende a cientos de mujeres semanalmente. Actualmente es directora general de esta asociaci\u00f3n, en donde tambi\u00e9n acompa\u00f1a a sobrevivientes y organizaciones civiles que resisten la violencia patriarcal.<\/p>\n<p class=\"p1\">Ha desarrollado recursos y participado en la coordinaci\u00f3n de acompa\u00f1amientos a defensoras de derechos humanos y v\u00edctimas de violencia de g\u00e9nero a trav\u00e9s de la Iniciativa Spotlight de ONU Derechos Humanos y en el Programa para la Resiliencia de la Sociedad civil de USAID.<\/p>\n<p>&nbsp;<\/p>\n","protected":false},"excerpt":{"rendered":"<p><span data-sheets-root=\"1\">De lo pol\u00edtico a lo personal y de la teor\u00eda a la pr\u00e1ctica.<br \/>\n\u00bfC\u00f3mo trasladar los feminismos a un espacio privado y tan marcado por el discurso biom\u00e9dico como el consultorio? \u00bfEs posible integrar las teor\u00edas y metodolog\u00edas feministas en la pr\u00e1ctica cl\u00ednica? <\/span><\/p>\n<p><span data-sheets-root=\"1\">Este curso, tambi\u00e9n responde a una demanda de la sociedad civil que vive d\u00eda a d\u00eda los efectos de la violencia de g\u00e9nero y la desigualdad social y cultural en Latinoam\u00e9rica. Al mismo tiempo que, mediante estrategias de atenci\u00f3n y acompa\u00f1amiento libres de dicotom\u00edas mente\/cuerpo y p\u00fablico\/privado, se presenta como una respuesta alternativa ante el modelo biom\u00e9dico de intervenci\u00f3n de car\u00e1cter ahist\u00f3rico, apol\u00edtico, neutral, y psicologicista que ha predominado en el campo de la atenci\u00f3n psicoterap\u00e9utica.<\/span><\/p>\n<p>&nbsp;<\/p>\n<p>&nbsp;<\/p>\n<p>&nbsp;<\/p>\n","protected":false},"featured_media":16739,"template":"","meta":{"give_campaign_id":0},"product_brand":[],"product_cat":[20],"product_tag":[],"class_list":{"0":"post-16593","1":"product","2":"type-product","3":"status-publish","4":"has-post-thumbnail","6":"product_cat-curso-online","8":"first","9":"instock","10":"sale","11":"featured","12":"virtual","13":"purchasable","14":"product-type-simple"},"yoast_head":"<!-- This site is optimized with the Yoast SEO Premium plugin v21.2 (Yoast SEO v27.1.1) - https:\/\/yoast.com\/product\/yoast-seo-premium-wordpress\/ -->\n<title>Curso Perspectiva Feminista para Terapeutas - Sorece<\/title>\n<meta name=\"description\" content=\"Revisaremos la historia, conceptos b\u00e1sicos y claves de la terapia feminista. Aprender\u00e1s c\u00f3mo integrar la mirada feminista en tus acompa\u00f1amientos psicol\u00f3gicos.\" \/>\n<meta name=\"robots\" content=\"index, follow, max-snippet:-1, max-image-preview:large, max-video-preview:-1\" \/>\n<link rel=\"canonical\" href=\"https:\/\/sorece.org\/maricela\/producto\/perspectiva-feminista-para-terapeutas\/\" \/>\n<meta property=\"og:locale\" content=\"es_ES\" \/>\n<meta property=\"og:type\" content=\"article\" \/>\n<meta property=\"og:title\" content=\"Curso Perspectiva Feminista para Terapeutas\" \/>\n<meta property=\"og:description\" content=\"Revisaremos la historia, conceptos b\u00e1sicos y claves de la terapia feminista. Aprender\u00e1s c\u00f3mo integrar la mirada feminista en tus acompa\u00f1amientos psicol\u00f3gicos.\" \/>\n<meta property=\"og:url\" content=\"https:\/\/sorece.org\/maricela\/producto\/perspectiva-feminista-para-terapeutas\/\" \/>\n<meta property=\"og:site_name\" content=\"Sorece\" \/>\n<meta property=\"article:modified_time\" content=\"2024-11-15T23:46:05+00:00\" \/>\n<meta property=\"og:image\" content=\"https:\/\/sorece.org\/maricela\/wp-content\/uploads\/2024\/11\/74190241-014a-461c-9e83-98310b58f6a3.jpg\" \/>\n\t<meta property=\"og:image:width\" content=\"850\" \/>\n\t<meta property=\"og:image:height\" content=\"850\" \/>\n\t<meta property=\"og:image:type\" content=\"image\/jpeg\" \/>\n<meta name=\"twitter:card\" content=\"summary_large_image\" \/>\n<meta name=\"twitter:label1\" content=\"Tiempo de lectura\" \/>\n\t<meta name=\"twitter:data1\" content=\"2 minutos\" \/>\n<script type=\"application\/ld+json\" class=\"yoast-schema-graph\">{\"@context\":\"https:\/\/schema.org\",\"@graph\":[{\"@type\":\"WebPage\",\"@id\":\"https:\/\/sorece.org\/maricela\/producto\/perspectiva-feminista-para-terapeutas\/\",\"url\":\"https:\/\/sorece.org\/maricela\/producto\/perspectiva-feminista-para-terapeutas\/\",\"name\":\"Curso Perspectiva Feminista para Terapeutas - Sorece\",\"isPartOf\":{\"@id\":\"https:\/\/sorece.org\/maricela\/#website\"},\"primaryImageOfPage\":{\"@id\":\"https:\/\/sorece.org\/maricela\/producto\/perspectiva-feminista-para-terapeutas\/#primaryimage\"},\"image\":{\"@id\":\"https:\/\/sorece.org\/maricela\/producto\/perspectiva-feminista-para-terapeutas\/#primaryimage\"},\"thumbnailUrl\":\"https:\/\/sorece.org\/maricela\/wp-content\/uploads\/2024\/11\/74190241-014a-461c-9e83-98310b58f6a3.jpg\",\"datePublished\":\"2024-11-09T01:33:34+00:00\",\"dateModified\":\"2024-11-15T23:46:05+00:00\",\"description\":\"Revisaremos la historia, conceptos b\u00e1sicos y claves de la terapia feminista. Aprender\u00e1s c\u00f3mo integrar la mirada feminista en tus acompa\u00f1amientos psicol\u00f3gicos.\",\"breadcrumb\":{\"@id\":\"https:\/\/sorece.org\/maricela\/producto\/perspectiva-feminista-para-terapeutas\/#breadcrumb\"},\"inLanguage\":\"es\",\"potentialAction\":[{\"@type\":\"ReadAction\",\"target\":[\"https:\/\/sorece.org\/maricela\/producto\/perspectiva-feminista-para-terapeutas\/\"]}]},{\"@type\":\"ImageObject\",\"inLanguage\":\"es\",\"@id\":\"https:\/\/sorece.org\/maricela\/producto\/perspectiva-feminista-para-terapeutas\/#primaryimage\",\"url\":\"https:\/\/sorece.org\/maricela\/wp-content\/uploads\/2024\/11\/74190241-014a-461c-9e83-98310b58f6a3.jpg\",\"contentUrl\":\"https:\/\/sorece.org\/maricela\/wp-content\/uploads\/2024\/11\/74190241-014a-461c-9e83-98310b58f6a3.jpg\",\"width\":850,\"height\":850},{\"@type\":\"BreadcrumbList\",\"@id\":\"https:\/\/sorece.org\/maricela\/producto\/perspectiva-feminista-para-terapeutas\/#breadcrumb\",\"itemListElement\":[{\"@type\":\"ListItem\",\"position\":1,\"name\":\"Home\",\"item\":\"https:\/\/sorece.org\/maricela\/\"},{\"@type\":\"ListItem\",\"position\":2,\"name\":\"Productos\",\"item\":\"https:\/\/sorece.org\/maricela\/shop\/\"},{\"@type\":\"ListItem\",\"position\":3,\"name\":\"Curso Perspectiva Feminista para Terapeutas\"}]},{\"@type\":\"WebSite\",\"@id\":\"https:\/\/sorece.org\/maricela\/#website\",\"url\":\"https:\/\/sorece.org\/maricela\/\",\"name\":\"Sorece\",\"description\":\"Asociaci\u00f3n de Psic\u00f3logas Feminista\",\"publisher\":{\"@id\":\"https:\/\/sorece.org\/maricela\/#organization\"},\"potentialAction\":[{\"@type\":\"SearchAction\",\"target\":{\"@type\":\"EntryPoint\",\"urlTemplate\":\"https:\/\/sorece.org\/maricela\/?s={search_term_string}\"},\"query-input\":{\"@type\":\"PropertyValueSpecification\",\"valueRequired\":true,\"valueName\":\"search_term_string\"}}],\"inLanguage\":\"es\"},{\"@type\":\"Organization\",\"@id\":\"https:\/\/sorece.org\/maricela\/#organization\",\"name\":\"Sorece\",\"url\":\"https:\/\/sorece.org\/maricela\/\",\"logo\":{\"@type\":\"ImageObject\",\"inLanguage\":\"es\",\"@id\":\"https:\/\/sorece.org\/maricela\/#\/schema\/logo\/image\/\",\"url\":\"https:\/\/sorece.org\/maricela\/wp-content\/uploads\/2023\/02\/Sorece-logo-Registrada-1-e1737698924626.png\",\"contentUrl\":\"https:\/\/sorece.org\/maricela\/wp-content\/uploads\/2023\/02\/Sorece-logo-Registrada-1-e1737698924626.png\",\"width\":628,\"height\":730,\"caption\":\"Sorece\"},\"image\":{\"@id\":\"https:\/\/sorece.org\/maricela\/#\/schema\/logo\/image\/\"}}]}<\/script>\n<!-- \/ Yoast SEO Premium plugin. -->","yoast_head_json":{"title":"Curso Perspectiva Feminista para Terapeutas - Sorece","description":"Revisaremos la historia, conceptos b\u00e1sicos y claves de la terapia feminista. Aprender\u00e1s c\u00f3mo integrar la mirada feminista en tus acompa\u00f1amientos psicol\u00f3gicos.","robots":{"index":"index","follow":"follow","max-snippet":"max-snippet:-1","max-image-preview":"max-image-preview:large","max-video-preview":"max-video-preview:-1"},"canonical":"https:\/\/sorece.org\/maricela\/producto\/perspectiva-feminista-para-terapeutas\/","og_locale":"es_ES","og_type":"article","og_title":"Curso Perspectiva Feminista para Terapeutas","og_description":"Revisaremos la historia, conceptos b\u00e1sicos y claves de la terapia feminista. Aprender\u00e1s c\u00f3mo integrar la mirada feminista en tus acompa\u00f1amientos psicol\u00f3gicos.","og_url":"https:\/\/sorece.org\/maricela\/producto\/perspectiva-feminista-para-terapeutas\/","og_site_name":"Sorece","article_modified_time":"2024-11-15T23:46:05+00:00","og_image":[{"width":850,"height":850,"url":"https:\/\/sorece.org\/maricela\/wp-content\/uploads\/2024\/11\/74190241-014a-461c-9e83-98310b58f6a3.jpg","type":"image\/jpeg"}],"twitter_card":"summary_large_image","twitter_misc":{"Tiempo de lectura":"2 minutos"},"schema":{"@context":"https:\/\/schema.org","@graph":[{"@type":"WebPage","@id":"https:\/\/sorece.org\/maricela\/producto\/perspectiva-feminista-para-terapeutas\/","url":"https:\/\/sorece.org\/maricela\/producto\/perspectiva-feminista-para-terapeutas\/","name":"Curso Perspectiva Feminista para Terapeutas - Sorece","isPartOf":{"@id":"https:\/\/sorece.org\/maricela\/#website"},"primaryImageOfPage":{"@id":"https:\/\/sorece.org\/maricela\/producto\/perspectiva-feminista-para-terapeutas\/#primaryimage"},"image":{"@id":"https:\/\/sorece.org\/maricela\/producto\/perspectiva-feminista-para-terapeutas\/#primaryimage"},"thumbnailUrl":"https:\/\/sorece.org\/maricela\/wp-content\/uploads\/2024\/11\/74190241-014a-461c-9e83-98310b58f6a3.jpg","datePublished":"2024-11-09T01:33:34+00:00","dateModified":"2024-11-15T23:46:05+00:00","description":"Revisaremos la historia, conceptos b\u00e1sicos y claves de la terapia feminista. Aprender\u00e1s c\u00f3mo integrar la mirada feminista en tus acompa\u00f1amientos psicol\u00f3gicos.","breadcrumb":{"@id":"https:\/\/sorece.org\/maricela\/producto\/perspectiva-feminista-para-terapeutas\/#breadcrumb"},"inLanguage":"es","potentialAction":[{"@type":"ReadAction","target":["https:\/\/sorece.org\/maricela\/producto\/perspectiva-feminista-para-terapeutas\/"]}]},{"@type":"ImageObject","inLanguage":"es","@id":"https:\/\/sorece.org\/maricela\/producto\/perspectiva-feminista-para-terapeutas\/#primaryimage","url":"https:\/\/sorece.org\/maricela\/wp-content\/uploads\/2024\/11\/74190241-014a-461c-9e83-98310b58f6a3.jpg","contentUrl":"https:\/\/sorece.org\/maricela\/wp-content\/uploads\/2024\/11\/74190241-014a-461c-9e83-98310b58f6a3.jpg","width":850,"height":850},{"@type":"BreadcrumbList","@id":"https:\/\/sorece.org\/maricela\/producto\/perspectiva-feminista-para-terapeutas\/#breadcrumb","itemListElement":[{"@type":"ListItem","position":1,"name":"Home","item":"https:\/\/sorece.org\/maricela\/"},{"@type":"ListItem","position":2,"name":"Productos","item":"https:\/\/sorece.org\/maricela\/shop\/"},{"@type":"ListItem","position":3,"name":"Curso Perspectiva Feminista para Terapeutas"}]},{"@type":"WebSite","@id":"https:\/\/sorece.org\/maricela\/#website","url":"https:\/\/sorece.org\/maricela\/","name":"Sorece","description":"Asociaci\u00f3n de Psic\u00f3logas Feminista","publisher":{"@id":"https:\/\/sorece.org\/maricela\/#organization"},"potentialAction":[{"@type":"SearchAction","target":{"@type":"EntryPoint","urlTemplate":"https:\/\/sorece.org\/maricela\/?s={search_term_string}"},"query-input":{"@type":"PropertyValueSpecification","valueRequired":true,"valueName":"search_term_string"}}],"inLanguage":"es"},{"@type":"Organization","@id":"https:\/\/sorece.org\/maricela\/#organization","name":"Sorece","url":"https:\/\/sorece.org\/maricela\/","logo":{"@type":"ImageObject","inLanguage":"es","@id":"https:\/\/sorece.org\/maricela\/#\/schema\/logo\/image\/","url":"https:\/\/sorece.org\/maricela\/wp-content\/uploads\/2023\/02\/Sorece-logo-Registrada-1-e1737698924626.png","contentUrl":"https:\/\/sorece.org\/maricela\/wp-content\/uploads\/2023\/02\/Sorece-logo-Registrada-1-e1737698924626.png","width":628,"height":730,"caption":"Sorece"},"image":{"@id":"https:\/\/sorece.org\/maricela\/#\/schema\/logo\/image\/"}}]}},"_links":{"self":[{"href":"https:\/\/sorece.org\/maricela\/wp-json\/wp\/v2\/product\/16593","targetHints":{"allow":["GET"]}}],"collection":[{"href":"https:\/\/sorece.org\/maricela\/wp-json\/wp\/v2\/product"}],"about":[{"href":"https:\/\/sorece.org\/maricela\/wp-json\/wp\/v2\/types\/product"}],"wp:featuredmedia":[{"embeddable":true,"href":"https:\/\/sorece.org\/maricela\/wp-json\/wp\/v2\/media\/16739"}],"wp:attachment":[{"href":"https:\/\/sorece.org\/maricela\/wp-json\/wp\/v2\/media?parent=16593"}],"wp:term":[{"taxonomy":"product_brand","embeddable":true,"href":"https:\/\/sorece.org\/maricela\/wp-json\/wp\/v2\/product_brand?post=16593"},{"taxonomy":"product_cat","embeddable":true,"href":"https:\/\/sorece.org\/maricela\/wp-json\/wp\/v2\/product_cat?post=16593"},{"taxonomy":"product_tag","embeddable":true,"href":"https:\/\/sorece.org\/maricela\/wp-json\/wp\/v2\/product_tag?post=16593"}],"curies":[{"name":"wp","href":"https:\/\/api.w.org\/{rel}","templated":true}]}}