{"id":5208,"date":"2023-10-10T09:54:42","date_gmt":"2023-10-10T15:54:42","guid":{"rendered":"https:\/\/sorece.org\/maricela\/?page_id=5208"},"modified":"2025-02-12T13:53:52","modified_gmt":"2025-02-12T19:53:52","slug":"terapia-infantil","status":"publish","type":"page","link":"https:\/\/sorece.org\/maricela\/servicios\/terapia-infantil\/","title":{"rendered":"Terapia Infantil"},"content":{"rendered":"\t\t<div data-elementor-type=\"wp-post\" data-elementor-id=\"5208\" class=\"elementor elementor-5208\" data-elementor-post-type=\"page\">\n\t\t\t\t\t\t<section class=\"elementor-section elementor-top-section elementor-element elementor-element-0c3a4bb elementor-section-full_width elementor-section-height-min-height elementor-section-height-default elementor-section-items-middle\" data-id=\"0c3a4bb\" data-element_type=\"section\" data-e-type=\"section\" data-settings=\"{&quot;background_background&quot;:&quot;classic&quot;}\">\n\t\t\t\t\t\t<div class=\"elementor-container elementor-column-gap-default\">\n\t\t\t\t\t<div class=\"elementor-column elementor-col-50 elementor-top-column elementor-element elementor-element-cf78e30\" data-id=\"cf78e30\" data-element_type=\"column\" data-e-type=\"column\">\n\t\t\t<div class=\"elementor-widget-wrap elementor-element-populated\">\n\t\t\t\t\t\t<div class=\"elementor-element elementor-element-ad1b64d elementor-widget elementor-widget-theme-post-title elementor-page-title elementor-widget-heading\" data-id=\"ad1b64d\" data-element_type=\"widget\" data-e-type=\"widget\" data-widget_type=\"theme-post-title.default\">\n\t\t\t\t<div class=\"elementor-widget-container\">\n\t\t\t\t\t<h1 class=\"elementor-heading-title elementor-size-default\">Terapia Infantil<\/h1>\t\t\t\t<\/div>\n\t\t\t\t<\/div>\n\t\t\t\t<div class=\"elementor-element elementor-element-f8f5353 elementor-widget elementor-widget-text-editor\" data-id=\"f8f5353\" data-element_type=\"widget\" data-e-type=\"widget\" data-widget_type=\"text-editor.default\">\n\t\t\t\t<div class=\"elementor-widget-container\">\n\t\t\t\t\t\t\t\t\t<p>La terapia infantil es un proceso en el que los infantes y adolescentes trabajan con un terapeuta capacitado para explorar y comprender sus sentimientos, pensamientos y comportamientos.\u00a0<\/p><p>Intervenci\u00f3n terap\u00e9utica que tiene como finalidad principal potenciar el bienestar emocional y social del infante, y se diferencia de la terapia de adultos no tanto en el objetivo de las intervenciones sino en la manera de llevar a cabo la relaci\u00f3n y el proceso terap\u00e9utico<\/p>\t\t\t\t\t\t\t\t<\/div>\n\t\t\t\t<\/div>\n\t\t\t\t<div class=\"elementor-element elementor-element-9276013 elementor-align-center elementor-widget elementor-widget-button\" data-id=\"9276013\" data-element_type=\"widget\" data-e-type=\"widget\" data-widget_type=\"button.default\">\n\t\t\t\t<div class=\"elementor-widget-container\">\n\t\t\t\t\t\t\t\t\t<div class=\"elementor-button-wrapper\">\n\t\t\t\t\t<a class=\"elementor-button elementor-button-link elementor-size-sm\" href=\"https:\/\/sorece.org\/maricela\/registro-nuevo\/\">\n\t\t\t\t\t\t<span class=\"elementor-button-content-wrapper\">\n\t\t\t\t\t\t\t\t\t<span class=\"elementor-button-text\">Inicia tu proceso de registro<\/span>\n\t\t\t\t\t<\/span>\n\t\t\t\t\t<\/a>\n\t\t\t\t<\/div>\n\t\t\t\t\t\t\t\t<\/div>\n\t\t\t\t<\/div>\n\t\t\t\t\t<\/div>\n\t\t<\/div>\n\t\t\t\t<div class=\"elementor-column elementor-col-50 elementor-top-column elementor-element elementor-element-4893a66\" data-id=\"4893a66\" data-element_type=\"column\" data-e-type=\"column\">\n\t\t\t<div class=\"elementor-widget-wrap elementor-element-populated\">\n\t\t\t\t\t\t<div class=\"elementor-element elementor-element-88019c8 elementor-widget elementor-widget-image\" data-id=\"88019c8\" data-element_type=\"widget\" data-e-type=\"widget\" data-widget_type=\"image.default\">\n\t\t\t\t<div class=\"elementor-widget-container\">\n\t\t\t\t\t\t\t\t\t\t\t\t\t\t\t<img fetchpriority=\"high\" decoding=\"async\" width=\"1900\" height=\"1565\" src=\"https:\/\/sorece.org\/maricela\/wp-content\/uploads\/2023\/10\/sorece-servicios-terapia-infantil-02.png\" class=\"attachment-full size-full wp-image-5220\" alt=\"\" srcset=\"https:\/\/sorece.org\/maricela\/wp-content\/uploads\/2023\/10\/sorece-servicios-terapia-infantil-02.png 1900w, https:\/\/sorece.org\/maricela\/wp-content\/uploads\/2023\/10\/sorece-servicios-terapia-infantil-02-300x247.png 300w, https:\/\/sorece.org\/maricela\/wp-content\/uploads\/2023\/10\/sorece-servicios-terapia-infantil-02-1024x843.png 1024w, https:\/\/sorece.org\/maricela\/wp-content\/uploads\/2023\/10\/sorece-servicios-terapia-infantil-02-768x633.png 768w, https:\/\/sorece.org\/maricela\/wp-content\/uploads\/2023\/10\/sorece-servicios-terapia-infantil-02-1536x1265.png 1536w, https:\/\/sorece.org\/maricela\/wp-content\/uploads\/2023\/10\/sorece-servicios-terapia-infantil-02-600x494.png 600w\" sizes=\"(max-width: 1900px) 100vw, 1900px\" \/>\t\t\t\t\t\t\t\t\t\t\t\t\t\t\t<\/div>\n\t\t\t\t<\/div>\n\t\t\t\t\t<\/div>\n\t\t<\/div>\n\t\t\t\t\t<\/div>\n\t\t<\/section>\n\t\t\t\t<section class=\"elementor-section elementor-top-section elementor-element elementor-element-b76ca9f elementor-section-boxed elementor-section-height-default elementor-section-height-default\" data-id=\"b76ca9f\" data-element_type=\"section\" data-e-type=\"section\">\n\t\t\t\t\t\t<div class=\"elementor-container elementor-column-gap-default\">\n\t\t\t\t\t<div class=\"elementor-column elementor-col-100 elementor-top-column elementor-element elementor-element-a3b5273\" data-id=\"a3b5273\" data-element_type=\"column\" data-e-type=\"column\">\n\t\t\t<div class=\"elementor-widget-wrap elementor-element-populated\">\n\t\t\t\t\t\t<div class=\"elementor-element elementor-element-ca9a89b elementor-widget elementor-widget-heading\" data-id=\"ca9a89b\" data-element_type=\"widget\" data-e-type=\"widget\" data-widget_type=\"heading.default\">\n\t\t\t\t<div class=\"elementor-widget-container\">\n\t\t\t\t\t<h2 class=\"elementor-heading-title elementor-size-default\">Apoyo a todos los miembros de la familia<\/h2>\t\t\t\t<\/div>\n\t\t\t\t<\/div>\n\t\t\t\t<div class=\"elementor-element elementor-element-a750ad9 elementor-widget elementor-widget-text-editor\" data-id=\"a750ad9\" data-element_type=\"widget\" data-e-type=\"widget\" data-widget_type=\"text-editor.default\">\n\t\t\t\t<div class=\"elementor-widget-container\">\n\t\t\t\t\t\t\t\t\t<p>En SORECE, entendemos la importancia de brindar apoyo a todos los ni\u00f1os y adolescentes que lo necesiten.<\/p><p>Nuestra terapia infantil est\u00e1 dise\u00f1ada para ayudar a los m\u00e1s j\u00f3venes a enfrentar y superar los desaf\u00edos emocionales y mentales que puedan estar experimentando.<\/p>\t\t\t\t\t\t\t\t<\/div>\n\t\t\t\t<\/div>\n\t\t\t\t\t<\/div>\n\t\t<\/div>\n\t\t\t\t\t<\/div>\n\t\t<\/section>\n\t\t\t\t<section class=\"elementor-section elementor-top-section elementor-element elementor-element-0310750 elementor-section-boxed elementor-section-height-default elementor-section-height-default\" data-id=\"0310750\" data-element_type=\"section\" data-e-type=\"section\" data-settings=\"{&quot;background_background&quot;:&quot;classic&quot;}\">\n\t\t\t\t\t\t<div class=\"elementor-container elementor-column-gap-default\">\n\t\t\t\t\t<div class=\"elementor-column elementor-col-50 elementor-top-column elementor-element elementor-element-233a486\" data-id=\"233a486\" data-element_type=\"column\" data-e-type=\"column\">\n\t\t\t<div class=\"elementor-widget-wrap elementor-element-populated\">\n\t\t\t\t\t\t<div class=\"elementor-element elementor-element-7138c6a elementor-widget elementor-widget-heading\" data-id=\"7138c6a\" data-element_type=\"widget\" data-e-type=\"widget\" data-widget_type=\"heading.default\">\n\t\t\t\t<div class=\"elementor-widget-container\">\n\t\t\t\t\t<h2 class=\"elementor-heading-title elementor-size-default\">Transforma la vida de tu grupo<\/h2>\t\t\t\t<\/div>\n\t\t\t\t<\/div>\n\t\t\t\t<div class=\"elementor-element elementor-element-03bba6a elementor-widget elementor-widget-text-editor\" data-id=\"03bba6a\" data-element_type=\"widget\" data-e-type=\"widget\" data-widget_type=\"text-editor.default\">\n\t\t\t\t<div class=\"elementor-widget-container\">\n\t\t\t\t\t\t\t\t\t<p>Uno de los aspectos m\u00e1s importantes de nuestra terapia infantil es la creaci\u00f3n de un ambiente c\u00e1lido y acogedor.<\/p><p>Nuestras terapeutas se esfuerzan por establecer una relaci\u00f3n de confianza con cada ni\u00f1o y adolescente, para que se sientan c\u00f3modos compartiendo sus preocupaciones y desaf\u00edos.<\/p><p>La terapia infantil puede ayudar a los ni\u00f1os y adolescentes en una variedad de \u00e1reas, incluyendo:<\/p><ul><li>Gesti\u00f3n de emociones: aprender a identificar y expresar sus emociones de manera saludable.<\/li><li>Manejo del estr\u00e9s: desarrollar habilidades de afrontamiento para el estr\u00e9s adecuadas al contexto espec\u00edfico de las infancias.<\/li><li>Mejorar la autoestima: fortalecer la confianza en s\u00ed mismos y su sentido de val\u00eda personal.<\/li><li>Resoluci\u00f3n de conflictos: aprender a comunicarse de manera efectiva y resolver problemas de manera constructiva.<\/li><li>Superaci\u00f3n de traumas: abordar experiencias traum\u00e1ticas, comprendiendo sus impactos y estrategias de afrontamiento.<\/li><\/ul>\t\t\t\t\t\t\t\t<\/div>\n\t\t\t\t<\/div>\n\t\t\t\t\t<\/div>\n\t\t<\/div>\n\t\t\t\t<div class=\"elementor-column elementor-col-50 elementor-top-column elementor-element elementor-element-ec80573\" data-id=\"ec80573\" data-element_type=\"column\" data-e-type=\"column\">\n\t\t\t<div class=\"elementor-widget-wrap elementor-element-populated\">\n\t\t\t\t\t\t<div class=\"elementor-element elementor-element-34234db elementor-widget elementor-widget-image\" data-id=\"34234db\" data-element_type=\"widget\" data-e-type=\"widget\" data-widget_type=\"image.default\">\n\t\t\t\t<div class=\"elementor-widget-container\">\n\t\t\t\t\t\t\t\t\t\t\t\t\t\t\t<img decoding=\"async\" width=\"800\" height=\"264\" src=\"https:\/\/sorece.org\/maricela\/wp-content\/uploads\/2023\/10\/sorece-servicios-terapia-infantil-03-1024x338.png\" class=\"attachment-large size-large wp-image-5221\" alt=\"\" srcset=\"https:\/\/sorece.org\/maricela\/wp-content\/uploads\/2023\/10\/sorece-servicios-terapia-infantil-03-1024x338.png 1024w, https:\/\/sorece.org\/maricela\/wp-content\/uploads\/2023\/10\/sorece-servicios-terapia-infantil-03-300x99.png 300w, https:\/\/sorece.org\/maricela\/wp-content\/uploads\/2023\/10\/sorece-servicios-terapia-infantil-03-768x254.png 768w, https:\/\/sorece.org\/maricela\/wp-content\/uploads\/2023\/10\/sorece-servicios-terapia-infantil-03-1536x508.png 1536w, https:\/\/sorece.org\/maricela\/wp-content\/uploads\/2023\/10\/sorece-servicios-terapia-infantil-03-600x198.png 600w, https:\/\/sorece.org\/maricela\/wp-content\/uploads\/2023\/10\/sorece-servicios-terapia-infantil-03.png 1900w\" sizes=\"(max-width: 800px) 100vw, 800px\" \/>\t\t\t\t\t\t\t\t\t\t\t\t\t\t\t<\/div>\n\t\t\t\t<\/div>\n\t\t\t\t\t<\/div>\n\t\t<\/div>\n\t\t\t\t\t<\/div>\n\t\t<\/section>\n\t\t\t\t<section class=\"elementor-section elementor-top-section elementor-element elementor-element-a10ecbd elementor-section-boxed elementor-section-height-default elementor-section-height-default\" data-id=\"a10ecbd\" data-element_type=\"section\" data-e-type=\"section\">\n\t\t\t\t\t\t<div class=\"elementor-container elementor-column-gap-default\">\n\t\t\t\t\t<div class=\"elementor-column elementor-col-100 elementor-top-column elementor-element elementor-element-33c247c\" data-id=\"33c247c\" data-element_type=\"column\" data-e-type=\"column\">\n\t\t\t<div class=\"elementor-widget-wrap elementor-element-populated\">\n\t\t\t\t\t\t<div class=\"elementor-element elementor-element-f34c00c elementor-widget elementor-widget-heading\" data-id=\"f34c00c\" data-element_type=\"widget\" data-e-type=\"widget\" data-widget_type=\"heading.default\">\n\t\t\t\t<div class=\"elementor-widget-container\">\n\t\t\t\t\t<h2 class=\"elementor-heading-title elementor-size-default\">Construye una familia con amor<\/h2>\t\t\t\t<\/div>\n\t\t\t\t<\/div>\n\t\t\t\t<div class=\"elementor-element elementor-element-8d94b29 elementor-widget elementor-widget-text-editor\" data-id=\"8d94b29\" data-element_type=\"widget\" data-e-type=\"widget\" data-widget_type=\"text-editor.default\">\n\t\t\t\t<div class=\"elementor-widget-container\">\n\t\t\t\t\t\t\t\t\t<p>Si eres madre, padre o tutor\/a y crees que tu hijo\/a\/e o adolescente podr\u00eda beneficiarse con nuestra terapia infantil, no dudes en ponerte en contacto con nosotras.<\/p><p>Estamos aqu\u00ed para brindarles el apoyo necesario y ayudar a las infancias y juventudes a cuidar de su salud mental.<\/p>\t\t\t\t\t\t\t\t<\/div>\n\t\t\t\t<\/div>\n\t\t\t\t<div class=\"elementor-element elementor-element-ff71119 elementor-align-center elementor-widget elementor-widget-button\" data-id=\"ff71119\" data-element_type=\"widget\" data-e-type=\"widget\" data-widget_type=\"button.default\">\n\t\t\t\t<div class=\"elementor-widget-container\">\n\t\t\t\t\t\t\t\t\t<div class=\"elementor-button-wrapper\">\n\t\t\t\t\t<a class=\"elementor-button elementor-button-link elementor-size-sm\" href=\"https:\/\/sorece.org\/maricela\/registro-nuevo\/\">\n\t\t\t\t\t\t<span class=\"elementor-button-content-wrapper\">\n\t\t\t\t\t\t\t\t\t<span class=\"elementor-button-text\">Inicia tu proceso de registro<\/span>\n\t\t\t\t\t<\/span>\n\t\t\t\t\t<\/a>\n\t\t\t\t<\/div>\n\t\t\t\t\t\t\t\t<\/div>\n\t\t\t\t<\/div>\n\t\t\t\t\t<\/div>\n\t\t<\/div>\n\t\t\t\t\t<\/div>\n\t\t<\/section>\n\t\t\t\t<\/div>\n\t\t","protected":false},"excerpt":{"rendered":"<p>La terapia infantil es un proceso en el que los infantes y adolescentes trabajan con un terapeuta capacitado para explorar y comprender sus sentimientos, pensamientos y comportamientos.\u00a0 Intervenci\u00f3n terap\u00e9utica que tiene como finalidad principal potenciar el bienestar emocional y social del infante, y se diferencia de la terapia de adultos no tanto en el objetivo [&hellip;]<\/p>\n","protected":false},"author":379,"featured_media":0,"parent":188,"menu_order":0,"comment_status":"closed","ping_status":"closed","template":"elementor_header_footer","meta":{"give_campaign_id":0,"footnotes":""},"class_list":["post-5208","page","type-page","status-publish","hentry"],"yoast_head":"<!-- This site is optimized with the Yoast SEO Premium plugin v21.2 (Yoast SEO v27.1.1) - https:\/\/yoast.com\/product\/yoast-seo-premium-wordpress\/ -->\n<title>Terapia Infantil - Sorece<\/title>\n<meta name=\"description\" content=\"La terapia infantil es un proceso en el que los infantes y adolescentes trabajan con un terapeuta capacitado para explorar y comprender sus sentimientos, pensamientos y comportamientos.\" \/>\n<meta name=\"robots\" content=\"index, follow, max-snippet:-1, max-image-preview:large, max-video-preview:-1\" \/>\n<link rel=\"canonical\" href=\"https:\/\/sorece.org\/maricela\/servicios\/terapia-infantil\/\" \/>\n<meta property=\"og:locale\" content=\"es_ES\" \/>\n<meta property=\"og:type\" content=\"article\" \/>\n<meta property=\"og:title\" content=\"Terapia Infantil\" \/>\n<meta property=\"og:description\" content=\"La terapia infantil es un proceso en el que los infantes y adolescentes trabajan con un terapeuta capacitado para explorar y comprender sus sentimientos, pensamientos y comportamientos.\" \/>\n<meta property=\"og:url\" content=\"https:\/\/sorece.org\/maricela\/servicios\/terapia-infantil\/\" \/>\n<meta property=\"og:site_name\" content=\"Sorece\" \/>\n<meta property=\"article:modified_time\" content=\"2025-02-12T19:53:52+00:00\" \/>\n<meta property=\"og:image\" content=\"https:\/\/sorece.org\/maricela\/wp-content\/uploads\/2023\/10\/sorece-servicios-terapia-infantil-02.png\" \/>\n\t<meta property=\"og:image:width\" content=\"1900\" \/>\n\t<meta property=\"og:image:height\" content=\"1565\" \/>\n\t<meta property=\"og:image:type\" content=\"image\/png\" \/>\n<meta name=\"twitter:card\" content=\"summary_large_image\" \/>\n<meta name=\"twitter:label1\" content=\"Tiempo de lectura\" \/>\n\t<meta name=\"twitter:data1\" content=\"2 minutos\" \/>\n<script type=\"application\/ld+json\" class=\"yoast-schema-graph\">{\"@context\":\"https:\/\/schema.org\",\"@graph\":[{\"@type\":\"WebPage\",\"@id\":\"https:\/\/sorece.org\/maricela\/servicios\/terapia-infantil\/\",\"url\":\"https:\/\/sorece.org\/maricela\/servicios\/terapia-infantil\/\",\"name\":\"Terapia Infantil - Sorece\",\"isPartOf\":{\"@id\":\"https:\/\/sorece.org\/maricela\/#website\"},\"primaryImageOfPage\":{\"@id\":\"https:\/\/sorece.org\/maricela\/servicios\/terapia-infantil\/#primaryimage\"},\"image\":{\"@id\":\"https:\/\/sorece.org\/maricela\/servicios\/terapia-infantil\/#primaryimage\"},\"thumbnailUrl\":\"https:\/\/sorece.org\/maricela\/wp-content\/uploads\/2023\/10\/sorece-servicios-terapia-infantil-02.png\",\"datePublished\":\"2023-10-10T15:54:42+00:00\",\"dateModified\":\"2025-02-12T19:53:52+00:00\",\"description\":\"La terapia infantil es un proceso en el que los infantes y adolescentes trabajan con un terapeuta capacitado para explorar y comprender sus sentimientos, pensamientos y comportamientos.\",\"breadcrumb\":{\"@id\":\"https:\/\/sorece.org\/maricela\/servicios\/terapia-infantil\/#breadcrumb\"},\"inLanguage\":\"es\",\"potentialAction\":[{\"@type\":\"ReadAction\",\"target\":[\"https:\/\/sorece.org\/maricela\/servicios\/terapia-infantil\/\"]}]},{\"@type\":\"ImageObject\",\"inLanguage\":\"es\",\"@id\":\"https:\/\/sorece.org\/maricela\/servicios\/terapia-infantil\/#primaryimage\",\"url\":\"https:\/\/sorece.org\/maricela\/wp-content\/uploads\/2023\/10\/sorece-servicios-terapia-infantil-02.png\",\"contentUrl\":\"https:\/\/sorece.org\/maricela\/wp-content\/uploads\/2023\/10\/sorece-servicios-terapia-infantil-02.png\",\"width\":1900,\"height\":1565},{\"@type\":\"BreadcrumbList\",\"@id\":\"https:\/\/sorece.org\/maricela\/servicios\/terapia-infantil\/#breadcrumb\",\"itemListElement\":[{\"@type\":\"ListItem\",\"position\":1,\"name\":\"Home\",\"item\":\"https:\/\/sorece.org\/maricela\/\"},{\"@type\":\"ListItem\",\"position\":2,\"name\":\"Servicios\",\"item\":\"https:\/\/sorece.org\/maricela\/servicios\/\"},{\"@type\":\"ListItem\",\"position\":3,\"name\":\"Terapia Infantil\"}]},{\"@type\":\"WebSite\",\"@id\":\"https:\/\/sorece.org\/maricela\/#website\",\"url\":\"https:\/\/sorece.org\/maricela\/\",\"name\":\"Sorece\",\"description\":\"Asociaci\u00f3n de Psic\u00f3logas Feminista\",\"publisher\":{\"@id\":\"https:\/\/sorece.org\/maricela\/#organization\"},\"potentialAction\":[{\"@type\":\"SearchAction\",\"target\":{\"@type\":\"EntryPoint\",\"urlTemplate\":\"https:\/\/sorece.org\/maricela\/?s={search_term_string}\"},\"query-input\":{\"@type\":\"PropertyValueSpecification\",\"valueRequired\":true,\"valueName\":\"search_term_string\"}}],\"inLanguage\":\"es\"},{\"@type\":\"Organization\",\"@id\":\"https:\/\/sorece.org\/maricela\/#organization\",\"name\":\"Sorece\",\"url\":\"https:\/\/sorece.org\/maricela\/\",\"logo\":{\"@type\":\"ImageObject\",\"inLanguage\":\"es\",\"@id\":\"https:\/\/sorece.org\/maricela\/#\/schema\/logo\/image\/\",\"url\":\"https:\/\/sorece.org\/maricela\/wp-content\/uploads\/2023\/02\/Sorece-logo-Registrada-1-e1737698924626.png\",\"contentUrl\":\"https:\/\/sorece.org\/maricela\/wp-content\/uploads\/2023\/02\/Sorece-logo-Registrada-1-e1737698924626.png\",\"width\":628,\"height\":730,\"caption\":\"Sorece\"},\"image\":{\"@id\":\"https:\/\/sorece.org\/maricela\/#\/schema\/logo\/image\/\"}}]}<\/script>\n<!-- \/ Yoast SEO Premium plugin. -->","yoast_head_json":{"title":"Terapia Infantil - Sorece","description":"La terapia infantil es un proceso en el que los infantes y adolescentes trabajan con un terapeuta capacitado para explorar y comprender sus sentimientos, pensamientos y comportamientos.","robots":{"index":"index","follow":"follow","max-snippet":"max-snippet:-1","max-image-preview":"max-image-preview:large","max-video-preview":"max-video-preview:-1"},"canonical":"https:\/\/sorece.org\/maricela\/servicios\/terapia-infantil\/","og_locale":"es_ES","og_type":"article","og_title":"Terapia Infantil","og_description":"La terapia infantil es un proceso en el que los infantes y adolescentes trabajan con un terapeuta capacitado para explorar y comprender sus sentimientos, pensamientos y comportamientos.","og_url":"https:\/\/sorece.org\/maricela\/servicios\/terapia-infantil\/","og_site_name":"Sorece","article_modified_time":"2025-02-12T19:53:52+00:00","og_image":[{"width":1900,"height":1565,"url":"https:\/\/sorece.org\/maricela\/wp-content\/uploads\/2023\/10\/sorece-servicios-terapia-infantil-02.png","type":"image\/png"}],"twitter_card":"summary_large_image","twitter_misc":{"Tiempo de lectura":"2 minutos"},"schema":{"@context":"https:\/\/schema.org","@graph":[{"@type":"WebPage","@id":"https:\/\/sorece.org\/maricela\/servicios\/terapia-infantil\/","url":"https:\/\/sorece.org\/maricela\/servicios\/terapia-infantil\/","name":"Terapia Infantil - Sorece","isPartOf":{"@id":"https:\/\/sorece.org\/maricela\/#website"},"primaryImageOfPage":{"@id":"https:\/\/sorece.org\/maricela\/servicios\/terapia-infantil\/#primaryimage"},"image":{"@id":"https:\/\/sorece.org\/maricela\/servicios\/terapia-infantil\/#primaryimage"},"thumbnailUrl":"https:\/\/sorece.org\/maricela\/wp-content\/uploads\/2023\/10\/sorece-servicios-terapia-infantil-02.png","datePublished":"2023-10-10T15:54:42+00:00","dateModified":"2025-02-12T19:53:52+00:00","description":"La terapia infantil es un proceso en el que los infantes y adolescentes trabajan con un terapeuta capacitado para explorar y comprender sus sentimientos, pensamientos y comportamientos.","breadcrumb":{"@id":"https:\/\/sorece.org\/maricela\/servicios\/terapia-infantil\/#breadcrumb"},"inLanguage":"es","potentialAction":[{"@type":"ReadAction","target":["https:\/\/sorece.org\/maricela\/servicios\/terapia-infantil\/"]}]},{"@type":"ImageObject","inLanguage":"es","@id":"https:\/\/sorece.org\/maricela\/servicios\/terapia-infantil\/#primaryimage","url":"https:\/\/sorece.org\/maricela\/wp-content\/uploads\/2023\/10\/sorece-servicios-terapia-infantil-02.png","contentUrl":"https:\/\/sorece.org\/maricela\/wp-content\/uploads\/2023\/10\/sorece-servicios-terapia-infantil-02.png","width":1900,"height":1565},{"@type":"BreadcrumbList","@id":"https:\/\/sorece.org\/maricela\/servicios\/terapia-infantil\/#breadcrumb","itemListElement":[{"@type":"ListItem","position":1,"name":"Home","item":"https:\/\/sorece.org\/maricela\/"},{"@type":"ListItem","position":2,"name":"Servicios","item":"https:\/\/sorece.org\/maricela\/servicios\/"},{"@type":"ListItem","position":3,"name":"Terapia Infantil"}]},{"@type":"WebSite","@id":"https:\/\/sorece.org\/maricela\/#website","url":"https:\/\/sorece.org\/maricela\/","name":"Sorece","description":"Asociaci\u00f3n de Psic\u00f3logas Feminista","publisher":{"@id":"https:\/\/sorece.org\/maricela\/#organization"},"potentialAction":[{"@type":"SearchAction","target":{"@type":"EntryPoint","urlTemplate":"https:\/\/sorece.org\/maricela\/?s={search_term_string}"},"query-input":{"@type":"PropertyValueSpecification","valueRequired":true,"valueName":"search_term_string"}}],"inLanguage":"es"},{"@type":"Organization","@id":"https:\/\/sorece.org\/maricela\/#organization","name":"Sorece","url":"https:\/\/sorece.org\/maricela\/","logo":{"@type":"ImageObject","inLanguage":"es","@id":"https:\/\/sorece.org\/maricela\/#\/schema\/logo\/image\/","url":"https:\/\/sorece.org\/maricela\/wp-content\/uploads\/2023\/02\/Sorece-logo-Registrada-1-e1737698924626.png","contentUrl":"https:\/\/sorece.org\/maricela\/wp-content\/uploads\/2023\/02\/Sorece-logo-Registrada-1-e1737698924626.png","width":628,"height":730,"caption":"Sorece"},"image":{"@id":"https:\/\/sorece.org\/maricela\/#\/schema\/logo\/image\/"}}]}},"campaignId":"","_links":{"self":[{"href":"https:\/\/sorece.org\/maricela\/wp-json\/wp\/v2\/pages\/5208","targetHints":{"allow":["GET"]}}],"collection":[{"href":"https:\/\/sorece.org\/maricela\/wp-json\/wp\/v2\/pages"}],"about":[{"href":"https:\/\/sorece.org\/maricela\/wp-json\/wp\/v2\/types\/page"}],"author":[{"embeddable":true,"href":"https:\/\/sorece.org\/maricela\/wp-json\/wp\/v2\/users\/379"}],"replies":[{"embeddable":true,"href":"https:\/\/sorece.org\/maricela\/wp-json\/wp\/v2\/comments?post=5208"}],"version-history":[{"count":25,"href":"https:\/\/sorece.org\/maricela\/wp-json\/wp\/v2\/pages\/5208\/revisions"}],"predecessor-version":[{"id":18408,"href":"https:\/\/sorece.org\/maricela\/wp-json\/wp\/v2\/pages\/5208\/revisions\/18408"}],"up":[{"embeddable":true,"href":"https:\/\/sorece.org\/maricela\/wp-json\/wp\/v2\/pages\/188"}],"wp:attachment":[{"href":"https:\/\/sorece.org\/maricela\/wp-json\/wp\/v2\/media?parent=5208"}],"curies":[{"name":"wp","href":"https:\/\/api.w.org\/{rel}","templated":true}]}}