{"id":5157,"date":"2023-10-09T11:54:22","date_gmt":"2023-10-09T17:54:22","guid":{"rendered":"https:\/\/sorece.org\/maricela\/?page_id=5157"},"modified":"2025-02-12T13:51:33","modified_gmt":"2025-02-12T19:51:33","slug":"terapia-grupal","status":"publish","type":"page","link":"https:\/\/sorece.org\/maricela\/servicios\/terapia-grupal\/","title":{"rendered":"Terapia Grupal"},"content":{"rendered":"\t\t<div data-elementor-type=\"wp-post\" data-elementor-id=\"5157\" class=\"elementor elementor-5157\" data-elementor-post-type=\"page\">\n\t\t\t\t\t\t<section class=\"elementor-section elementor-top-section elementor-element elementor-element-0c3a4bb elementor-section-full_width elementor-section-height-min-height elementor-section-height-default elementor-section-items-middle\" data-id=\"0c3a4bb\" data-element_type=\"section\" data-e-type=\"section\" data-settings=\"{&quot;background_background&quot;:&quot;classic&quot;}\">\n\t\t\t\t\t\t<div class=\"elementor-container elementor-column-gap-default\">\n\t\t\t\t\t<div class=\"elementor-column elementor-col-50 elementor-top-column elementor-element elementor-element-cf78e30\" data-id=\"cf78e30\" data-element_type=\"column\" data-e-type=\"column\">\n\t\t\t<div class=\"elementor-widget-wrap elementor-element-populated\">\n\t\t\t\t\t\t<div class=\"elementor-element elementor-element-ad1b64d elementor-widget elementor-widget-theme-post-title elementor-page-title elementor-widget-heading\" data-id=\"ad1b64d\" data-element_type=\"widget\" data-e-type=\"widget\" data-widget_type=\"theme-post-title.default\">\n\t\t\t\t<div class=\"elementor-widget-container\">\n\t\t\t\t\t<h1 class=\"elementor-heading-title elementor-size-default\">Terapia Grupal<\/h1>\t\t\t\t<\/div>\n\t\t\t\t<\/div>\n\t\t\t\t<div class=\"elementor-element elementor-element-f8f5353 elementor-widget elementor-widget-text-editor\" data-id=\"f8f5353\" data-element_type=\"widget\" data-e-type=\"widget\" data-widget_type=\"text-editor.default\">\n\t\t\t\t<div class=\"elementor-widget-container\">\n\t\t\t\t\t\t\t\t\t<p>La terapia grupal es un espacio donde colectivamente se comparten experiencias.<\/p><p>La terapeuta gu\u00eda con preguntas y herramientas para que todas las participantes encuentren recursos internos y externos para abordar la situaci\u00f3n que las llevo al espacio terap\u00e9utico.<\/p><p>Creamos un espacio seguro y confidencial donde las personas pueden compartir sus experiencias y encontrar apoyo en otros que est\u00e1n pasando por situaciones similares.<\/p>\t\t\t\t\t\t\t\t<\/div>\n\t\t\t\t<\/div>\n\t\t\t\t<div class=\"elementor-element elementor-element-6aa1403 elementor-align-center elementor-widget elementor-widget-button\" data-id=\"6aa1403\" data-element_type=\"widget\" data-e-type=\"widget\" data-widget_type=\"button.default\">\n\t\t\t\t<div class=\"elementor-widget-container\">\n\t\t\t\t\t\t\t\t\t<div class=\"elementor-button-wrapper\">\n\t\t\t\t\t<a class=\"elementor-button elementor-button-link elementor-size-sm\" href=\"https:\/\/sorece.org\/maricela\/registro-nuevo\/\">\n\t\t\t\t\t\t<span class=\"elementor-button-content-wrapper\">\n\t\t\t\t\t\t\t\t\t<span class=\"elementor-button-text\">Inicia tu proceso de registro<\/span>\n\t\t\t\t\t<\/span>\n\t\t\t\t\t<\/a>\n\t\t\t\t<\/div>\n\t\t\t\t\t\t\t\t<\/div>\n\t\t\t\t<\/div>\n\t\t\t\t\t<\/div>\n\t\t<\/div>\n\t\t\t\t<div class=\"elementor-column elementor-col-50 elementor-top-column elementor-element elementor-element-4893a66\" data-id=\"4893a66\" data-element_type=\"column\" data-e-type=\"column\">\n\t\t\t<div class=\"elementor-widget-wrap elementor-element-populated\">\n\t\t\t\t\t\t<div class=\"elementor-element elementor-element-88019c8 elementor-widget elementor-widget-image\" data-id=\"88019c8\" data-element_type=\"widget\" data-e-type=\"widget\" data-widget_type=\"image.default\">\n\t\t\t\t<div class=\"elementor-widget-container\">\n\t\t\t\t\t\t\t\t\t\t\t\t\t\t\t<img fetchpriority=\"high\" decoding=\"async\" width=\"1900\" height=\"1267\" src=\"https:\/\/sorece.org\/maricela\/wp-content\/uploads\/2023\/10\/sorece-servicios-terapia-grupal-02.png\" class=\"attachment-full size-full wp-image-5227\" alt=\"\" srcset=\"https:\/\/sorece.org\/maricela\/wp-content\/uploads\/2023\/10\/sorece-servicios-terapia-grupal-02.png 1900w, https:\/\/sorece.org\/maricela\/wp-content\/uploads\/2023\/10\/sorece-servicios-terapia-grupal-02-300x200.png 300w, https:\/\/sorece.org\/maricela\/wp-content\/uploads\/2023\/10\/sorece-servicios-terapia-grupal-02-1024x683.png 1024w, https:\/\/sorece.org\/maricela\/wp-content\/uploads\/2023\/10\/sorece-servicios-terapia-grupal-02-768x512.png 768w, https:\/\/sorece.org\/maricela\/wp-content\/uploads\/2023\/10\/sorece-servicios-terapia-grupal-02-1536x1024.png 1536w, https:\/\/sorece.org\/maricela\/wp-content\/uploads\/2023\/10\/sorece-servicios-terapia-grupal-02-600x400.png 600w\" sizes=\"(max-width: 1900px) 100vw, 1900px\" \/>\t\t\t\t\t\t\t\t\t\t\t\t\t\t\t<\/div>\n\t\t\t\t<\/div>\n\t\t\t\t\t<\/div>\n\t\t<\/div>\n\t\t\t\t\t<\/div>\n\t\t<\/section>\n\t\t\t\t<section class=\"elementor-section elementor-top-section elementor-element elementor-element-b76ca9f elementor-section-boxed elementor-section-height-default elementor-section-height-default\" data-id=\"b76ca9f\" data-element_type=\"section\" data-e-type=\"section\">\n\t\t\t\t\t\t<div class=\"elementor-container elementor-column-gap-default\">\n\t\t\t\t\t<div class=\"elementor-column elementor-col-100 elementor-top-column elementor-element elementor-element-a3b5273\" data-id=\"a3b5273\" data-element_type=\"column\" data-e-type=\"column\">\n\t\t\t<div class=\"elementor-widget-wrap elementor-element-populated\">\n\t\t\t\t\t\t<div class=\"elementor-element elementor-element-ca9a89b elementor-widget elementor-widget-heading\" data-id=\"ca9a89b\" data-element_type=\"widget\" data-e-type=\"widget\" data-widget_type=\"heading.default\">\n\t\t\t\t<div class=\"elementor-widget-container\">\n\t\t\t\t\t<h2 class=\"elementor-heading-title elementor-size-default\">Mejora las relaciones entre todos<\/h2>\t\t\t\t<\/div>\n\t\t\t\t<\/div>\n\t\t\t\t<div class=\"elementor-element elementor-element-a750ad9 elementor-widget elementor-widget-text-editor\" data-id=\"a750ad9\" data-element_type=\"widget\" data-e-type=\"widget\" data-widget_type=\"text-editor.default\">\n\t\t\t\t<div class=\"elementor-widget-container\">\n\t\t\t\t\t\t\t\t\t<p>Nuestras terapeutas facilitan la comunicaci\u00f3n y gu\u00eda las sesiones para asegurarse de que todos los miembros se sientan escuchados y respetados.<\/p><p>Tambi\u00e9n se enfoca en fomentar un ambiente de confianza y confidencialidad, donde los participantes puedan sentirse seguros para compartir sus experiencias.<\/p>\t\t\t\t\t\t\t\t<\/div>\n\t\t\t\t<\/div>\n\t\t\t\t\t<\/div>\n\t\t<\/div>\n\t\t\t\t\t<\/div>\n\t\t<\/section>\n\t\t\t\t<section class=\"elementor-section elementor-top-section elementor-element elementor-element-0310750 elementor-section-boxed elementor-section-height-default elementor-section-height-default\" data-id=\"0310750\" data-element_type=\"section\" data-e-type=\"section\" data-settings=\"{&quot;background_background&quot;:&quot;classic&quot;}\">\n\t\t\t\t\t\t<div class=\"elementor-container elementor-column-gap-default\">\n\t\t\t\t\t<div class=\"elementor-column elementor-col-50 elementor-top-column elementor-element elementor-element-233a486\" data-id=\"233a486\" data-element_type=\"column\" data-e-type=\"column\">\n\t\t\t<div class=\"elementor-widget-wrap elementor-element-populated\">\n\t\t\t\t\t\t<div class=\"elementor-element elementor-element-7138c6a elementor-widget elementor-widget-heading\" data-id=\"7138c6a\" data-element_type=\"widget\" data-e-type=\"widget\" data-widget_type=\"heading.default\">\n\t\t\t\t<div class=\"elementor-widget-container\">\n\t\t\t\t\t<h2 class=\"elementor-heading-title elementor-size-default\">Transforma la vida de tu grupo<\/h2>\t\t\t\t<\/div>\n\t\t\t\t<\/div>\n\t\t\t\t<div class=\"elementor-element elementor-element-03bba6a elementor-widget elementor-widget-text-editor\" data-id=\"03bba6a\" data-element_type=\"widget\" data-e-type=\"widget\" data-widget_type=\"text-editor.default\">\n\t\t\t\t<div class=\"elementor-widget-container\">\n\t\t\t\t\t\t\t\t\t<p>En SORECE, ofrecemos terapia grupal como una forma efectiva de abordar los desaf\u00edos emocionales y psicol\u00f3gicos que enfrentamos en nuestra vida diaria.<\/p><p>Nos basamos en el principio de que al compartir nuestras experiencias con otros, podemos obtener una perspectiva m\u00e1s amplia y encontrar nuevas formas de afrontar nuestros problemas.<\/p><p>Al participar en un grupo terap\u00e9utico, los miembros tienen la oportunidad de expresar sus sentimientos, pensamientos y preocupaciones, y recibir retroalimentaci\u00f3n y apoyo de los dem\u00e1s.<\/p>\t\t\t\t\t\t\t\t<\/div>\n\t\t\t\t<\/div>\n\t\t\t\t\t<\/div>\n\t\t<\/div>\n\t\t\t\t<div class=\"elementor-column elementor-col-50 elementor-top-column elementor-element elementor-element-ec80573\" data-id=\"ec80573\" data-element_type=\"column\" data-e-type=\"column\">\n\t\t\t<div class=\"elementor-widget-wrap elementor-element-populated\">\n\t\t\t\t\t\t<div class=\"elementor-element elementor-element-34234db elementor-widget elementor-widget-image\" data-id=\"34234db\" data-element_type=\"widget\" data-e-type=\"widget\" data-widget_type=\"image.default\">\n\t\t\t\t<div class=\"elementor-widget-container\">\n\t\t\t\t\t\t\t\t\t\t\t\t\t\t\t<img decoding=\"async\" width=\"800\" height=\"534\" src=\"https:\/\/sorece.org\/maricela\/wp-content\/uploads\/2023\/10\/sorece-servicios-terapia-grupal-03-1024x683.png\" class=\"attachment-large size-large wp-image-5228\" alt=\"\" srcset=\"https:\/\/sorece.org\/maricela\/wp-content\/uploads\/2023\/10\/sorece-servicios-terapia-grupal-03-1024x683.png 1024w, https:\/\/sorece.org\/maricela\/wp-content\/uploads\/2023\/10\/sorece-servicios-terapia-grupal-03-300x200.png 300w, https:\/\/sorece.org\/maricela\/wp-content\/uploads\/2023\/10\/sorece-servicios-terapia-grupal-03-768x512.png 768w, https:\/\/sorece.org\/maricela\/wp-content\/uploads\/2023\/10\/sorece-servicios-terapia-grupal-03-1536x1024.png 1536w, https:\/\/sorece.org\/maricela\/wp-content\/uploads\/2023\/10\/sorece-servicios-terapia-grupal-03-600x400.png 600w, https:\/\/sorece.org\/maricela\/wp-content\/uploads\/2023\/10\/sorece-servicios-terapia-grupal-03.png 1900w\" sizes=\"(max-width: 800px) 100vw, 800px\" \/>\t\t\t\t\t\t\t\t\t\t\t\t\t\t\t<\/div>\n\t\t\t\t<\/div>\n\t\t\t\t\t<\/div>\n\t\t<\/div>\n\t\t\t\t\t<\/div>\n\t\t<\/section>\n\t\t\t\t<section class=\"elementor-section elementor-top-section elementor-element elementor-element-a10ecbd elementor-section-boxed elementor-section-height-default elementor-section-height-default\" data-id=\"a10ecbd\" data-element_type=\"section\" data-e-type=\"section\">\n\t\t\t\t\t\t<div class=\"elementor-container elementor-column-gap-default\">\n\t\t\t\t\t<div class=\"elementor-column elementor-col-100 elementor-top-column elementor-element elementor-element-33c247c\" data-id=\"33c247c\" data-element_type=\"column\" data-e-type=\"column\">\n\t\t\t<div class=\"elementor-widget-wrap elementor-element-populated\">\n\t\t\t\t\t\t<div class=\"elementor-element elementor-element-f34c00c elementor-widget elementor-widget-heading\" data-id=\"f34c00c\" data-element_type=\"widget\" data-e-type=\"widget\" data-widget_type=\"heading.default\">\n\t\t\t\t<div class=\"elementor-widget-container\">\n\t\t\t\t\t<h2 class=\"elementor-heading-title elementor-size-default\">Crecer entre todos<\/h2>\t\t\t\t<\/div>\n\t\t\t\t<\/div>\n\t\t\t\t<div class=\"elementor-element elementor-element-8d94b29 elementor-widget elementor-widget-text-editor\" data-id=\"8d94b29\" data-element_type=\"widget\" data-e-type=\"widget\" data-widget_type=\"text-editor.default\">\n\t\t\t\t<div class=\"elementor-widget-container\">\n\t\t\t\t\t\t\t\t\t<p>En SORECE, ofrecemos ayuda a todos aquellos grupos que lo necesiten.<\/p><p>En este sentido, es importante sentipensar, atrevernos a construir puentes y espacios grupales con este compromiso \u00e9tico y pol\u00edtico feminista. Aprender a acompa\u00f1arnos desde el coraz\u00f3n, permitiendo que las emociones fluyan y la escucha nos atraviese m\u00e1s all\u00e1 de la empat\u00eda, que nos atraviese para la resistencia, para hacer un frente com\u00fan.<\/p><p>Si est\u00e1s interesado en recibir apoyo para mejorar las relaciones entre varias personas, te invitamos iniciar tu proceso de registro.<\/p>\t\t\t\t\t\t\t\t<\/div>\n\t\t\t\t<\/div>\n\t\t\t\t<div class=\"elementor-element elementor-element-cc56bf9 elementor-align-center elementor-widget elementor-widget-button\" data-id=\"cc56bf9\" data-element_type=\"widget\" data-e-type=\"widget\" data-widget_type=\"button.default\">\n\t\t\t\t<div class=\"elementor-widget-container\">\n\t\t\t\t\t\t\t\t\t<div class=\"elementor-button-wrapper\">\n\t\t\t\t\t<a class=\"elementor-button elementor-button-link elementor-size-sm\" href=\"https:\/\/sorece.org\/maricela\/registro-nuevo\/\">\n\t\t\t\t\t\t<span class=\"elementor-button-content-wrapper\">\n\t\t\t\t\t\t\t\t\t<span class=\"elementor-button-text\">Inicia tu proceso de registro<\/span>\n\t\t\t\t\t<\/span>\n\t\t\t\t\t<\/a>\n\t\t\t\t<\/div>\n\t\t\t\t\t\t\t\t<\/div>\n\t\t\t\t<\/div>\n\t\t\t\t\t<\/div>\n\t\t<\/div>\n\t\t\t\t\t<\/div>\n\t\t<\/section>\n\t\t\t\t<\/div>\n\t\t","protected":false},"excerpt":{"rendered":"<p>La terapia grupal es un espacio donde colectivamente se comparten experiencias. La terapeuta gu\u00eda con preguntas y herramientas para que todas las participantes encuentren recursos internos y externos para abordar la situaci\u00f3n que las llevo al espacio terap\u00e9utico. Creamos un espacio seguro y confidencial donde las personas pueden compartir sus experiencias y encontrar apoyo en [&hellip;]<\/p>\n","protected":false},"author":379,"featured_media":0,"parent":188,"menu_order":0,"comment_status":"closed","ping_status":"closed","template":"elementor_header_footer","meta":{"give_campaign_id":0,"footnotes":""},"class_list":["post-5157","page","type-page","status-publish","hentry"],"yoast_head":"<!-- This site is optimized with the Yoast SEO Premium plugin v21.2 (Yoast SEO v27.1.1) - https:\/\/yoast.com\/product\/yoast-seo-premium-wordpress\/ -->\n<title>Terapia Grupal - Sorece<\/title>\n<meta name=\"description\" content=\"La terapia grupal es un espacio donde colectivamente se comparten experiencias para que todos las participantes encuentren recursos internos y externos para abordar la situaci\u00f3n que las llevo al espacio terap\u00e9utico.\" \/>\n<meta name=\"robots\" content=\"index, follow, max-snippet:-1, max-image-preview:large, max-video-preview:-1\" \/>\n<link rel=\"canonical\" href=\"https:\/\/sorece.org\/maricela\/servicios\/terapia-grupal\/\" \/>\n<meta property=\"og:locale\" content=\"es_ES\" \/>\n<meta property=\"og:type\" content=\"article\" \/>\n<meta property=\"og:title\" content=\"Terapia Grupal\" \/>\n<meta property=\"og:description\" content=\"La terapia grupal es un espacio donde colectivamente se comparten experiencias para que todos las participantes encuentren recursos internos y externos para abordar la situaci\u00f3n que las llevo al espacio terap\u00e9utico.\" \/>\n<meta property=\"og:url\" content=\"https:\/\/sorece.org\/maricela\/servicios\/terapia-grupal\/\" \/>\n<meta property=\"og:site_name\" content=\"Sorece\" \/>\n<meta property=\"article:modified_time\" content=\"2025-02-12T19:51:33+00:00\" \/>\n<meta property=\"og:image\" content=\"https:\/\/sorece.org\/maricela\/wp-content\/uploads\/2023\/10\/sorece-servicios-terapia-grupal-02.png\" \/>\n\t<meta property=\"og:image:width\" content=\"1900\" \/>\n\t<meta property=\"og:image:height\" content=\"1267\" \/>\n\t<meta property=\"og:image:type\" content=\"image\/png\" \/>\n<meta name=\"twitter:card\" content=\"summary_large_image\" \/>\n<meta name=\"twitter:label1\" content=\"Tiempo de lectura\" \/>\n\t<meta name=\"twitter:data1\" content=\"2 minutos\" \/>\n<script type=\"application\/ld+json\" class=\"yoast-schema-graph\">{\"@context\":\"https:\/\/schema.org\",\"@graph\":[{\"@type\":\"WebPage\",\"@id\":\"https:\/\/sorece.org\/maricela\/servicios\/terapia-grupal\/\",\"url\":\"https:\/\/sorece.org\/maricela\/servicios\/terapia-grupal\/\",\"name\":\"Terapia Grupal - Sorece\",\"isPartOf\":{\"@id\":\"https:\/\/sorece.org\/maricela\/#website\"},\"primaryImageOfPage\":{\"@id\":\"https:\/\/sorece.org\/maricela\/servicios\/terapia-grupal\/#primaryimage\"},\"image\":{\"@id\":\"https:\/\/sorece.org\/maricela\/servicios\/terapia-grupal\/#primaryimage\"},\"thumbnailUrl\":\"https:\/\/sorece.org\/maricela\/wp-content\/uploads\/2023\/10\/sorece-servicios-terapia-grupal-02.png\",\"datePublished\":\"2023-10-09T17:54:22+00:00\",\"dateModified\":\"2025-02-12T19:51:33+00:00\",\"description\":\"La terapia grupal es un espacio donde colectivamente se comparten experiencias para que todos las participantes encuentren recursos internos y externos para abordar la situaci\u00f3n que las llevo al espacio terap\u00e9utico.\",\"breadcrumb\":{\"@id\":\"https:\/\/sorece.org\/maricela\/servicios\/terapia-grupal\/#breadcrumb\"},\"inLanguage\":\"es\",\"potentialAction\":[{\"@type\":\"ReadAction\",\"target\":[\"https:\/\/sorece.org\/maricela\/servicios\/terapia-grupal\/\"]}]},{\"@type\":\"ImageObject\",\"inLanguage\":\"es\",\"@id\":\"https:\/\/sorece.org\/maricela\/servicios\/terapia-grupal\/#primaryimage\",\"url\":\"https:\/\/sorece.org\/maricela\/wp-content\/uploads\/2023\/10\/sorece-servicios-terapia-grupal-02.png\",\"contentUrl\":\"https:\/\/sorece.org\/maricela\/wp-content\/uploads\/2023\/10\/sorece-servicios-terapia-grupal-02.png\",\"width\":1900,\"height\":1267},{\"@type\":\"BreadcrumbList\",\"@id\":\"https:\/\/sorece.org\/maricela\/servicios\/terapia-grupal\/#breadcrumb\",\"itemListElement\":[{\"@type\":\"ListItem\",\"position\":1,\"name\":\"Home\",\"item\":\"https:\/\/sorece.org\/maricela\/\"},{\"@type\":\"ListItem\",\"position\":2,\"name\":\"Servicios\",\"item\":\"https:\/\/sorece.org\/maricela\/servicios\/\"},{\"@type\":\"ListItem\",\"position\":3,\"name\":\"Terapia Grupal\"}]},{\"@type\":\"WebSite\",\"@id\":\"https:\/\/sorece.org\/maricela\/#website\",\"url\":\"https:\/\/sorece.org\/maricela\/\",\"name\":\"Sorece\",\"description\":\"Asociaci\u00f3n de Psic\u00f3logas Feminista\",\"publisher\":{\"@id\":\"https:\/\/sorece.org\/maricela\/#organization\"},\"potentialAction\":[{\"@type\":\"SearchAction\",\"target\":{\"@type\":\"EntryPoint\",\"urlTemplate\":\"https:\/\/sorece.org\/maricela\/?s={search_term_string}\"},\"query-input\":{\"@type\":\"PropertyValueSpecification\",\"valueRequired\":true,\"valueName\":\"search_term_string\"}}],\"inLanguage\":\"es\"},{\"@type\":\"Organization\",\"@id\":\"https:\/\/sorece.org\/maricela\/#organization\",\"name\":\"Sorece\",\"url\":\"https:\/\/sorece.org\/maricela\/\",\"logo\":{\"@type\":\"ImageObject\",\"inLanguage\":\"es\",\"@id\":\"https:\/\/sorece.org\/maricela\/#\/schema\/logo\/image\/\",\"url\":\"https:\/\/sorece.org\/maricela\/wp-content\/uploads\/2023\/02\/Sorece-logo-Registrada-1-e1737698924626.png\",\"contentUrl\":\"https:\/\/sorece.org\/maricela\/wp-content\/uploads\/2023\/02\/Sorece-logo-Registrada-1-e1737698924626.png\",\"width\":628,\"height\":730,\"caption\":\"Sorece\"},\"image\":{\"@id\":\"https:\/\/sorece.org\/maricela\/#\/schema\/logo\/image\/\"}}]}<\/script>\n<!-- \/ Yoast SEO Premium plugin. -->","yoast_head_json":{"title":"Terapia Grupal - Sorece","description":"La terapia grupal es un espacio donde colectivamente se comparten experiencias para que todos las participantes encuentren recursos internos y externos para abordar la situaci\u00f3n que las llevo al espacio terap\u00e9utico.","robots":{"index":"index","follow":"follow","max-snippet":"max-snippet:-1","max-image-preview":"max-image-preview:large","max-video-preview":"max-video-preview:-1"},"canonical":"https:\/\/sorece.org\/maricela\/servicios\/terapia-grupal\/","og_locale":"es_ES","og_type":"article","og_title":"Terapia Grupal","og_description":"La terapia grupal es un espacio donde colectivamente se comparten experiencias para que todos las participantes encuentren recursos internos y externos para abordar la situaci\u00f3n que las llevo al espacio terap\u00e9utico.","og_url":"https:\/\/sorece.org\/maricela\/servicios\/terapia-grupal\/","og_site_name":"Sorece","article_modified_time":"2025-02-12T19:51:33+00:00","og_image":[{"width":1900,"height":1267,"url":"https:\/\/sorece.org\/maricela\/wp-content\/uploads\/2023\/10\/sorece-servicios-terapia-grupal-02.png","type":"image\/png"}],"twitter_card":"summary_large_image","twitter_misc":{"Tiempo de lectura":"2 minutos"},"schema":{"@context":"https:\/\/schema.org","@graph":[{"@type":"WebPage","@id":"https:\/\/sorece.org\/maricela\/servicios\/terapia-grupal\/","url":"https:\/\/sorece.org\/maricela\/servicios\/terapia-grupal\/","name":"Terapia Grupal - Sorece","isPartOf":{"@id":"https:\/\/sorece.org\/maricela\/#website"},"primaryImageOfPage":{"@id":"https:\/\/sorece.org\/maricela\/servicios\/terapia-grupal\/#primaryimage"},"image":{"@id":"https:\/\/sorece.org\/maricela\/servicios\/terapia-grupal\/#primaryimage"},"thumbnailUrl":"https:\/\/sorece.org\/maricela\/wp-content\/uploads\/2023\/10\/sorece-servicios-terapia-grupal-02.png","datePublished":"2023-10-09T17:54:22+00:00","dateModified":"2025-02-12T19:51:33+00:00","description":"La terapia grupal es un espacio donde colectivamente se comparten experiencias para que todos las participantes encuentren recursos internos y externos para abordar la situaci\u00f3n que las llevo al espacio terap\u00e9utico.","breadcrumb":{"@id":"https:\/\/sorece.org\/maricela\/servicios\/terapia-grupal\/#breadcrumb"},"inLanguage":"es","potentialAction":[{"@type":"ReadAction","target":["https:\/\/sorece.org\/maricela\/servicios\/terapia-grupal\/"]}]},{"@type":"ImageObject","inLanguage":"es","@id":"https:\/\/sorece.org\/maricela\/servicios\/terapia-grupal\/#primaryimage","url":"https:\/\/sorece.org\/maricela\/wp-content\/uploads\/2023\/10\/sorece-servicios-terapia-grupal-02.png","contentUrl":"https:\/\/sorece.org\/maricela\/wp-content\/uploads\/2023\/10\/sorece-servicios-terapia-grupal-02.png","width":1900,"height":1267},{"@type":"BreadcrumbList","@id":"https:\/\/sorece.org\/maricela\/servicios\/terapia-grupal\/#breadcrumb","itemListElement":[{"@type":"ListItem","position":1,"name":"Home","item":"https:\/\/sorece.org\/maricela\/"},{"@type":"ListItem","position":2,"name":"Servicios","item":"https:\/\/sorece.org\/maricela\/servicios\/"},{"@type":"ListItem","position":3,"name":"Terapia Grupal"}]},{"@type":"WebSite","@id":"https:\/\/sorece.org\/maricela\/#website","url":"https:\/\/sorece.org\/maricela\/","name":"Sorece","description":"Asociaci\u00f3n de Psic\u00f3logas Feminista","publisher":{"@id":"https:\/\/sorece.org\/maricela\/#organization"},"potentialAction":[{"@type":"SearchAction","target":{"@type":"EntryPoint","urlTemplate":"https:\/\/sorece.org\/maricela\/?s={search_term_string}"},"query-input":{"@type":"PropertyValueSpecification","valueRequired":true,"valueName":"search_term_string"}}],"inLanguage":"es"},{"@type":"Organization","@id":"https:\/\/sorece.org\/maricela\/#organization","name":"Sorece","url":"https:\/\/sorece.org\/maricela\/","logo":{"@type":"ImageObject","inLanguage":"es","@id":"https:\/\/sorece.org\/maricela\/#\/schema\/logo\/image\/","url":"https:\/\/sorece.org\/maricela\/wp-content\/uploads\/2023\/02\/Sorece-logo-Registrada-1-e1737698924626.png","contentUrl":"https:\/\/sorece.org\/maricela\/wp-content\/uploads\/2023\/02\/Sorece-logo-Registrada-1-e1737698924626.png","width":628,"height":730,"caption":"Sorece"},"image":{"@id":"https:\/\/sorece.org\/maricela\/#\/schema\/logo\/image\/"}}]}},"campaignId":"","_links":{"self":[{"href":"https:\/\/sorece.org\/maricela\/wp-json\/wp\/v2\/pages\/5157","targetHints":{"allow":["GET"]}}],"collection":[{"href":"https:\/\/sorece.org\/maricela\/wp-json\/wp\/v2\/pages"}],"about":[{"href":"https:\/\/sorece.org\/maricela\/wp-json\/wp\/v2\/types\/page"}],"author":[{"embeddable":true,"href":"https:\/\/sorece.org\/maricela\/wp-json\/wp\/v2\/users\/379"}],"replies":[{"embeddable":true,"href":"https:\/\/sorece.org\/maricela\/wp-json\/wp\/v2\/comments?post=5157"}],"version-history":[{"count":28,"href":"https:\/\/sorece.org\/maricela\/wp-json\/wp\/v2\/pages\/5157\/revisions"}],"predecessor-version":[{"id":18405,"href":"https:\/\/sorece.org\/maricela\/wp-json\/wp\/v2\/pages\/5157\/revisions\/18405"}],"up":[{"embeddable":true,"href":"https:\/\/sorece.org\/maricela\/wp-json\/wp\/v2\/pages\/188"}],"wp:attachment":[{"href":"https:\/\/sorece.org\/maricela\/wp-json\/wp\/v2\/media?parent=5157"}],"curies":[{"name":"wp","href":"https:\/\/api.w.org\/{rel}","templated":true}]}}