{"id":4965,"date":"2023-10-04T09:51:03","date_gmt":"2023-10-04T15:51:03","guid":{"rendered":"https:\/\/sorece.org\/maricela\/?page_id=4965"},"modified":"2025-02-12T13:42:26","modified_gmt":"2025-02-12T19:42:26","slug":"terapia-individual","status":"publish","type":"page","link":"https:\/\/sorece.org\/maricela\/servicios\/terapia-individual\/","title":{"rendered":"Terapia Individual"},"content":{"rendered":"\t\t<div data-elementor-type=\"wp-post\" data-elementor-id=\"4965\" class=\"elementor elementor-4965\" data-elementor-post-type=\"page\">\n\t\t\t\t\t\t<section class=\"elementor-section elementor-top-section elementor-element elementor-element-b7637cf elementor-section-full_width elementor-section-height-min-height elementor-section-height-default elementor-section-items-middle\" data-id=\"b7637cf\" data-element_type=\"section\" data-e-type=\"section\" data-settings=\"{&quot;background_background&quot;:&quot;classic&quot;}\">\n\t\t\t\t\t\t<div class=\"elementor-container elementor-column-gap-default\">\n\t\t\t\t\t<div class=\"elementor-column elementor-col-50 elementor-top-column elementor-element elementor-element-41a54a5\" data-id=\"41a54a5\" data-element_type=\"column\" data-e-type=\"column\">\n\t\t\t<div class=\"elementor-widget-wrap elementor-element-populated\">\n\t\t\t\t\t\t<div class=\"elementor-element elementor-element-6cc16a8 elementor-widget elementor-widget-theme-post-title elementor-page-title elementor-widget-heading\" data-id=\"6cc16a8\" data-element_type=\"widget\" data-e-type=\"widget\" data-widget_type=\"theme-post-title.default\">\n\t\t\t\t<div class=\"elementor-widget-container\">\n\t\t\t\t\t<h1 class=\"elementor-heading-title elementor-size-default\">Terapia Individual<\/h1>\t\t\t\t<\/div>\n\t\t\t\t<\/div>\n\t\t\t\t<div class=\"elementor-element elementor-element-eb12be7 elementor-widget elementor-widget-text-editor\" data-id=\"eb12be7\" data-element_type=\"widget\" data-e-type=\"widget\" data-widget_type=\"text-editor.default\">\n\t\t\t\t<div class=\"elementor-widget-container\">\n\t\t\t\t\t\t\t\t\t<p class=\"p1\">\u00bfLa ansiedad, la depresi\u00f3n y los problemas en las diferentes \u00e1reas de tu vida logran abrumarte?<\/p><p class=\"p1\" style=\"text-align: center;\"><strong>No tienes que enfrentarlos sola\/o\/e.<\/strong><\/p><p class=\"p1\">La terapia individual puede ser una herramienta poderosa para ayudarte a superar estos desaf\u00edos y encontrar el equilibrio emocional que necesitas.<\/p>\t\t\t\t\t\t\t\t<\/div>\n\t\t\t\t<\/div>\n\t\t\t\t<div class=\"elementor-element elementor-element-85e4cb4 elementor-align-center elementor-widget elementor-widget-button\" data-id=\"85e4cb4\" data-element_type=\"widget\" data-e-type=\"widget\" data-widget_type=\"button.default\">\n\t\t\t\t<div class=\"elementor-widget-container\">\n\t\t\t\t\t\t\t\t\t<div class=\"elementor-button-wrapper\">\n\t\t\t\t\t<a class=\"elementor-button elementor-button-link elementor-size-sm\" href=\"https:\/\/sorece.org\/maricela\/registro-nuevo\/\">\n\t\t\t\t\t\t<span class=\"elementor-button-content-wrapper\">\n\t\t\t\t\t\t\t\t\t<span class=\"elementor-button-text\">Inicia tu proceso de registro<\/span>\n\t\t\t\t\t<\/span>\n\t\t\t\t\t<\/a>\n\t\t\t\t<\/div>\n\t\t\t\t\t\t\t\t<\/div>\n\t\t\t\t<\/div>\n\t\t\t\t\t<\/div>\n\t\t<\/div>\n\t\t\t\t<div class=\"elementor-column elementor-col-50 elementor-top-column elementor-element elementor-element-dd2515d\" data-id=\"dd2515d\" data-element_type=\"column\" data-e-type=\"column\">\n\t\t\t<div class=\"elementor-widget-wrap elementor-element-populated\">\n\t\t\t\t\t\t<div class=\"elementor-element elementor-element-8db5b98 elementor-widget elementor-widget-image\" data-id=\"8db5b98\" data-element_type=\"widget\" data-e-type=\"widget\" data-widget_type=\"image.default\">\n\t\t\t\t<div class=\"elementor-widget-container\">\n\t\t\t\t\t\t\t\t\t\t\t\t\t\t\t<img fetchpriority=\"high\" decoding=\"async\" width=\"1900\" height=\"1888\" src=\"https:\/\/sorece.org\/maricela\/wp-content\/uploads\/2023\/10\/sorece-servicios-terapia-individual-03.png\" class=\"attachment-full size-full wp-image-5243\" alt=\"\" srcset=\"https:\/\/sorece.org\/maricela\/wp-content\/uploads\/2023\/10\/sorece-servicios-terapia-individual-03.png 1900w, https:\/\/sorece.org\/maricela\/wp-content\/uploads\/2023\/10\/sorece-servicios-terapia-individual-03-300x298.png 300w, https:\/\/sorece.org\/maricela\/wp-content\/uploads\/2023\/10\/sorece-servicios-terapia-individual-03-1024x1018.png 1024w, https:\/\/sorece.org\/maricela\/wp-content\/uploads\/2023\/10\/sorece-servicios-terapia-individual-03-150x150.png 150w, https:\/\/sorece.org\/maricela\/wp-content\/uploads\/2023\/10\/sorece-servicios-terapia-individual-03-768x763.png 768w, https:\/\/sorece.org\/maricela\/wp-content\/uploads\/2023\/10\/sorece-servicios-terapia-individual-03-1536x1526.png 1536w, https:\/\/sorece.org\/maricela\/wp-content\/uploads\/2023\/10\/sorece-servicios-terapia-individual-03-600x596.png 600w, https:\/\/sorece.org\/maricela\/wp-content\/uploads\/2023\/10\/sorece-servicios-terapia-individual-03-100x100.png 100w\" sizes=\"(max-width: 1900px) 100vw, 1900px\" \/>\t\t\t\t\t\t\t\t\t\t\t\t\t\t\t<\/div>\n\t\t\t\t<\/div>\n\t\t\t\t\t<\/div>\n\t\t<\/div>\n\t\t\t\t\t<\/div>\n\t\t<\/section>\n\t\t\t\t<section class=\"elementor-section elementor-top-section elementor-element elementor-element-1327d3f elementor-section-boxed elementor-section-height-default elementor-section-height-default\" data-id=\"1327d3f\" data-element_type=\"section\" data-e-type=\"section\">\n\t\t\t\t\t\t<div class=\"elementor-container elementor-column-gap-default\">\n\t\t\t\t\t<div class=\"elementor-column elementor-col-100 elementor-top-column elementor-element elementor-element-13e6c12\" data-id=\"13e6c12\" data-element_type=\"column\" data-e-type=\"column\">\n\t\t\t<div class=\"elementor-widget-wrap elementor-element-populated\">\n\t\t\t\t\t\t<div class=\"elementor-element elementor-element-0b89b3c elementor-widget elementor-widget-heading\" data-id=\"0b89b3c\" data-element_type=\"widget\" data-e-type=\"widget\" data-widget_type=\"heading.default\">\n\t\t\t\t<div class=\"elementor-widget-container\">\n\t\t\t\t\t<h2 class=\"elementor-heading-title elementor-size-default\">Con nuestra Terapia Individual estamos contigo<\/h2>\t\t\t\t<\/div>\n\t\t\t\t<\/div>\n\t\t\t\t<div class=\"elementor-element elementor-element-73a8ee5 elementor-widget elementor-widget-text-editor\" data-id=\"73a8ee5\" data-element_type=\"widget\" data-e-type=\"widget\" data-widget_type=\"text-editor.default\">\n\t\t\t\t<div class=\"elementor-widget-container\">\n\t\t\t\t\t\t\t\t\t<p>A trav\u00e9s de nuestras sesiones en l\u00ednea o presenciales, apoyamos a todas\/os\/es aquellas\/os\/es que est\u00e1n pasando por momentos dif\u00edciles en su vida.<\/p><p>Nuestro enfoque es brindarte un espacio seguro y confidencial donde puedas explorar tus pensamientos, sentimientos y preocupaciones sin juicio ni cr\u00edticas.<\/p>\t\t\t\t\t\t\t\t<\/div>\n\t\t\t\t<\/div>\n\t\t\t\t\t<\/div>\n\t\t<\/div>\n\t\t\t\t\t<\/div>\n\t\t<\/section>\n\t\t\t\t<section class=\"elementor-section elementor-top-section elementor-element elementor-element-5c37728 elementor-section-boxed elementor-section-height-default elementor-section-height-default\" data-id=\"5c37728\" data-element_type=\"section\" data-e-type=\"section\" data-settings=\"{&quot;background_background&quot;:&quot;classic&quot;}\">\n\t\t\t\t\t\t<div class=\"elementor-container elementor-column-gap-default\">\n\t\t\t\t\t<div class=\"elementor-column elementor-col-50 elementor-top-column elementor-element elementor-element-bb430fe\" data-id=\"bb430fe\" data-element_type=\"column\" data-e-type=\"column\">\n\t\t\t<div class=\"elementor-widget-wrap elementor-element-populated\">\n\t\t\t\t\t\t<div class=\"elementor-element elementor-element-e09420b elementor-widget elementor-widget-heading\" data-id=\"e09420b\" data-element_type=\"widget\" data-e-type=\"widget\" data-widget_type=\"heading.default\">\n\t\t\t\t<div class=\"elementor-widget-container\">\n\t\t\t\t\t<h2 class=\"elementor-heading-title elementor-size-default\">Somos un equipo de profesionales<\/h2>\t\t\t\t<\/div>\n\t\t\t\t<\/div>\n\t\t\t\t<div class=\"elementor-element elementor-element-e6a92b7 elementor-widget elementor-widget-text-editor\" data-id=\"e6a92b7\" data-element_type=\"widget\" data-e-type=\"widget\" data-widget_type=\"text-editor.default\">\n\t\t\t\t<div class=\"elementor-widget-container\">\n\t\t\t\t\t\t\t\t\t<p class=\"p1\">Nuestras terapeutas expertas trabajar\u00e1n contigo para desarrollar un plan personalizado que se adapte a tus necesidades y objetivos individuales.<\/p><p class=\"p1\">Trabajamos desde diversos enfoques como la terapia sist\u00e9mica, narrativa, humanista, psicoan\u00e1lisis, integrativa o psicosocial, la terapia breve centrada en soluciones o terapia de sesi\u00f3n \u00fanica. Construiremos en conjunto un espacio para pensar\/nos, para observar nuestras relaciones, acciones y afectos desde una \u00f3ptica profunda y consciente de nosotrxs mismxs, un espacio para unir los fragmentos, reconocer los sesgos y puntos ciegos de nuestra narrativa; para modificar pr\u00e1cticas y comportamientos no saludables. Comprenderemos las implicaciones de nuestro contexto en el malestar psicol\u00f3gico que afrontamos d\u00eda a d\u00eda.<\/p>\t\t\t\t\t\t\t\t<\/div>\n\t\t\t\t<\/div>\n\t\t\t\t\t<\/div>\n\t\t<\/div>\n\t\t\t\t<div class=\"elementor-column elementor-col-50 elementor-top-column elementor-element elementor-element-aa44e15\" data-id=\"aa44e15\" data-element_type=\"column\" data-e-type=\"column\">\n\t\t\t<div class=\"elementor-widget-wrap elementor-element-populated\">\n\t\t\t\t\t\t<div class=\"elementor-element elementor-element-8a306f8 elementor-widget elementor-widget-image\" data-id=\"8a306f8\" data-element_type=\"widget\" data-e-type=\"widget\" data-widget_type=\"image.default\">\n\t\t\t\t<div class=\"elementor-widget-container\">\n\t\t\t\t\t\t\t\t\t\t\t\t\t\t\t<img decoding=\"async\" width=\"800\" height=\"510\" src=\"https:\/\/sorece.org\/maricela\/wp-content\/uploads\/2023\/10\/sorece-servicios-terapia-individual-02-1024x653.png\" class=\"attachment-large size-large wp-image-4984\" alt=\"Terapia Individual\" srcset=\"https:\/\/sorece.org\/maricela\/wp-content\/uploads\/2023\/10\/sorece-servicios-terapia-individual-02-1024x653.png 1024w, https:\/\/sorece.org\/maricela\/wp-content\/uploads\/2023\/10\/sorece-servicios-terapia-individual-02-300x191.png 300w, https:\/\/sorece.org\/maricela\/wp-content\/uploads\/2023\/10\/sorece-servicios-terapia-individual-02-768x490.png 768w, https:\/\/sorece.org\/maricela\/wp-content\/uploads\/2023\/10\/sorece-servicios-terapia-individual-02-600x383.png 600w, https:\/\/sorece.org\/maricela\/wp-content\/uploads\/2023\/10\/sorece-servicios-terapia-individual-02.png 1200w\" sizes=\"(max-width: 800px) 100vw, 800px\" \/>\t\t\t\t\t\t\t\t\t\t\t\t\t\t\t<\/div>\n\t\t\t\t<\/div>\n\t\t\t\t\t<\/div>\n\t\t<\/div>\n\t\t\t\t\t<\/div>\n\t\t<\/section>\n\t\t\t\t<section class=\"elementor-section elementor-top-section elementor-element elementor-element-7d9f2e8 elementor-section-boxed elementor-section-height-default elementor-section-height-default\" data-id=\"7d9f2e8\" data-element_type=\"section\" data-e-type=\"section\">\n\t\t\t\t\t\t<div class=\"elementor-container elementor-column-gap-default\">\n\t\t\t\t\t<div class=\"elementor-column elementor-col-100 elementor-top-column elementor-element elementor-element-15fd556\" data-id=\"15fd556\" data-element_type=\"column\" data-e-type=\"column\">\n\t\t\t<div class=\"elementor-widget-wrap elementor-element-populated\">\n\t\t\t\t\t\t<div class=\"elementor-element elementor-element-329502b elementor-widget elementor-widget-heading\" data-id=\"329502b\" data-element_type=\"widget\" data-e-type=\"widget\" data-widget_type=\"heading.default\">\n\t\t\t\t<div class=\"elementor-widget-container\">\n\t\t\t\t\t<h2 class=\"elementor-heading-title elementor-size-default\">Comienza tu proceso de bienestar<\/h2>\t\t\t\t<\/div>\n\t\t\t\t<\/div>\n\t\t\t\t<div class=\"elementor-element elementor-element-cb71efd elementor-widget elementor-widget-text-editor\" data-id=\"cb71efd\" data-element_type=\"widget\" data-e-type=\"widget\" data-widget_type=\"text-editor.default\">\n\t\t\t\t<div class=\"elementor-widget-container\">\n\t\t\t\t\t\t\t\t\t<p>La terapia individual puede ser beneficiosa para una amplia gama de problemas, incluyendo la ansiedad, la depresi\u00f3n, el estr\u00e9s, los traumas pasados, las dificultades en las relaciones y los problemas de autoestima.<\/p><p>No importa cu\u00e1l sea tu situaci\u00f3n, en SORECE te apoyamos y te guiaremos en tu camino hacia el bienestar emocional.<\/p>\t\t\t\t\t\t\t\t<\/div>\n\t\t\t\t<\/div>\n\t\t\t\t<div class=\"elementor-element elementor-element-4c8165d elementor-align-center elementor-widget elementor-widget-button\" data-id=\"4c8165d\" data-element_type=\"widget\" data-e-type=\"widget\" data-widget_type=\"button.default\">\n\t\t\t\t<div class=\"elementor-widget-container\">\n\t\t\t\t\t\t\t\t\t<div class=\"elementor-button-wrapper\">\n\t\t\t\t\t<a class=\"elementor-button elementor-button-link elementor-size-sm\" href=\"https:\/\/sorece.org\/maricela\/registro-nuevo\/\">\n\t\t\t\t\t\t<span class=\"elementor-button-content-wrapper\">\n\t\t\t\t\t\t\t\t\t<span class=\"elementor-button-text\">Inicia tu proceso de registro<\/span>\n\t\t\t\t\t<\/span>\n\t\t\t\t\t<\/a>\n\t\t\t\t<\/div>\n\t\t\t\t\t\t\t\t<\/div>\n\t\t\t\t<\/div>\n\t\t\t\t\t<\/div>\n\t\t<\/div>\n\t\t\t\t\t<\/div>\n\t\t<\/section>\n\t\t\t\t<\/div>\n\t\t","protected":false},"excerpt":{"rendered":"<p>\u00bfLa ansiedad, la depresi\u00f3n y los problemas en las diferentes \u00e1reas de tu vida logran abrumarte? No tienes que enfrentarlos sola\/o\/e. La terapia individual puede ser una herramienta poderosa para ayudarte a superar estos desaf\u00edos y encontrar el equilibrio emocional que necesitas. Inicia tu proceso de registro Con nuestra Terapia Individual estamos contigo A trav\u00e9s [&hellip;]<\/p>\n","protected":false},"author":379,"featured_media":0,"parent":188,"menu_order":0,"comment_status":"closed","ping_status":"closed","template":"elementor_header_footer","meta":{"give_campaign_id":0,"footnotes":""},"class_list":["post-4965","page","type-page","status-publish","hentry"],"yoast_head":"<!-- This site is optimized with the Yoast SEO Premium plugin v21.2 (Yoast SEO v27.1.1) - https:\/\/yoast.com\/product\/yoast-seo-premium-wordpress\/ -->\n<title>Terapia Individual - Sorece<\/title>\n<meta name=\"description\" content=\"La terapia individual puede ser una herramienta poderosa para ayudarte encontrar el equilibrio emocional y el bienestar que necesitas, a superar problemas en tu vida\" \/>\n<meta name=\"robots\" content=\"index, follow, max-snippet:-1, max-image-preview:large, max-video-preview:-1\" \/>\n<link rel=\"canonical\" href=\"https:\/\/sorece.org\/maricela\/servicios\/terapia-individual\/\" \/>\n<meta property=\"og:locale\" content=\"es_ES\" \/>\n<meta property=\"og:type\" content=\"article\" \/>\n<meta property=\"og:title\" content=\"Terapia Individual\" \/>\n<meta property=\"og:description\" content=\"La terapia individual puede ser una herramienta poderosa para ayudarte encontrar el equilibrio emocional y el bienestar que necesitas, a superar problemas en tu vida\" \/>\n<meta property=\"og:url\" content=\"https:\/\/sorece.org\/maricela\/servicios\/terapia-individual\/\" \/>\n<meta property=\"og:site_name\" content=\"Sorece\" \/>\n<meta property=\"article:modified_time\" content=\"2025-02-12T19:42:26+00:00\" \/>\n<meta property=\"og:image\" content=\"https:\/\/sorece.org\/maricela\/wp-content\/uploads\/2023\/10\/sorece-servicios-terapia-individual-03.png\" \/>\n\t<meta property=\"og:image:width\" content=\"1900\" \/>\n\t<meta property=\"og:image:height\" content=\"1888\" \/>\n\t<meta property=\"og:image:type\" content=\"image\/png\" \/>\n<meta name=\"twitter:card\" content=\"summary_large_image\" \/>\n<meta name=\"twitter:label1\" content=\"Tiempo de lectura\" \/>\n\t<meta name=\"twitter:data1\" content=\"2 minutos\" \/>\n<script type=\"application\/ld+json\" class=\"yoast-schema-graph\">{\"@context\":\"https:\/\/schema.org\",\"@graph\":[{\"@type\":\"WebPage\",\"@id\":\"https:\/\/sorece.org\/maricela\/servicios\/terapia-individual\/\",\"url\":\"https:\/\/sorece.org\/maricela\/servicios\/terapia-individual\/\",\"name\":\"Terapia Individual - Sorece\",\"isPartOf\":{\"@id\":\"https:\/\/sorece.org\/maricela\/#website\"},\"primaryImageOfPage\":{\"@id\":\"https:\/\/sorece.org\/maricela\/servicios\/terapia-individual\/#primaryimage\"},\"image\":{\"@id\":\"https:\/\/sorece.org\/maricela\/servicios\/terapia-individual\/#primaryimage\"},\"thumbnailUrl\":\"https:\/\/sorece.org\/maricela\/wp-content\/uploads\/2023\/10\/sorece-servicios-terapia-individual-03.png\",\"datePublished\":\"2023-10-04T15:51:03+00:00\",\"dateModified\":\"2025-02-12T19:42:26+00:00\",\"description\":\"La terapia individual puede ser una herramienta poderosa para ayudarte encontrar el equilibrio emocional y el bienestar que necesitas, a superar problemas en tu vida\",\"breadcrumb\":{\"@id\":\"https:\/\/sorece.org\/maricela\/servicios\/terapia-individual\/#breadcrumb\"},\"inLanguage\":\"es\",\"potentialAction\":[{\"@type\":\"ReadAction\",\"target\":[\"https:\/\/sorece.org\/maricela\/servicios\/terapia-individual\/\"]}]},{\"@type\":\"ImageObject\",\"inLanguage\":\"es\",\"@id\":\"https:\/\/sorece.org\/maricela\/servicios\/terapia-individual\/#primaryimage\",\"url\":\"https:\/\/sorece.org\/maricela\/wp-content\/uploads\/2023\/10\/sorece-servicios-terapia-individual-03.png\",\"contentUrl\":\"https:\/\/sorece.org\/maricela\/wp-content\/uploads\/2023\/10\/sorece-servicios-terapia-individual-03.png\",\"width\":1900,\"height\":1888},{\"@type\":\"BreadcrumbList\",\"@id\":\"https:\/\/sorece.org\/maricela\/servicios\/terapia-individual\/#breadcrumb\",\"itemListElement\":[{\"@type\":\"ListItem\",\"position\":1,\"name\":\"Home\",\"item\":\"https:\/\/sorece.org\/maricela\/\"},{\"@type\":\"ListItem\",\"position\":2,\"name\":\"Servicios\",\"item\":\"https:\/\/sorece.org\/maricela\/servicios\/\"},{\"@type\":\"ListItem\",\"position\":3,\"name\":\"Terapia Individual\"}]},{\"@type\":\"WebSite\",\"@id\":\"https:\/\/sorece.org\/maricela\/#website\",\"url\":\"https:\/\/sorece.org\/maricela\/\",\"name\":\"Sorece\",\"description\":\"Asociaci\u00f3n de Psic\u00f3logas Feminista\",\"publisher\":{\"@id\":\"https:\/\/sorece.org\/maricela\/#organization\"},\"potentialAction\":[{\"@type\":\"SearchAction\",\"target\":{\"@type\":\"EntryPoint\",\"urlTemplate\":\"https:\/\/sorece.org\/maricela\/?s={search_term_string}\"},\"query-input\":{\"@type\":\"PropertyValueSpecification\",\"valueRequired\":true,\"valueName\":\"search_term_string\"}}],\"inLanguage\":\"es\"},{\"@type\":\"Organization\",\"@id\":\"https:\/\/sorece.org\/maricela\/#organization\",\"name\":\"Sorece\",\"url\":\"https:\/\/sorece.org\/maricela\/\",\"logo\":{\"@type\":\"ImageObject\",\"inLanguage\":\"es\",\"@id\":\"https:\/\/sorece.org\/maricela\/#\/schema\/logo\/image\/\",\"url\":\"https:\/\/sorece.org\/maricela\/wp-content\/uploads\/2023\/02\/Sorece-logo-Registrada-1-e1737698924626.png\",\"contentUrl\":\"https:\/\/sorece.org\/maricela\/wp-content\/uploads\/2023\/02\/Sorece-logo-Registrada-1-e1737698924626.png\",\"width\":628,\"height\":730,\"caption\":\"Sorece\"},\"image\":{\"@id\":\"https:\/\/sorece.org\/maricela\/#\/schema\/logo\/image\/\"}}]}<\/script>\n<!-- \/ Yoast SEO Premium plugin. -->","yoast_head_json":{"title":"Terapia Individual - Sorece","description":"La terapia individual puede ser una herramienta poderosa para ayudarte encontrar el equilibrio emocional y el bienestar que necesitas, a superar problemas en tu vida","robots":{"index":"index","follow":"follow","max-snippet":"max-snippet:-1","max-image-preview":"max-image-preview:large","max-video-preview":"max-video-preview:-1"},"canonical":"https:\/\/sorece.org\/maricela\/servicios\/terapia-individual\/","og_locale":"es_ES","og_type":"article","og_title":"Terapia Individual","og_description":"La terapia individual puede ser una herramienta poderosa para ayudarte encontrar el equilibrio emocional y el bienestar que necesitas, a superar problemas en tu vida","og_url":"https:\/\/sorece.org\/maricela\/servicios\/terapia-individual\/","og_site_name":"Sorece","article_modified_time":"2025-02-12T19:42:26+00:00","og_image":[{"width":1900,"height":1888,"url":"https:\/\/sorece.org\/maricela\/wp-content\/uploads\/2023\/10\/sorece-servicios-terapia-individual-03.png","type":"image\/png"}],"twitter_card":"summary_large_image","twitter_misc":{"Tiempo de lectura":"2 minutos"},"schema":{"@context":"https:\/\/schema.org","@graph":[{"@type":"WebPage","@id":"https:\/\/sorece.org\/maricela\/servicios\/terapia-individual\/","url":"https:\/\/sorece.org\/maricela\/servicios\/terapia-individual\/","name":"Terapia Individual - Sorece","isPartOf":{"@id":"https:\/\/sorece.org\/maricela\/#website"},"primaryImageOfPage":{"@id":"https:\/\/sorece.org\/maricela\/servicios\/terapia-individual\/#primaryimage"},"image":{"@id":"https:\/\/sorece.org\/maricela\/servicios\/terapia-individual\/#primaryimage"},"thumbnailUrl":"https:\/\/sorece.org\/maricela\/wp-content\/uploads\/2023\/10\/sorece-servicios-terapia-individual-03.png","datePublished":"2023-10-04T15:51:03+00:00","dateModified":"2025-02-12T19:42:26+00:00","description":"La terapia individual puede ser una herramienta poderosa para ayudarte encontrar el equilibrio emocional y el bienestar que necesitas, a superar problemas en tu vida","breadcrumb":{"@id":"https:\/\/sorece.org\/maricela\/servicios\/terapia-individual\/#breadcrumb"},"inLanguage":"es","potentialAction":[{"@type":"ReadAction","target":["https:\/\/sorece.org\/maricela\/servicios\/terapia-individual\/"]}]},{"@type":"ImageObject","inLanguage":"es","@id":"https:\/\/sorece.org\/maricela\/servicios\/terapia-individual\/#primaryimage","url":"https:\/\/sorece.org\/maricela\/wp-content\/uploads\/2023\/10\/sorece-servicios-terapia-individual-03.png","contentUrl":"https:\/\/sorece.org\/maricela\/wp-content\/uploads\/2023\/10\/sorece-servicios-terapia-individual-03.png","width":1900,"height":1888},{"@type":"BreadcrumbList","@id":"https:\/\/sorece.org\/maricela\/servicios\/terapia-individual\/#breadcrumb","itemListElement":[{"@type":"ListItem","position":1,"name":"Home","item":"https:\/\/sorece.org\/maricela\/"},{"@type":"ListItem","position":2,"name":"Servicios","item":"https:\/\/sorece.org\/maricela\/servicios\/"},{"@type":"ListItem","position":3,"name":"Terapia Individual"}]},{"@type":"WebSite","@id":"https:\/\/sorece.org\/maricela\/#website","url":"https:\/\/sorece.org\/maricela\/","name":"Sorece","description":"Asociaci\u00f3n de Psic\u00f3logas Feminista","publisher":{"@id":"https:\/\/sorece.org\/maricela\/#organization"},"potentialAction":[{"@type":"SearchAction","target":{"@type":"EntryPoint","urlTemplate":"https:\/\/sorece.org\/maricela\/?s={search_term_string}"},"query-input":{"@type":"PropertyValueSpecification","valueRequired":true,"valueName":"search_term_string"}}],"inLanguage":"es"},{"@type":"Organization","@id":"https:\/\/sorece.org\/maricela\/#organization","name":"Sorece","url":"https:\/\/sorece.org\/maricela\/","logo":{"@type":"ImageObject","inLanguage":"es","@id":"https:\/\/sorece.org\/maricela\/#\/schema\/logo\/image\/","url":"https:\/\/sorece.org\/maricela\/wp-content\/uploads\/2023\/02\/Sorece-logo-Registrada-1-e1737698924626.png","contentUrl":"https:\/\/sorece.org\/maricela\/wp-content\/uploads\/2023\/02\/Sorece-logo-Registrada-1-e1737698924626.png","width":628,"height":730,"caption":"Sorece"},"image":{"@id":"https:\/\/sorece.org\/maricela\/#\/schema\/logo\/image\/"}}]}},"campaignId":"","_links":{"self":[{"href":"https:\/\/sorece.org\/maricela\/wp-json\/wp\/v2\/pages\/4965","targetHints":{"allow":["GET"]}}],"collection":[{"href":"https:\/\/sorece.org\/maricela\/wp-json\/wp\/v2\/pages"}],"about":[{"href":"https:\/\/sorece.org\/maricela\/wp-json\/wp\/v2\/types\/page"}],"author":[{"embeddable":true,"href":"https:\/\/sorece.org\/maricela\/wp-json\/wp\/v2\/users\/379"}],"replies":[{"embeddable":true,"href":"https:\/\/sorece.org\/maricela\/wp-json\/wp\/v2\/comments?post=4965"}],"version-history":[{"count":66,"href":"https:\/\/sorece.org\/maricela\/wp-json\/wp\/v2\/pages\/4965\/revisions"}],"predecessor-version":[{"id":18396,"href":"https:\/\/sorece.org\/maricela\/wp-json\/wp\/v2\/pages\/4965\/revisions\/18396"}],"up":[{"embeddable":true,"href":"https:\/\/sorece.org\/maricela\/wp-json\/wp\/v2\/pages\/188"}],"wp:attachment":[{"href":"https:\/\/sorece.org\/maricela\/wp-json\/wp\/v2\/media?parent=4965"}],"curies":[{"name":"wp","href":"https:\/\/api.w.org\/{rel}","templated":true}]}}