{"id":16565,"date":"2024-11-08T18:01:17","date_gmt":"2024-11-09T00:01:17","guid":{"rendered":"https:\/\/sorece.org\/maricela\/?page_id=16565"},"modified":"2025-01-23T20:04:19","modified_gmt":"2025-01-24T02:04:19","slug":"semilleros-de-terapia-feminista","status":"publish","type":"page","link":"https:\/\/sorece.org\/maricela\/recursos\/semilleros-de-terapia-feminista\/","title":{"rendered":"Semilleros de Terapia Feminista"},"content":{"rendered":"\t\t<div data-elementor-type=\"wp-post\" data-elementor-id=\"16565\" class=\"elementor elementor-16565\" data-elementor-post-type=\"page\">\n\t\t\t\t\t\t<section class=\"elementor-section elementor-top-section elementor-element elementor-element-0c3a4bb elementor-section-full_width elementor-section-height-default elementor-section-height-default\" data-id=\"0c3a4bb\" data-element_type=\"section\" data-e-type=\"section\" data-settings=\"{&quot;background_background&quot;:&quot;classic&quot;}\">\n\t\t\t\t\t\t<div class=\"elementor-container elementor-column-gap-default\">\n\t\t\t\t\t<div class=\"elementor-column elementor-col-100 elementor-top-column elementor-element elementor-element-4893a66\" data-id=\"4893a66\" data-element_type=\"column\" data-e-type=\"column\">\n\t\t\t<div class=\"elementor-widget-wrap elementor-element-populated\">\n\t\t\t\t\t\t<div class=\"elementor-element elementor-element-1dbed06 elementor-widget elementor-widget-spacer\" data-id=\"1dbed06\" data-element_type=\"widget\" data-e-type=\"widget\" data-widget_type=\"spacer.default\">\n\t\t\t\t<div class=\"elementor-widget-container\">\n\t\t\t\t\t\t\t<div class=\"elementor-spacer\">\n\t\t\t<div class=\"elementor-spacer-inner\"><\/div>\n\t\t<\/div>\n\t\t\t\t\t\t<\/div>\n\t\t\t\t<\/div>\n\t\t\t\t<div class=\"elementor-element elementor-element-ad1b64d elementor-widget elementor-widget-theme-post-title elementor-page-title elementor-widget-heading\" data-id=\"ad1b64d\" data-element_type=\"widget\" data-e-type=\"widget\" data-widget_type=\"theme-post-title.default\">\n\t\t\t\t<div class=\"elementor-widget-container\">\n\t\t\t\t\t<h1 class=\"elementor-heading-title elementor-size-default\">Semilleros de Terapia Feminista<\/h1>\t\t\t\t<\/div>\n\t\t\t\t<\/div>\n\t\t\t\t<div class=\"elementor-element elementor-element-3308190 elementor-widget elementor-widget-image\" data-id=\"3308190\" data-element_type=\"widget\" data-e-type=\"widget\" data-widget_type=\"image.default\">\n\t\t\t\t<div class=\"elementor-widget-container\">\n\t\t\t\t\t\t\t\t\t\t\t\t\t\t\t<img fetchpriority=\"high\" decoding=\"async\" width=\"2400\" height=\"1280\" src=\"https:\/\/sorece.org\/maricela\/wp-content\/uploads\/2024\/11\/sorece-recursos-semilleros-de-terapia-feminista.webp\" class=\"attachment-full size-full wp-image-16570\" alt=\"\" srcset=\"https:\/\/sorece.org\/maricela\/wp-content\/uploads\/2024\/11\/sorece-recursos-semilleros-de-terapia-feminista.webp 2400w, https:\/\/sorece.org\/maricela\/wp-content\/uploads\/2024\/11\/sorece-recursos-semilleros-de-terapia-feminista-300x160.webp 300w, https:\/\/sorece.org\/maricela\/wp-content\/uploads\/2024\/11\/sorece-recursos-semilleros-de-terapia-feminista-1024x546.webp 1024w, https:\/\/sorece.org\/maricela\/wp-content\/uploads\/2024\/11\/sorece-recursos-semilleros-de-terapia-feminista-768x410.webp 768w, https:\/\/sorece.org\/maricela\/wp-content\/uploads\/2024\/11\/sorece-recursos-semilleros-de-terapia-feminista-1536x819.webp 1536w, https:\/\/sorece.org\/maricela\/wp-content\/uploads\/2024\/11\/sorece-recursos-semilleros-de-terapia-feminista-2048x1092.webp 2048w, https:\/\/sorece.org\/maricela\/wp-content\/uploads\/2024\/11\/sorece-recursos-semilleros-de-terapia-feminista-600x320.webp 600w\" sizes=\"(max-width: 2400px) 100vw, 2400px\" \/>\t\t\t\t\t\t\t\t\t\t\t\t\t\t\t<\/div>\n\t\t\t\t<\/div>\n\t\t\t\t\t<\/div>\n\t\t<\/div>\n\t\t\t\t\t<\/div>\n\t\t<\/section>\n\t\t\t\t<section class=\"elementor-section elementor-top-section elementor-element elementor-element-9d85485 elementor-section-full_width elementor-section-height-default elementor-section-height-default\" data-id=\"9d85485\" data-element_type=\"section\" data-e-type=\"section\" data-settings=\"{&quot;background_background&quot;:&quot;classic&quot;}\">\n\t\t\t\t\t\t<div class=\"elementor-container elementor-column-gap-default\">\n\t\t\t\t\t<div class=\"elementor-column elementor-col-100 elementor-top-column elementor-element elementor-element-17fe3b6\" data-id=\"17fe3b6\" data-element_type=\"column\" data-e-type=\"column\">\n\t\t\t<div class=\"elementor-widget-wrap elementor-element-populated\">\n\t\t\t\t\t\t<div class=\"elementor-element elementor-element-8c92b6f elementor-widget elementor-widget-heading\" data-id=\"8c92b6f\" data-element_type=\"widget\" data-e-type=\"widget\" data-widget_type=\"heading.default\">\n\t\t\t\t<div class=\"elementor-widget-container\">\n\t\t\t\t\t<h2 class=\"elementor-heading-title elementor-size-default\">En Sorece, Asociaci\u00f3n de Psic\u00f3logas Feministas A.C.<\/h2>\t\t\t\t<\/div>\n\t\t\t\t<\/div>\n\t\t\t\t<div class=\"elementor-element elementor-element-abac3b5 elementor-widget elementor-widget-heading\" data-id=\"abac3b5\" data-element_type=\"widget\" data-e-type=\"widget\" data-widget_type=\"heading.default\">\n\t\t\t\t<div class=\"elementor-widget-container\">\n\t\t\t\t\t<h4 class=\"elementor-heading-title elementor-size-default\">Te invitamos a que postules al programa de Semilleros de Terapia Feminista\u00a0<\/h4>\t\t\t\t<\/div>\n\t\t\t\t<\/div>\n\t\t\t\t<div class=\"elementor-element elementor-element-babe09a elementor-widget elementor-widget-heading\" data-id=\"babe09a\" data-element_type=\"widget\" data-e-type=\"widget\" data-widget_type=\"heading.default\">\n\t\t\t\t<div class=\"elementor-widget-container\">\n\t\t\t\t\t<h3 class=\"elementor-heading-title elementor-size-default\">Convocatoria 2025-2026<\/h3>\t\t\t\t<\/div>\n\t\t\t\t<\/div>\n\t\t\t\t<div class=\"elementor-element elementor-element-bdc41a0 elementor-widget elementor-widget-spacer\" data-id=\"bdc41a0\" data-element_type=\"widget\" data-e-type=\"widget\" data-widget_type=\"spacer.default\">\n\t\t\t\t<div class=\"elementor-widget-container\">\n\t\t\t\t\t\t\t<div class=\"elementor-spacer\">\n\t\t\t<div class=\"elementor-spacer-inner\"><\/div>\n\t\t<\/div>\n\t\t\t\t\t\t<\/div>\n\t\t\t\t<\/div>\n\t\t\t\t<div class=\"elementor-element elementor-element-0cb80c1 elementor-widget elementor-widget-text-editor\" data-id=\"0cb80c1\" data-element_type=\"widget\" data-e-type=\"widget\" data-widget_type=\"text-editor.default\">\n\t\t\t\t<div class=\"elementor-widget-container\">\n\t\t\t\t\t\t\t\t\t<div title=\"Page 3\"><div title=\"Page 8\"><p>Periodo de postulaci\u00f3n. La presente convocatoria comienza desde el d\u00eda de su publicaci\u00f3n, el 11 de noviembre del 2024, hasta su cierre el 31 de enero del 2025.<\/p><h4>Objetivo:<\/h4><p>Incidir en la ense\u00f1anza, capacitaci\u00f3n y profesionalizaci\u00f3n en psicoterapia feminista, a trav\u00e9s de un proceso de acompa\u00f1amiento colectivo. Ampliar las fronteras, favoreciendo la atenci\u00f3n de calidad y a costo accesible de poblaciones con poco acceso a la salud mental, en diferentes puntos geogr\u00e1ficos de M\u00e9xico. Cuestionar los paradigmas de la psicoterapia, politizar las pr\u00e1cticas y promover una mirada interseccional en los acompa\u00f1amientos.<\/p><h4>\u00a0<\/h4><h4>Descripci\u00f3n:\u00a0<\/h4><p>El programa de los Semilleros de Terapia Feminista se llevar\u00e1 a cabo en 4 etapas:<\/p><ol><li>Conformaci\u00f3n de grupos<\/li><li>Formaci\u00f3n te\u00f3rica<\/li><li>Pr\u00e1ctica supervisada<\/li><li>R\u00e9plica del modelo<\/li><\/ol><p>La duraci\u00f3n del programa es de un a\u00f1o, con horarios fijos los d\u00edas martes y jueves para la formaci\u00f3n y horarios variables a elegir para la pr\u00e1ctica supervisada.<\/p><p>Se requiere un m\u00ednimo del 90% de asistencia para acreditar el proceso y recibir una constancia con valor curricular (grado de diplomado).<\/p><p>Este proyecto\u00a0 ha sido posible gracias al apoyo de Fondo de Semillas.<\/p><h4>Perfil:<\/h4><ol><li>Escolaridad: licenciatura en psicolog\u00eda o bien, carreras afines con trabajo comunitario o acompa\u00f1amiento. No es necesario tener grado acad\u00e9mico.<\/li><li>Mujeres, personas trans o no binarias.<\/li><li>Que residan en cualquier parte de M\u00e9xico o Latinoam\u00e9rica.<\/li><li>Experiencia en trabajo comunitario, defensa de derechos humanos y\/o acompa\u00f1amiento terap\u00e9utico inserto en un contexto urbano o rural de cualquier estado del pa\u00eds. (No obligatoria).<\/li><li>Acceso a conexi\u00f3n de internet.<\/li><li>Inter\u00e9s en los feminismos, el trabajo comunitario y el acompa\u00f1amiento terap\u00e9utico o psicosocial.<\/li><li style=\"font-size: 20px;\">Disponibilidad de horario los d\u00edas\u00a0<span style=\"font-weight: bold;\">martes<\/span>\u00a0y\u00a0<span style=\"font-weight: bold;\">jueves<\/span>, pueden elegir entre los siguientes horarios:\u00a0<\/li><\/ol><div>\u00a0 \u00a0 \u00a0 \u00a0 * De 10:00 am a 12:30 pm<\/div><div>\u00a0 \u00a0 \u00a0 \u00a0 * O de 19:00 a 21:30 hrs.<\/div><h4>\u00a0<\/h4><h4>Requisitos:<\/h4><ul><li>T\u00edtulo de grado(s) y documentos probatorios\u00a0 de formaci\u00f3n y \/o especialidades<\/li><li>Carta motivos<\/li><li>2 cartas de recomendaci\u00f3n<\/li><li>Carta de respaldo en caso de trabajar en una organizaci\u00f3n o colectiva.<\/li><li>Llenar el formulario de inscripci\u00f3n:<\/li><\/ul><div>\u00a0<\/div><div>Cabe mencionar que todos los requisitos son deseables pero no obligatorios, en caso de cubrir alguno de los puntos mencionados, puedes comentarlo en tu carta de motivos<\/div><\/div><\/div>\t\t\t\t\t\t\t\t<\/div>\n\t\t\t\t<\/div>\n\t\t\t\t<div class=\"elementor-element elementor-element-ed743ac elementor-widget elementor-widget-text-editor\" data-id=\"ed743ac\" data-element_type=\"widget\" data-e-type=\"widget\" data-widget_type=\"text-editor.default\">\n\t\t\t\t<div class=\"elementor-widget-container\">\n\t\t\t\t\t\t\t\t\t<div class=\"page\" title=\"Page 3\">\n<div class=\"layoutArea\">\n<div class=\"column\">\n<div class=\"page\" title=\"Page 8\">\n<div class=\"layoutArea\">\n<div class=\"column\">\n<h4>&nbsp;<\/h4>\n<h4 class=\"p9\">Etapas de selecci\u00f3n de aspirantes:<\/h4>\n<p class=\"p9\"><strong>Primera:<\/strong><\/p>\n<p class=\"p9\" style=\"padding-left: 40px;\">Publicaci\u00f3n de Convocatoria: 11 de noviembre<\/p>\n<p class=\"p9\" style=\"padding-left: 40px;\">Cierre de recepci\u00f3n de solicitudes: 31 de enero<\/p>\n<p class=\"p9\" style=\"padding-left: 40px;\">Publicaci\u00f3n de resultados: 01 de febrero<\/p>\n<p class=\"p9\"><strong>Segunda:<\/strong><\/p>\n<p class=\"p9\" style=\"padding-left: 40px;\">Reuni\u00f3n informativa grupal: 4 de febrero<\/p>\n<p class=\"p9\" style=\"padding-left: 40px;\">Entrevistas individuales y por grupos: del 5 al 18 de febrero<\/p>\n<h4>&nbsp;<\/h4>\n<h4 class=\"p9\">Fechas importantes:<\/h4>\n<p class=\"p9\">Proceso de formaci\u00f3n te\u00f3rica-pr\u00e1ctica del <b>25 de febrero al 10 de marzo de 2026<\/b><\/p>\n<h4 class=\"p9\"><b>&nbsp;<\/b><\/h4>\n<h4 class=\"p9\"><b>Contenidos generales:<\/b><\/h4>\n<p class=\"p9\">Terapia de Sesi\u00f3n \u00danica y Equipos Reflexivo<span class=\"s8\">s<\/span><\/p>\n<p class=\"p9\">Terapia Breve Centrada en Soluciones<\/p>\n<p class=\"p9\">Terapia Narrativa<\/p>\n<p class=\"p9\">Terapia Feminista<\/p>\n<p class=\"p9\">Acompa\u00f1amiento Psicosocial a v\u00edctimas de violencia de g\u00e9nero<\/p>\n<p class=\"p9\">Primeros Auxilios Psicol\u00f3gicos<\/p>\n<p class=\"p11\"><span class=\"s2\">&nbsp;<\/span><\/p>\n<p class=\"p11\"><span class=\"s2\">Para mayor informaci\u00f3n: <\/span><b>clinicsol.sorece@gmail.com<\/b><b><\/b><\/p>\n<\/div>\n<\/div>\n<\/div>\n<\/div>\n<\/div>\n<\/div>\t\t\t\t\t\t\t\t<\/div>\n\t\t\t\t<\/div>\n\t\t\t\t<div class=\"elementor-element elementor-element-1ab011d elementor-align-center elementor-widget elementor-widget-button\" data-id=\"1ab011d\" data-element_type=\"widget\" data-e-type=\"widget\" data-widget_type=\"button.default\">\n\t\t\t\t<div class=\"elementor-widget-container\">\n\t\t\t\t\t\t\t\t\t<div class=\"elementor-button-wrapper\">\n\t\t\t\t\t<a class=\"elementor-button elementor-button-link elementor-size-sm\" href=\"https:\/\/docs.google.com\/forms\/d\/e\/1FAIpQLSeiVIGAX3tp3WWIvKaoHdwXsFFILQ88UouEppL33watRTyWpg\/viewform?usp=sf_link\">\n\t\t\t\t\t\t<span class=\"elementor-button-content-wrapper\">\n\t\t\t\t\t\t\t\t\t<span class=\"elementor-button-text\">Formulario de inscripci\u00f3n<\/span>\n\t\t\t\t\t<\/span>\n\t\t\t\t\t<\/a>\n\t\t\t\t<\/div>\n\t\t\t\t\t\t\t\t<\/div>\n\t\t\t\t<\/div>\n\t\t\t\t<div class=\"elementor-element elementor-element-a140704 elementor-hidden-mobile elementor-widget elementor-widget-spacer\" data-id=\"a140704\" data-element_type=\"widget\" data-e-type=\"widget\" data-widget_type=\"spacer.default\">\n\t\t\t\t<div class=\"elementor-widget-container\">\n\t\t\t\t\t\t\t<div class=\"elementor-spacer\">\n\t\t\t<div class=\"elementor-spacer-inner\"><\/div>\n\t\t<\/div>\n\t\t\t\t\t\t<\/div>\n\t\t\t\t<\/div>\n\t\t\t\t\t<\/div>\n\t\t<\/div>\n\t\t\t\t\t<\/div>\n\t\t<\/section>\n\t\t\t\t<\/div>\n\t\t","protected":false},"excerpt":{"rendered":"<p>En Sorece, Asociaci\u00f3n de Psic\u00f3logas Feministas A.C. Te invitamos a que postules al programa de Semilleros de Terapia Feminista\u00a0 Convocatoria 2025-2026 Periodo de postulaci\u00f3n. La presente convocatoria comienza desde el d\u00eda de su publicaci\u00f3n, el 11 de noviembre del 2024, hasta su cierre el 31 de enero del 2025. Objetivo: Incidir en la ense\u00f1anza, capacitaci\u00f3n [&hellip;]<\/p>\n","protected":false},"author":379,"featured_media":0,"parent":8512,"menu_order":0,"comment_status":"closed","ping_status":"closed","template":"elementor_header_footer","meta":{"give_campaign_id":0,"footnotes":""},"class_list":["post-16565","page","type-page","status-publish","hentry"],"yoast_head":"<!-- This site is optimized with the Yoast SEO Premium plugin v21.2 (Yoast SEO v27.1.1) - https:\/\/yoast.com\/product\/yoast-seo-premium-wordpress\/ -->\n<title>Semilleros de Terapia Feminista - Sorece<\/title>\n<meta name=\"description\" content=\"Periodo de postulaci\u00f3n. La presente convocatoria comienza desde el d\u00eda de su publicaci\u00f3n, el 11 de noviembre del 2024, hasta su cierre el 13 de enero del 2025.\" \/>\n<meta name=\"robots\" content=\"index, follow, max-snippet:-1, max-image-preview:large, max-video-preview:-1\" \/>\n<link rel=\"canonical\" href=\"https:\/\/sorece.org\/maricela\/recursos\/semilleros-de-terapia-feminista\/\" \/>\n<meta property=\"og:locale\" content=\"es_ES\" \/>\n<meta property=\"og:type\" content=\"article\" \/>\n<meta property=\"og:title\" content=\"Semilleros de Terapia Feminista\" \/>\n<meta property=\"og:description\" content=\"Periodo de postulaci\u00f3n. La presente convocatoria comienza desde el d\u00eda de su publicaci\u00f3n, el 11 de noviembre del 2024, hasta su cierre el 13 de enero del 2025.\" \/>\n<meta property=\"og:url\" content=\"https:\/\/sorece.org\/maricela\/recursos\/semilleros-de-terapia-feminista\/\" \/>\n<meta property=\"og:site_name\" content=\"Sorece\" \/>\n<meta property=\"article:modified_time\" content=\"2025-01-24T02:04:19+00:00\" \/>\n<meta property=\"og:image\" content=\"https:\/\/sorece.org\/maricela\/wp-content\/uploads\/2024\/11\/sorece-recursos-semilleros-de-terapia-feminista.webp\" \/>\n<meta name=\"twitter:card\" content=\"summary_large_image\" \/>\n<meta name=\"twitter:label1\" content=\"Tiempo de lectura\" \/>\n\t<meta name=\"twitter:data1\" content=\"3 minutos\" \/>\n<script type=\"application\/ld+json\" class=\"yoast-schema-graph\">{\"@context\":\"https:\/\/schema.org\",\"@graph\":[{\"@type\":\"WebPage\",\"@id\":\"https:\/\/sorece.org\/maricela\/recursos\/semilleros-de-terapia-feminista\/\",\"url\":\"https:\/\/sorece.org\/maricela\/recursos\/semilleros-de-terapia-feminista\/\",\"name\":\"Semilleros de Terapia Feminista - Sorece\",\"isPartOf\":{\"@id\":\"https:\/\/sorece.org\/maricela\/#website\"},\"primaryImageOfPage\":{\"@id\":\"https:\/\/sorece.org\/maricela\/recursos\/semilleros-de-terapia-feminista\/#primaryimage\"},\"image\":{\"@id\":\"https:\/\/sorece.org\/maricela\/recursos\/semilleros-de-terapia-feminista\/#primaryimage\"},\"thumbnailUrl\":\"https:\/\/sorece.org\/maricela\/wp-content\/uploads\/2024\/11\/sorece-recursos-semilleros-de-terapia-feminista.webp\",\"datePublished\":\"2024-11-09T00:01:17+00:00\",\"dateModified\":\"2025-01-24T02:04:19+00:00\",\"description\":\"Periodo de postulaci\u00f3n. La presente convocatoria comienza desde el d\u00eda de su publicaci\u00f3n, el 11 de noviembre del 2024, hasta su cierre el 13 de enero del 2025.\",\"breadcrumb\":{\"@id\":\"https:\/\/sorece.org\/maricela\/recursos\/semilleros-de-terapia-feminista\/#breadcrumb\"},\"inLanguage\":\"es\",\"potentialAction\":[{\"@type\":\"ReadAction\",\"target\":[\"https:\/\/sorece.org\/maricela\/recursos\/semilleros-de-terapia-feminista\/\"]}]},{\"@type\":\"ImageObject\",\"inLanguage\":\"es\",\"@id\":\"https:\/\/sorece.org\/maricela\/recursos\/semilleros-de-terapia-feminista\/#primaryimage\",\"url\":\"https:\/\/sorece.org\/maricela\/wp-content\/uploads\/2024\/11\/sorece-recursos-semilleros-de-terapia-feminista.webp\",\"contentUrl\":\"https:\/\/sorece.org\/maricela\/wp-content\/uploads\/2024\/11\/sorece-recursos-semilleros-de-terapia-feminista.webp\",\"width\":2400,\"height\":1280},{\"@type\":\"BreadcrumbList\",\"@id\":\"https:\/\/sorece.org\/maricela\/recursos\/semilleros-de-terapia-feminista\/#breadcrumb\",\"itemListElement\":[{\"@type\":\"ListItem\",\"position\":1,\"name\":\"Home\",\"item\":\"https:\/\/sorece.org\/maricela\/\"},{\"@type\":\"ListItem\",\"position\":2,\"name\":\"Recursos\",\"item\":\"https:\/\/sorece.org\/maricela\/recursos\/\"},{\"@type\":\"ListItem\",\"position\":3,\"name\":\"Semilleros de Terapia Feminista\"}]},{\"@type\":\"WebSite\",\"@id\":\"https:\/\/sorece.org\/maricela\/#website\",\"url\":\"https:\/\/sorece.org\/maricela\/\",\"name\":\"Sorece\",\"description\":\"Asociaci\u00f3n de Psic\u00f3logas Feminista\",\"publisher\":{\"@id\":\"https:\/\/sorece.org\/maricela\/#organization\"},\"potentialAction\":[{\"@type\":\"SearchAction\",\"target\":{\"@type\":\"EntryPoint\",\"urlTemplate\":\"https:\/\/sorece.org\/maricela\/?s={search_term_string}\"},\"query-input\":{\"@type\":\"PropertyValueSpecification\",\"valueRequired\":true,\"valueName\":\"search_term_string\"}}],\"inLanguage\":\"es\"},{\"@type\":\"Organization\",\"@id\":\"https:\/\/sorece.org\/maricela\/#organization\",\"name\":\"Sorece\",\"url\":\"https:\/\/sorece.org\/maricela\/\",\"logo\":{\"@type\":\"ImageObject\",\"inLanguage\":\"es\",\"@id\":\"https:\/\/sorece.org\/maricela\/#\/schema\/logo\/image\/\",\"url\":\"https:\/\/sorece.org\/maricela\/wp-content\/uploads\/2023\/02\/Sorece-logo-Registrada-1-e1737698924626.png\",\"contentUrl\":\"https:\/\/sorece.org\/maricela\/wp-content\/uploads\/2023\/02\/Sorece-logo-Registrada-1-e1737698924626.png\",\"width\":628,\"height\":730,\"caption\":\"Sorece\"},\"image\":{\"@id\":\"https:\/\/sorece.org\/maricela\/#\/schema\/logo\/image\/\"}}]}<\/script>\n<!-- \/ Yoast SEO Premium plugin. -->","yoast_head_json":{"title":"Semilleros de Terapia Feminista - Sorece","description":"Periodo de postulaci\u00f3n. La presente convocatoria comienza desde el d\u00eda de su publicaci\u00f3n, el 11 de noviembre del 2024, hasta su cierre el 13 de enero del 2025.","robots":{"index":"index","follow":"follow","max-snippet":"max-snippet:-1","max-image-preview":"max-image-preview:large","max-video-preview":"max-video-preview:-1"},"canonical":"https:\/\/sorece.org\/maricela\/recursos\/semilleros-de-terapia-feminista\/","og_locale":"es_ES","og_type":"article","og_title":"Semilleros de Terapia Feminista","og_description":"Periodo de postulaci\u00f3n. La presente convocatoria comienza desde el d\u00eda de su publicaci\u00f3n, el 11 de noviembre del 2024, hasta su cierre el 13 de enero del 2025.","og_url":"https:\/\/sorece.org\/maricela\/recursos\/semilleros-de-terapia-feminista\/","og_site_name":"Sorece","article_modified_time":"2025-01-24T02:04:19+00:00","og_image":[{"url":"https:\/\/sorece.org\/maricela\/wp-content\/uploads\/2024\/11\/sorece-recursos-semilleros-de-terapia-feminista.webp","type":"","width":"","height":""}],"twitter_card":"summary_large_image","twitter_misc":{"Tiempo de lectura":"3 minutos"},"schema":{"@context":"https:\/\/schema.org","@graph":[{"@type":"WebPage","@id":"https:\/\/sorece.org\/maricela\/recursos\/semilleros-de-terapia-feminista\/","url":"https:\/\/sorece.org\/maricela\/recursos\/semilleros-de-terapia-feminista\/","name":"Semilleros de Terapia Feminista - Sorece","isPartOf":{"@id":"https:\/\/sorece.org\/maricela\/#website"},"primaryImageOfPage":{"@id":"https:\/\/sorece.org\/maricela\/recursos\/semilleros-de-terapia-feminista\/#primaryimage"},"image":{"@id":"https:\/\/sorece.org\/maricela\/recursos\/semilleros-de-terapia-feminista\/#primaryimage"},"thumbnailUrl":"https:\/\/sorece.org\/maricela\/wp-content\/uploads\/2024\/11\/sorece-recursos-semilleros-de-terapia-feminista.webp","datePublished":"2024-11-09T00:01:17+00:00","dateModified":"2025-01-24T02:04:19+00:00","description":"Periodo de postulaci\u00f3n. La presente convocatoria comienza desde el d\u00eda de su publicaci\u00f3n, el 11 de noviembre del 2024, hasta su cierre el 13 de enero del 2025.","breadcrumb":{"@id":"https:\/\/sorece.org\/maricela\/recursos\/semilleros-de-terapia-feminista\/#breadcrumb"},"inLanguage":"es","potentialAction":[{"@type":"ReadAction","target":["https:\/\/sorece.org\/maricela\/recursos\/semilleros-de-terapia-feminista\/"]}]},{"@type":"ImageObject","inLanguage":"es","@id":"https:\/\/sorece.org\/maricela\/recursos\/semilleros-de-terapia-feminista\/#primaryimage","url":"https:\/\/sorece.org\/maricela\/wp-content\/uploads\/2024\/11\/sorece-recursos-semilleros-de-terapia-feminista.webp","contentUrl":"https:\/\/sorece.org\/maricela\/wp-content\/uploads\/2024\/11\/sorece-recursos-semilleros-de-terapia-feminista.webp","width":2400,"height":1280},{"@type":"BreadcrumbList","@id":"https:\/\/sorece.org\/maricela\/recursos\/semilleros-de-terapia-feminista\/#breadcrumb","itemListElement":[{"@type":"ListItem","position":1,"name":"Home","item":"https:\/\/sorece.org\/maricela\/"},{"@type":"ListItem","position":2,"name":"Recursos","item":"https:\/\/sorece.org\/maricela\/recursos\/"},{"@type":"ListItem","position":3,"name":"Semilleros de Terapia Feminista"}]},{"@type":"WebSite","@id":"https:\/\/sorece.org\/maricela\/#website","url":"https:\/\/sorece.org\/maricela\/","name":"Sorece","description":"Asociaci\u00f3n de Psic\u00f3logas Feminista","publisher":{"@id":"https:\/\/sorece.org\/maricela\/#organization"},"potentialAction":[{"@type":"SearchAction","target":{"@type":"EntryPoint","urlTemplate":"https:\/\/sorece.org\/maricela\/?s={search_term_string}"},"query-input":{"@type":"PropertyValueSpecification","valueRequired":true,"valueName":"search_term_string"}}],"inLanguage":"es"},{"@type":"Organization","@id":"https:\/\/sorece.org\/maricela\/#organization","name":"Sorece","url":"https:\/\/sorece.org\/maricela\/","logo":{"@type":"ImageObject","inLanguage":"es","@id":"https:\/\/sorece.org\/maricela\/#\/schema\/logo\/image\/","url":"https:\/\/sorece.org\/maricela\/wp-content\/uploads\/2023\/02\/Sorece-logo-Registrada-1-e1737698924626.png","contentUrl":"https:\/\/sorece.org\/maricela\/wp-content\/uploads\/2023\/02\/Sorece-logo-Registrada-1-e1737698924626.png","width":628,"height":730,"caption":"Sorece"},"image":{"@id":"https:\/\/sorece.org\/maricela\/#\/schema\/logo\/image\/"}}]}},"campaignId":"","_links":{"self":[{"href":"https:\/\/sorece.org\/maricela\/wp-json\/wp\/v2\/pages\/16565","targetHints":{"allow":["GET"]}}],"collection":[{"href":"https:\/\/sorece.org\/maricela\/wp-json\/wp\/v2\/pages"}],"about":[{"href":"https:\/\/sorece.org\/maricela\/wp-json\/wp\/v2\/types\/page"}],"author":[{"embeddable":true,"href":"https:\/\/sorece.org\/maricela\/wp-json\/wp\/v2\/users\/379"}],"replies":[{"embeddable":true,"href":"https:\/\/sorece.org\/maricela\/wp-json\/wp\/v2\/comments?post=16565"}],"version-history":[{"count":37,"href":"https:\/\/sorece.org\/maricela\/wp-json\/wp\/v2\/pages\/16565\/revisions"}],"predecessor-version":[{"id":17896,"href":"https:\/\/sorece.org\/maricela\/wp-json\/wp\/v2\/pages\/16565\/revisions\/17896"}],"up":[{"embeddable":true,"href":"https:\/\/sorece.org\/maricela\/wp-json\/wp\/v2\/pages\/8512"}],"wp:attachment":[{"href":"https:\/\/sorece.org\/maricela\/wp-json\/wp\/v2\/media?parent=16565"}],"curies":[{"name":"wp","href":"https:\/\/api.w.org\/{rel}","templated":true}]}}